{"id":10430,"date":"2024-06-05T10:16:43","date_gmt":"2024-06-05T08:16:43","guid":{"rendered":"https:\/\/gestaltung.architektur.uni-siegen.de\/?page_id=10430"},"modified":"2025-08-28T10:57:01","modified_gmt":"2025-08-28T08:57:01","slug":"archiv_ss_24_vernissage_ex-jugoslavija-kursion","status":"publish","type":"page","link":"https:\/\/gestaltung.architektur.uni-siegen.de\/index.php\/archiv_ss_24_vernissage_ex-jugoslavija-kursion\/","title":{"rendered":"ARCHIV_SS_24_VERNISSAGE_EX-JUGOSLAVIJA-KURSION"},"content":{"rendered":"\t\t<div data-elementor-type=\"wp-page\" data-elementor-id=\"10430\" class=\"elementor elementor-10430\">\n\t\t\t\t\t\t<section class=\"elementor-section elementor-top-section elementor-element elementor-element-6da34f37 elementor-section-boxed elementor-section-height-default elementor-section-height-default\" data-id=\"6da34f37\" data-element_type=\"section\" data-e-type=\"section\">\n\t\t\t\t\t\t<div class=\"elementor-container elementor-column-gap-default\">\n\t\t\t\t\t<div class=\"elementor-column elementor-col-100 elementor-top-column elementor-element elementor-element-479b6292\" data-id=\"479b6292\" data-element_type=\"column\" data-e-type=\"column\">\n\t\t\t<div class=\"elementor-widget-wrap elementor-element-populated\">\n\t\t\t\t\t\t<div class=\"elementor-element elementor-element-68b5c49 elementor-widget elementor-widget-heading\" data-id=\"68b5c49\" data-element_type=\"widget\" data-e-type=\"widget\" data-widget_type=\"heading.default\">\n\t\t\t\t<div class=\"elementor-widget-container\">\n\t\t\t\t\t<h2 class=\"elementor-heading-title elementor-size-default\">Vernissage EX-JUGOSLAVIJA-KURSION\n<\/h2>\t\t\t\t<\/div>\n\t\t\t\t<\/div>\n\t\t\t\t\t<\/div>\n\t\t<\/div>\n\t\t\t\t\t<\/div>\n\t\t<\/section>\n\t\t\t\t<section class=\"elementor-section elementor-top-section elementor-element elementor-element-0aa71c7 elementor-section-boxed elementor-section-height-default elementor-section-height-default\" data-id=\"0aa71c7\" data-element_type=\"section\" data-e-type=\"section\">\n\t\t\t\t\t\t<div class=\"elementor-container elementor-column-gap-default\">\n\t\t\t\t\t<div class=\"elementor-column elementor-col-25 elementor-top-column elementor-element elementor-element-183607a\" data-id=\"183607a\" data-element_type=\"column\" data-e-type=\"column\">\n\t\t\t<div class=\"elementor-widget-wrap elementor-element-populated\">\n\t\t\t\t\t\t<div class=\"elementor-element elementor-element-b0946f1 elementor-widget elementor-widget-image\" data-id=\"b0946f1\" data-element_type=\"widget\" data-e-type=\"widget\" data-widget_type=\"image.default\">\n\t\t\t\t<div class=\"elementor-widget-container\">\n\t\t\t\t\t\t\t\t\t\t\t\t\t\t\t<img fetchpriority=\"high\" decoding=\"async\" width=\"695\" height=\"1024\" src=\"https:\/\/gestaltung.architektur.uni-siegen.de\/wp-content\/uploads\/2024\/06\/yu_orange-1-695x1024.jpg\" class=\"attachment-large size-large wp-image-10426\" alt=\"\" srcset=\"https:\/\/gestaltung.architektur.uni-siegen.de\/wp-content\/uploads\/2024\/06\/yu_orange-1-695x1024.jpg 695w, https:\/\/gestaltung.architektur.uni-siegen.de\/wp-content\/uploads\/2024\/06\/yu_orange-1-204x300.jpg 204w, https:\/\/gestaltung.architektur.uni-siegen.de\/wp-content\/uploads\/2024\/06\/yu_orange-1-768x1132.jpg 768w, https:\/\/gestaltung.architektur.uni-siegen.de\/wp-content\/uploads\/2024\/06\/yu_orange-1.jpg 814w\" sizes=\"(max-width: 695px) 100vw, 695px\" \/>\t\t\t\t\t\t\t\t\t\t\t\t\t\t\t<\/div>\n\t\t\t\t<\/div>\n\t\t\t\t\t<\/div>\n\t\t<\/div>\n\t\t\t\t<div class=\"elementor-column elementor-col-25 elementor-top-column elementor-element elementor-element-317d148\" data-id=\"317d148\" data-element_type=\"column\" data-e-type=\"column\">\n\t\t\t<div class=\"elementor-widget-wrap elementor-element-populated\">\n\t\t\t\t\t\t<div class=\"elementor-element elementor-element-6b2b9be elementor-widget elementor-widget-image\" data-id=\"6b2b9be\" data-element_type=\"widget\" data-e-type=\"widget\" data-widget_type=\"image.default\">\n\t\t\t\t<div class=\"elementor-widget-container\">\n\t\t\t\t\t\t\t\t\t\t\t\t\t\t\t<img decoding=\"async\" width=\"695\" height=\"1024\" src=\"https:\/\/gestaltung.architektur.uni-siegen.de\/wp-content\/uploads\/2024\/06\/yu_gruen-2-695x1024.jpg\" class=\"attachment-large size-large wp-image-10427\" alt=\"\" srcset=\"https:\/\/gestaltung.architektur.uni-siegen.de\/wp-content\/uploads\/2024\/06\/yu_gruen-2-695x1024.jpg 695w, https:\/\/gestaltung.architektur.uni-siegen.de\/wp-content\/uploads\/2024\/06\/yu_gruen-2-204x300.jpg 204w, https:\/\/gestaltung.architektur.uni-siegen.de\/wp-content\/uploads\/2024\/06\/yu_gruen-2-768x1132.jpg 768w, https:\/\/gestaltung.architektur.uni-siegen.de\/wp-content\/uploads\/2024\/06\/yu_gruen-2.jpg 814w\" sizes=\"(max-width: 695px) 100vw, 695px\" \/>\t\t\t\t\t\t\t\t\t\t\t\t\t\t\t<\/div>\n\t\t\t\t<\/div>\n\t\t\t\t\t<\/div>\n\t\t<\/div>\n\t\t\t\t<div class=\"elementor-column elementor-col-25 elementor-top-column elementor-element elementor-element-d66d9d4\" data-id=\"d66d9d4\" data-element_type=\"column\" data-e-type=\"column\">\n\t\t\t<div class=\"elementor-widget-wrap elementor-element-populated\">\n\t\t\t\t\t\t<div class=\"elementor-element elementor-element-83709ab elementor-widget elementor-widget-image\" data-id=\"83709ab\" data-element_type=\"widget\" data-e-type=\"widget\" data-widget_type=\"image.default\">\n\t\t\t\t<div class=\"elementor-widget-container\">\n\t\t\t\t\t\t\t\t\t\t\t\t\t\t\t<img decoding=\"async\" width=\"695\" height=\"1024\" src=\"https:\/\/gestaltung.architektur.uni-siegen.de\/wp-content\/uploads\/2024\/06\/yu_blau-1-695x1024.jpg\" class=\"attachment-large size-large wp-image-10441\" alt=\"\" srcset=\"https:\/\/gestaltung.architektur.uni-siegen.de\/wp-content\/uploads\/2024\/06\/yu_blau-1-695x1024.jpg 695w, https:\/\/gestaltung.architektur.uni-siegen.de\/wp-content\/uploads\/2024\/06\/yu_blau-1-204x300.jpg 204w, https:\/\/gestaltung.architektur.uni-siegen.de\/wp-content\/uploads\/2024\/06\/yu_blau-1-768x1132.jpg 768w, https:\/\/gestaltung.architektur.uni-siegen.de\/wp-content\/uploads\/2024\/06\/yu_blau-1.jpg 814w\" sizes=\"(max-width: 695px) 100vw, 695px\" \/>\t\t\t\t\t\t\t\t\t\t\t\t\t\t\t<\/div>\n\t\t\t\t<\/div>\n\t\t\t\t\t<\/div>\n\t\t<\/div>\n\t\t\t\t<div class=\"elementor-column elementor-col-25 elementor-top-column elementor-element elementor-element-2e70d72\" data-id=\"2e70d72\" data-element_type=\"column\" data-e-type=\"column\">\n\t\t\t<div class=\"elementor-widget-wrap elementor-element-populated\">\n\t\t\t\t\t\t<div class=\"elementor-element elementor-element-1464716 elementor-widget elementor-widget-image\" data-id=\"1464716\" data-element_type=\"widget\" data-e-type=\"widget\" data-widget_type=\"image.default\">\n\t\t\t\t<div class=\"elementor-widget-container\">\n\t\t\t\t\t\t\t\t\t\t\t\t\t\t\t<img loading=\"lazy\" decoding=\"async\" width=\"695\" height=\"1024\" src=\"https:\/\/gestaltung.architektur.uni-siegen.de\/wp-content\/uploads\/2024\/06\/yu_gelb-695x1024.jpg\" class=\"attachment-large size-large wp-image-10428\" alt=\"\" srcset=\"https:\/\/gestaltung.architektur.uni-siegen.de\/wp-content\/uploads\/2024\/06\/yu_gelb-695x1024.jpg 695w, https:\/\/gestaltung.architektur.uni-siegen.de\/wp-content\/uploads\/2024\/06\/yu_gelb-204x300.jpg 204w, https:\/\/gestaltung.architektur.uni-siegen.de\/wp-content\/uploads\/2024\/06\/yu_gelb-768x1132.jpg 768w, https:\/\/gestaltung.architektur.uni-siegen.de\/wp-content\/uploads\/2024\/06\/yu_gelb.jpg 814w\" sizes=\"(max-width: 695px) 100vw, 695px\" \/>\t\t\t\t\t\t\t\t\t\t\t\t\t\t\t<\/div>\n\t\t\t\t<\/div>\n\t\t\t\t\t<\/div>\n\t\t<\/div>\n\t\t\t\t\t<\/div>\n\t\t<\/section>\n\t\t\t\t<section class=\"elementor-section elementor-top-section elementor-element elementor-element-626c739 elementor-section-boxed elementor-section-height-default elementor-section-height-default\" data-id=\"626c739\" data-element_type=\"section\" data-e-type=\"section\">\n\t\t\t\t\t\t<div class=\"elementor-container elementor-column-gap-default\">\n\t\t\t\t\t<div class=\"elementor-column elementor-col-100 elementor-top-column elementor-element elementor-element-2260e75\" data-id=\"2260e75\" data-element_type=\"column\" data-e-type=\"column\">\n\t\t\t<div class=\"elementor-widget-wrap elementor-element-populated\">\n\t\t\t\t\t\t<div class=\"elementor-element elementor-element-10dc12f elementor-widget elementor-widget-spacer\" data-id=\"10dc12f\" data-element_type=\"widget\" data-e-type=\"widget\" data-widget_type=\"spacer.default\">\n\t\t\t\t<div class=\"elementor-widget-container\">\n\t\t\t\t\t\t\t<div class=\"elementor-spacer\">\n\t\t\t<div class=\"elementor-spacer-inner\"><\/div>\n\t\t<\/div>\n\t\t\t\t\t\t<\/div>\n\t\t\t\t<\/div>\n\t\t\t\t\t<\/div>\n\t\t<\/div>\n\t\t\t\t\t<\/div>\n\t\t<\/section>\n\t\t\t\t<section class=\"elementor-section elementor-top-section elementor-element elementor-element-209e194 elementor-section-boxed elementor-section-height-default elementor-section-height-default\" data-id=\"209e194\" data-element_type=\"section\" data-e-type=\"section\">\n\t\t\t\t\t\t<div class=\"elementor-container elementor-column-gap-default\">\n\t\t\t\t\t<div class=\"elementor-column elementor-col-50 elementor-top-column elementor-element elementor-element-31950f2\" data-id=\"31950f2\" data-element_type=\"column\" data-e-type=\"column\">\n\t\t\t<div class=\"elementor-widget-wrap elementor-element-populated\">\n\t\t\t\t\t\t<div class=\"elementor-element elementor-element-f3bf7ef elementor-widget elementor-widget-image\" data-id=\"f3bf7ef\" data-element_type=\"widget\" data-e-type=\"widget\" data-widget_type=\"image.default\">\n\t\t\t\t<div class=\"elementor-widget-container\">\n\t\t\t\t\t\t\t\t\t\t\t\t\t\t\t<img loading=\"lazy\" decoding=\"async\" width=\"672\" height=\"1024\" src=\"https:\/\/gestaltung.architektur.uni-siegen.de\/wp-content\/uploads\/2024\/06\/EX-JUGOSLAVIJA-KURSION-672x1024.jpg\" class=\"attachment-large size-large wp-image-10538\" alt=\"\" srcset=\"https:\/\/gestaltung.architektur.uni-siegen.de\/wp-content\/uploads\/2024\/06\/EX-JUGOSLAVIJA-KURSION-672x1024.jpg 672w, https:\/\/gestaltung.architektur.uni-siegen.de\/wp-content\/uploads\/2024\/06\/EX-JUGOSLAVIJA-KURSION-197x300.jpg 197w, https:\/\/gestaltung.architektur.uni-siegen.de\/wp-content\/uploads\/2024\/06\/EX-JUGOSLAVIJA-KURSION-768x1170.jpg 768w, https:\/\/gestaltung.architektur.uni-siegen.de\/wp-content\/uploads\/2024\/06\/EX-JUGOSLAVIJA-KURSION-1008x1536.jpg 1008w, https:\/\/gestaltung.architektur.uni-siegen.de\/wp-content\/uploads\/2024\/06\/EX-JUGOSLAVIJA-KURSION-1345x2048.jpg 1345w, https:\/\/gestaltung.architektur.uni-siegen.de\/wp-content\/uploads\/2024\/06\/EX-JUGOSLAVIJA-KURSION-scaled.jpg 1681w\" sizes=\"(max-width: 672px) 100vw, 672px\" \/>\t\t\t\t\t\t\t\t\t\t\t\t\t\t\t<\/div>\n\t\t\t\t<\/div>\n\t\t\t\t\t<\/div>\n\t\t<\/div>\n\t\t\t\t<div class=\"elementor-column elementor-col-50 elementor-top-column elementor-element elementor-element-13b6a48\" data-id=\"13b6a48\" data-element_type=\"column\" data-e-type=\"column\">\n\t\t\t<div class=\"elementor-widget-wrap elementor-element-populated\">\n\t\t\t\t\t\t<div class=\"elementor-element elementor-element-29ece3e elementor-widget elementor-widget-text-editor\" data-id=\"29ece3e\" data-element_type=\"widget\" data-e-type=\"widget\" data-widget_type=\"text-editor.default\">\n\t\t\t\t<div class=\"elementor-widget-container\">\n\t\t\t\t\t\t\t\t\t<p><strong>Herzliche Einladung: Filmvorf\u00fchrung &#8222;Slumbering Concrete&#8220; im Rahmen der Ausstellung EX-JUGOSLAVIJA-KURSION<\/strong><\/p><p>Morgen, am 26.06.2024 um 19 Uhr zeigen wir im Feinbier zwei Folgen der Dokumentarserie \u201eSlumbering Concrete\u201c. Die preisgekr\u00f6nte Serie widmet sich Architekturprojekten der Moderne, die im ehemaligen Jugoslawien entstanden sind und heute ihre politische Relevanz verloren haben, aber weiterhin von kultureller Bedeutung sind. Die Serie wirft die Frage auf, ob es m\u00f6glich ist, sich von der Ideologie der Strukturen eines Systems zu befreien, um die architektonischen Errungenschaften der j\u00fcngeren Vergangenheit zu bewerten und damit eine Kontinuit\u00e4t in der Stadt- und Kulturgeschichte zu bewahren.<\/p><p>Filmvorf\u00fchrung &#8222;Slumbering Concrete&#8220; \/ Ausstellung EX-JUGOSLAVIJA-KURSION*<\/p><p>Mittwoch, 26. Juni 2024, 19 Uhr, Feinbier<\/p><p>*Zur Zeit angereichert mit Werken der syrischen K\u00fcnstlerin Diala Brisly im Rahmen der Ausstellung \u201eMein Trauma ist nicht meine Kultur\u201c. Veranstalter: Zentrum f\u00fcr Planung und Entwicklung sozialer Dienste (ZPE) der Universit\u00e4t Siegen<\/p><p>\u00a0<\/p><p><strong>\u00a0<\/strong><\/p><p><strong>\u00a0<\/strong><\/p><p>\u00a0<\/p>\t\t\t\t\t\t\t\t<\/div>\n\t\t\t\t<\/div>\n\t\t\t\t\t<\/div>\n\t\t<\/div>\n\t\t\t\t\t<\/div>\n\t\t<\/section>\n\t\t\t\t<section class=\"elementor-section elementor-top-section elementor-element elementor-element-2d70ce8 elementor-section-boxed elementor-section-height-default elementor-section-height-default\" data-id=\"2d70ce8\" data-element_type=\"section\" data-e-type=\"section\">\n\t\t\t\t\t\t<div class=\"elementor-container elementor-column-gap-default\">\n\t\t\t\t\t<div class=\"elementor-column elementor-col-100 elementor-top-column elementor-element elementor-element-cb4a567\" data-id=\"cb4a567\" data-element_type=\"column\" data-e-type=\"column\">\n\t\t\t<div class=\"elementor-widget-wrap elementor-element-populated\">\n\t\t\t\t\t\t<div class=\"elementor-element elementor-element-a463ad4 elementor-widget elementor-widget-spacer\" data-id=\"a463ad4\" data-element_type=\"widget\" data-e-type=\"widget\" data-widget_type=\"spacer.default\">\n\t\t\t\t<div class=\"elementor-widget-container\">\n\t\t\t\t\t\t\t<div class=\"elementor-spacer\">\n\t\t\t<div class=\"elementor-spacer-inner\"><\/div>\n\t\t<\/div>\n\t\t\t\t\t\t<\/div>\n\t\t\t\t<\/div>\n\t\t\t\t\t<\/div>\n\t\t<\/div>\n\t\t\t\t\t<\/div>\n\t\t<\/section>\n\t\t\t\t<section class=\"elementor-section elementor-top-section elementor-element elementor-element-51653bb elementor-section-boxed elementor-section-height-default elementor-section-height-default\" data-id=\"51653bb\" data-element_type=\"section\" data-e-type=\"section\">\n\t\t\t\t\t\t<div class=\"elementor-container elementor-column-gap-default\">\n\t\t\t\t\t<div class=\"elementor-column elementor-col-50 elementor-top-column elementor-element elementor-element-55a7715\" data-id=\"55a7715\" data-element_type=\"column\" data-e-type=\"column\">\n\t\t\t<div class=\"elementor-widget-wrap\">\n\t\t\t\t\t\t\t<\/div>\n\t\t<\/div>\n\t\t\t\t<div class=\"elementor-column elementor-col-50 elementor-top-column elementor-element elementor-element-05ea3f7\" data-id=\"05ea3f7\" data-element_type=\"column\" data-e-type=\"column\">\n\t\t\t<div class=\"elementor-widget-wrap elementor-element-populated\">\n\t\t\t\t\t\t<div class=\"elementor-element elementor-element-250d712b elementor-widget elementor-widget-text-editor\" data-id=\"250d712b\" data-element_type=\"widget\" data-e-type=\"widget\" data-widget_type=\"text-editor.default\">\n\t\t\t\t<div class=\"elementor-widget-container\">\n\t\t\t\t\t\t\t\t\t<p><strong>Wir laden herzlich ein zur Vernissage der Ausstellung EX-JUGOSLAVIJA-KURSION am 12. Juni um 18 Uhr im ehemaligen Feinbier.<\/strong><\/p><p>Wir laden herzlich ein zur Vernissage der Ausstellung EX-JUGOSLAVIJA-KURSION am 12. Juni um 18 Uhr im ehemaligen Feinbier, Sandstra\u00dfe 22.<\/p><p>Vom 01. bis 14. April 2024 sind Studierende aus Siegen und Linz mit dem Lehrgebiet Gestaltung &amp; Gestaltungstheorie und dem Lehr- und Forschungsgebiet Geb\u00e4udelehre und Entwerfen (LFGE) der Neuen Architekturschule Siegen (N AS) der Universit\u00e4t Siegen und dem Studio Urban der Abteilung Die Architektur (da) der Kunstuniversit\u00e4t Linz zu gemeinsamen Zielen in Nachfolgestaaten des ehemaligen Jugoslawiens gefahren.<\/p><p>Die Route: Siegen &#8211; Linz &#8211; Graz &#8211; Ljubljana &#8211; Zagreb &#8211; Belgrad &#8211; Sarajevo &#8211; Mostar &#8211; Split &#8211; Linz &#8211; Siegen<\/p><p>Wir zeigen unsere Reisedokumentation in Form von Skizzenb\u00fcchern, Filmen, Fotos und Modellen eingebettet in eine Ausstellungsarchitektur, die angelehnt ist an Arbeiten der 1951 in Jugoslawien gegr\u00fcndeten K\u00fcnstlergruppe EXAT 51.<\/p><p>Auf Grund der besonderen geopolitischen Lage Jugoslawiens (Non-Aligned Movement) zwischen den beiden den Kalten Krieg bestimmenden Bl\u00f6cken hat Jugoslawien am Ende eines im Zeitraffer vollzogenen gesellschaftlichen, industriellen und kulturellen Aufbaus sowohl in der Architektur, als auch im angewandten Design und in der Kunst eigenst\u00e4ndige Modernen hervorgebracht, die auf besondere Art und Weise eine Bespiegelung der jeweiligen Spielarten in \u00d6sterreich und Deutschland erm\u00f6glichen. Die Unterbrechungen und Fortschreibungen dieser Prozesse in diesem durch Kriege zerschlagenen Land \u2013 mit Slowenien und Kroatien sind zwei Nachfolgestaaten Mitglieder der Europ\u00e4ischen Union \u2013 bieten wiederum die M\u00f6glichkeit, mehr \u00fcber gegenw\u00e4rtige r\u00e4umliche Verfasstheiten Europas in einer Region zu erfahren, durch die sich seit der Aufteilung des R\u00f6mischen Imperiums im 4. Jahrhundert in ein westliches und \u00f6stliches Reich eine vermeintlich politische wie kulturelle Scheidelinie zieht.<\/p><p>Wir freuen uns auf Ihren und Euren Besuch!<\/p><p>Mittwoch, 12.06.2024, 18 Uhr<\/p><p>ehem. Feinbier<br \/>Sandstra\u00dfe 22<br \/>57072 Siegen<\/p><p>Einzelne themenbezogene Folgeveranstaltungen im Rahmen der Ausstellung werden in K\u00fcrze hier auf der Seite abrufbar sein.<\/p>\t\t\t\t\t\t\t\t<\/div>\n\t\t\t\t<\/div>\n\t\t\t\t\t<\/div>\n\t\t<\/div>\n\t\t\t\t\t<\/div>\n\t\t<\/section>\n\t\t\t\t<\/div>\n\t\t","protected":false},"excerpt":{"rendered":"<p>Vernissage EX-JUGOSLAVIJA-KURSION Herzliche Einladung: Filmvorf\u00fchrung &#8222;Slumbering Concrete&#8220; im Rahmen der Ausstellung EX-JUGOSLAVIJA-KURSION Morgen, am 26.06.2024 um 19 Uhr zeigen wir im Feinbier zwei Folgen der Dokumentarserie \u201eSlumbering Concrete\u201c. Die preisgekr\u00f6nte Serie widmet sich Architekturprojekten der Moderne, die im ehemaligen Jugoslawien entstanden sind und heute ihre politische Relevanz verloren haben, aber weiterhin von kultureller Bedeutung sind. [&hellip;]<\/p>\n","protected":false},"author":6,"featured_media":0,"parent":0,"menu_order":0,"comment_status":"closed","ping_status":"closed","template":"","meta":{"footnotes":""},"class_list":["post-10430","page","type-page","status-publish","hentry","entry"],"_links":{"self":[{"href":"https:\/\/gestaltung.architektur.uni-siegen.de\/index.php\/wp-json\/wp\/v2\/pages\/10430","targetHints":{"allow":["GET"]}}],"collection":[{"href":"https:\/\/gestaltung.architektur.uni-siegen.de\/index.php\/wp-json\/wp\/v2\/pages"}],"about":[{"href":"https:\/\/gestaltung.architektur.uni-siegen.de\/index.php\/wp-json\/wp\/v2\/types\/page"}],"author":[{"embeddable":true,"href":"https:\/\/gestaltung.architektur.uni-siegen.de\/index.php\/wp-json\/wp\/v2\/users\/6"}],"replies":[{"embeddable":true,"href":"https:\/\/gestaltung.architektur.uni-siegen.de\/index.php\/wp-json\/wp\/v2\/comments?post=10430"}],"version-history":[{"count":0,"href":"https:\/\/gestaltung.architektur.uni-siegen.de\/index.php\/wp-json\/wp\/v2\/pages\/10430\/revisions"}],"wp:attachment":[{"href":"https:\/\/gestaltung.architektur.uni-siegen.de\/index.php\/wp-json\/wp\/v2\/media?parent=10430"}],"curies":[{"name":"wp","href":"https:\/\/api.w.org\/{rel}","templated":true}]}}