{"id":10649,"date":"2024-09-19T23:46:36","date_gmt":"2024-09-19T21:46:36","guid":{"rendered":"https:\/\/gestaltung.architektur.uni-siegen.de\/?page_id=10649"},"modified":"2025-08-27T12:10:08","modified_gmt":"2025-08-27T10:10:08","slug":"archiv_ba_ws_24","status":"publish","type":"page","link":"https:\/\/gestaltung.architektur.uni-siegen.de\/index.php\/archiv_ba_ws_24\/","title":{"rendered":"ARCHIV_BA_WS_24"},"content":{"rendered":"\t\t<div data-elementor-type=\"wp-page\" data-elementor-id=\"10649\" class=\"elementor elementor-10649\">\n\t\t\t\t\t\t<section class=\"elementor-section elementor-top-section elementor-element elementor-element-bbadd25 elementor-section-boxed elementor-section-height-default elementor-section-height-default\" data-id=\"bbadd25\" data-element_type=\"section\" data-e-type=\"section\">\n\t\t\t\t\t\t<div class=\"elementor-container elementor-column-gap-default\">\n\t\t\t\t\t<div class=\"elementor-column elementor-col-50 elementor-top-column elementor-element elementor-element-37d74bd\" data-id=\"37d74bd\" data-element_type=\"column\" data-e-type=\"column\">\n\t\t\t<div class=\"elementor-widget-wrap\">\n\t\t\t\t\t\t\t<\/div>\n\t\t<\/div>\n\t\t\t\t<div class=\"elementor-column elementor-col-50 elementor-top-column elementor-element elementor-element-63affb9\" data-id=\"63affb9\" data-element_type=\"column\" data-e-type=\"column\">\n\t\t\t<div class=\"elementor-widget-wrap elementor-element-populated\">\n\t\t\t\t\t\t<div class=\"elementor-element elementor-element-b740a30 elementor-widget elementor-widget-heading\" data-id=\"b740a30\" data-element_type=\"widget\" data-e-type=\"widget\" data-widget_type=\"heading.default\">\n\t\t\t\t<div class=\"elementor-widget-container\">\n\t\t\t\t\t<h2 class=\"elementor-heading-title elementor-size-default\">Bachelor <br>Wintersemester 2024<\/h2>\t\t\t\t<\/div>\n\t\t\t\t<\/div>\n\t\t\t\t\t<\/div>\n\t\t<\/div>\n\t\t\t\t\t<\/div>\n\t\t<\/section>\n\t\t\t\t<section class=\"elementor-section elementor-top-section elementor-element elementor-element-1585ea37 elementor-section-boxed elementor-section-height-default elementor-section-height-default\" data-id=\"1585ea37\" data-element_type=\"section\" data-e-type=\"section\">\n\t\t\t\t\t\t<div class=\"elementor-container elementor-column-gap-default\">\n\t\t\t\t\t<div class=\"elementor-column elementor-col-50 elementor-top-column elementor-element elementor-element-15a3ee28\" data-id=\"15a3ee28\" data-element_type=\"column\" data-e-type=\"column\">\n\t\t\t<div class=\"elementor-widget-wrap elementor-element-populated\">\n\t\t\t\t\t\t<div class=\"elementor-element elementor-element-60b6f5d1 elementor-widget elementor-widget-heading\" data-id=\"60b6f5d1\" data-element_type=\"widget\" data-e-type=\"widget\" data-widget_type=\"heading.default\">\n\t\t\t\t<div class=\"elementor-widget-container\">\n\t\t\t\t\t<h2 class=\"elementor-heading-title elementor-size-default\">Grundlagen der Gestaltung I - Vorlesung<\/h2>\t\t\t\t<\/div>\n\t\t\t\t<\/div>\n\t\t\t\t\t<\/div>\n\t\t<\/div>\n\t\t\t\t<div class=\"elementor-column elementor-col-50 elementor-top-column elementor-element elementor-element-1ae248a2\" data-id=\"1ae248a2\" data-element_type=\"column\" data-e-type=\"column\">\n\t\t\t<div class=\"elementor-widget-wrap\">\n\t\t\t\t\t\t\t<\/div>\n\t\t<\/div>\n\t\t\t\t\t<\/div>\n\t\t<\/section>\n\t\t\t\t<section class=\"elementor-section elementor-top-section elementor-element elementor-element-3da78f2c elementor-section-boxed elementor-section-height-default elementor-section-height-default\" data-id=\"3da78f2c\" data-element_type=\"section\" data-e-type=\"section\">\n\t\t\t\t\t\t<div class=\"elementor-container elementor-column-gap-default\">\n\t\t\t\t\t<div class=\"elementor-column elementor-col-50 elementor-top-column elementor-element elementor-element-4206da59\" data-id=\"4206da59\" data-element_type=\"column\" data-e-type=\"column\">\n\t\t\t<div class=\"elementor-widget-wrap elementor-element-populated\">\n\t\t\t\t\t\t<div class=\"elementor-element elementor-element-2ca82f6b elementor-widget elementor-widget-image\" data-id=\"2ca82f6b\" data-element_type=\"widget\" data-e-type=\"widget\" data-widget_type=\"image.default\">\n\t\t\t\t<div class=\"elementor-widget-container\">\n\t\t\t\t\t\t\t\t\t\t\t\t<figure class=\"wp-caption\">\n\t\t\t\t\t\t\t\t\t\t<img fetchpriority=\"high\" decoding=\"async\" width=\"1024\" height=\"764\" src=\"https:\/\/gestaltung.architektur.uni-siegen.de\/wp-content\/uploads\/2022\/09\/grundlagen-der-Gestaltung_Vorlesung-1024x764.png\" class=\"attachment-large size-large wp-image-4534\" alt=\"\" srcset=\"https:\/\/gestaltung.architektur.uni-siegen.de\/wp-content\/uploads\/2022\/09\/grundlagen-der-Gestaltung_Vorlesung-1024x764.png 1024w, https:\/\/gestaltung.architektur.uni-siegen.de\/wp-content\/uploads\/2022\/09\/grundlagen-der-Gestaltung_Vorlesung-300x224.png 300w, https:\/\/gestaltung.architektur.uni-siegen.de\/wp-content\/uploads\/2022\/09\/grundlagen-der-Gestaltung_Vorlesung-768x573.png 768w, https:\/\/gestaltung.architektur.uni-siegen.de\/wp-content\/uploads\/2022\/09\/grundlagen-der-Gestaltung_Vorlesung-1536x1146.png 1536w, https:\/\/gestaltung.architektur.uni-siegen.de\/wp-content\/uploads\/2022\/09\/grundlagen-der-Gestaltung_Vorlesung.png 1780w\" sizes=\"(max-width: 1024px) 100vw, 1024px\" \/>\t\t\t\t\t\t\t\t\t\t\t<figcaption class=\"widget-image-caption wp-caption-text\">\u00a9 Tobias Becker<\/figcaption>\n\t\t\t\t\t\t\t\t\t\t<\/figure>\n\t\t\t\t\t\t\t\t\t<\/div>\n\t\t\t\t<\/div>\n\t\t\t\t\t<\/div>\n\t\t<\/div>\n\t\t\t\t<div class=\"elementor-column elementor-col-50 elementor-top-column elementor-element elementor-element-6ba8714d\" data-id=\"6ba8714d\" data-element_type=\"column\" data-e-type=\"column\">\n\t\t\t<div class=\"elementor-widget-wrap elementor-element-populated\">\n\t\t\t\t\t\t<div class=\"elementor-element elementor-element-71b2acb elementor-widget__width-initial elementor-widget elementor-widget-text-editor\" data-id=\"71b2acb\" data-element_type=\"widget\" data-e-type=\"widget\" data-widget_type=\"text-editor.default\">\n\t\t\t\t<div class=\"elementor-widget-container\">\n\t\t\t\t\t\t\t\t\t<p>In der Vorlesung werden Fragen zur Wahrnehmung sowie grundlegende gestalterische Momente wie Komposition, Perspektive, Licht und Schatten, Farbe etc. behandelt. Zudem wird in verschiedene Kulturen der zeichnerischen Architekturdarstellung eingef\u00fchrt. Die Vorlesung vermittelt die theoretischen Hintergr\u00fcnde f\u00fcr die unmittelbar daran angeschlossenen praktischen \u00dcbungen.<\/p><p>mittwochs 10-11 Uhr <br \/>Raum PB-A 122\u00a0 <br \/>Beginn: 09. Oktober 2024<\/p><p>BA 05.1 Gestaltung I &#8211; Architekturdarstellung, Zeichnen, Typografie<\/p><p>Dozent:<br \/>Univ.-Prof Tobias Becker<\/p>\t\t\t\t\t\t\t\t<\/div>\n\t\t\t\t<\/div>\n\t\t\t\t\t<\/div>\n\t\t<\/div>\n\t\t\t\t\t<\/div>\n\t\t<\/section>\n\t\t\t\t<section class=\"elementor-section elementor-top-section elementor-element elementor-element-47429ab8 elementor-section-boxed elementor-section-height-default elementor-section-height-default\" data-id=\"47429ab8\" data-element_type=\"section\" data-e-type=\"section\">\n\t\t\t\t\t\t<div class=\"elementor-container elementor-column-gap-default\">\n\t\t\t\t\t<div class=\"elementor-column elementor-col-100 elementor-top-column elementor-element elementor-element-578a07b6\" data-id=\"578a07b6\" data-element_type=\"column\" data-e-type=\"column\">\n\t\t\t<div class=\"elementor-widget-wrap elementor-element-populated\">\n\t\t\t\t\t\t<div class=\"elementor-element elementor-element-50acb7ba elementor-widget elementor-widget-spacer\" data-id=\"50acb7ba\" data-element_type=\"widget\" data-e-type=\"widget\" data-widget_type=\"spacer.default\">\n\t\t\t\t<div class=\"elementor-widget-container\">\n\t\t\t\t\t\t\t<div class=\"elementor-spacer\">\n\t\t\t<div class=\"elementor-spacer-inner\"><\/div>\n\t\t<\/div>\n\t\t\t\t\t\t<\/div>\n\t\t\t\t<\/div>\n\t\t\t\t\t<\/div>\n\t\t<\/div>\n\t\t\t\t\t<\/div>\n\t\t<\/section>\n\t\t\t\t<section class=\"elementor-section elementor-top-section elementor-element elementor-element-79a13f0 elementor-section-boxed elementor-section-height-default elementor-section-height-default\" data-id=\"79a13f0\" data-element_type=\"section\" data-e-type=\"section\">\n\t\t\t\t\t\t<div class=\"elementor-container elementor-column-gap-default\">\n\t\t\t\t\t<div class=\"elementor-column elementor-col-50 elementor-top-column elementor-element elementor-element-316abd5b\" data-id=\"316abd5b\" data-element_type=\"column\" data-e-type=\"column\">\n\t\t\t<div class=\"elementor-widget-wrap\">\n\t\t\t\t\t\t\t<\/div>\n\t\t<\/div>\n\t\t\t\t<div class=\"elementor-column elementor-col-50 elementor-top-column elementor-element elementor-element-54aa23d3\" data-id=\"54aa23d3\" data-element_type=\"column\" data-e-type=\"column\">\n\t\t\t<div class=\"elementor-widget-wrap elementor-element-populated\">\n\t\t\t\t\t\t<div class=\"elementor-element elementor-element-6a26278f elementor-widget elementor-widget-heading\" data-id=\"6a26278f\" data-element_type=\"widget\" data-e-type=\"widget\" data-widget_type=\"heading.default\">\n\t\t\t\t<div class=\"elementor-widget-container\">\n\t\t\t\t\t<h2 class=\"elementor-heading-title elementor-size-default\">Bachelor<br>\nWintersemester 2024<\/h2>\t\t\t\t<\/div>\n\t\t\t\t<\/div>\n\t\t\t\t\t<\/div>\n\t\t<\/div>\n\t\t\t\t\t<\/div>\n\t\t<\/section>\n\t\t\t\t<section class=\"elementor-section elementor-top-section elementor-element elementor-element-7bd5a1c7 elementor-section-boxed elementor-section-height-default elementor-section-height-default\" data-id=\"7bd5a1c7\" data-element_type=\"section\" data-e-type=\"section\">\n\t\t\t\t\t\t<div class=\"elementor-container elementor-column-gap-default\">\n\t\t\t\t\t<div class=\"elementor-column elementor-col-50 elementor-top-column elementor-element elementor-element-1540ecc8\" data-id=\"1540ecc8\" data-element_type=\"column\" data-e-type=\"column\">\n\t\t\t<div class=\"elementor-widget-wrap elementor-element-populated\">\n\t\t\t\t\t\t<div class=\"elementor-element elementor-element-4df5f513 elementor-widget elementor-widget-heading\" data-id=\"4df5f513\" data-element_type=\"widget\" data-e-type=\"widget\" data-widget_type=\"heading.default\">\n\t\t\t\t<div class=\"elementor-widget-container\">\n\t\t\t\t\t<h2 class=\"elementor-heading-title elementor-size-default\">Grundlagen der Gestaltung I - \u00dcbung<\/h2>\t\t\t\t<\/div>\n\t\t\t\t<\/div>\n\t\t\t\t\t<\/div>\n\t\t<\/div>\n\t\t\t\t<div class=\"elementor-column elementor-col-50 elementor-top-column elementor-element elementor-element-1058edac\" data-id=\"1058edac\" data-element_type=\"column\" data-e-type=\"column\">\n\t\t\t<div class=\"elementor-widget-wrap\">\n\t\t\t\t\t\t\t<\/div>\n\t\t<\/div>\n\t\t\t\t\t<\/div>\n\t\t<\/section>\n\t\t\t\t<section class=\"elementor-section elementor-top-section elementor-element elementor-element-1d0b0f68 elementor-section-boxed elementor-section-height-default elementor-section-height-default\" data-id=\"1d0b0f68\" data-element_type=\"section\" data-e-type=\"section\">\n\t\t\t\t\t\t<div class=\"elementor-container elementor-column-gap-default\">\n\t\t\t\t\t<div class=\"elementor-column elementor-col-50 elementor-top-column elementor-element elementor-element-7b320c01\" data-id=\"7b320c01\" data-element_type=\"column\" data-e-type=\"column\">\n\t\t\t<div class=\"elementor-widget-wrap elementor-element-populated\">\n\t\t\t\t\t\t<div class=\"elementor-element elementor-element-5b7922a2 elementor-widget elementor-widget-image\" data-id=\"5b7922a2\" data-element_type=\"widget\" data-e-type=\"widget\" data-widget_type=\"image.default\">\n\t\t\t\t<div class=\"elementor-widget-container\">\n\t\t\t\t\t\t\t\t\t\t\t\t<figure class=\"wp-caption\">\n\t\t\t\t\t\t\t\t\t\t<img decoding=\"async\" width=\"1024\" height=\"718\" src=\"https:\/\/gestaltung.architektur.uni-siegen.de\/wp-content\/uploads\/2022\/09\/Zeichenlehre-1024x718.jpg\" class=\"attachment-large size-large wp-image-4513\" alt=\"\" srcset=\"https:\/\/gestaltung.architektur.uni-siegen.de\/wp-content\/uploads\/2022\/09\/Zeichenlehre-1024x718.jpg 1024w, https:\/\/gestaltung.architektur.uni-siegen.de\/wp-content\/uploads\/2022\/09\/Zeichenlehre-300x210.jpg 300w, https:\/\/gestaltung.architektur.uni-siegen.de\/wp-content\/uploads\/2022\/09\/Zeichenlehre-768x538.jpg 768w, https:\/\/gestaltung.architektur.uni-siegen.de\/wp-content\/uploads\/2022\/09\/Zeichenlehre-1536x1077.jpg 1536w, https:\/\/gestaltung.architektur.uni-siegen.de\/wp-content\/uploads\/2022\/09\/Zeichenlehre-2048x1436.jpg 2048w\" sizes=\"(max-width: 1024px) 100vw, 1024px\" \/>\t\t\t\t\t\t\t\t\t\t\t<figcaption class=\"widget-image-caption wp-caption-text\">\u00a9 Tobias Becker<\/figcaption>\n\t\t\t\t\t\t\t\t\t\t<\/figure>\n\t\t\t\t\t\t\t\t\t<\/div>\n\t\t\t\t<\/div>\n\t\t\t\t\t<\/div>\n\t\t<\/div>\n\t\t\t\t<div class=\"elementor-column elementor-col-50 elementor-top-column elementor-element elementor-element-58d0e82f\" data-id=\"58d0e82f\" data-element_type=\"column\" data-e-type=\"column\">\n\t\t\t<div class=\"elementor-widget-wrap elementor-element-populated\">\n\t\t\t\t\t\t<div class=\"elementor-element elementor-element-3454ada8 elementor-widget elementor-widget-text-editor\" data-id=\"3454ada8\" data-element_type=\"widget\" data-e-type=\"widget\" data-widget_type=\"text-editor.default\">\n\t\t\t\t<div class=\"elementor-widget-container\">\n\t\t\t\t\t\t\t\t\t<p>Einf\u00fchrend in die dreisemestrigen Grundlagen der Gestaltung widmet sich das erste Semester der Zeichnung. Anhand einer Reihe akademischer Zeichen\u00fcbungen wird in verschiedene Zeichentechniken und die perspektivische Darstellung des Raumes eingef\u00fchrt.<\/p><p>Zu Beginn des Kurses werden gegen einen Selbstkostenpreis Zeichenmappen ausgeh\u00e4ndigt, die alle ben\u00f6tigten Utensilien beinhalten.<\/p><p>mittwochs<br \/>11-13 Uhr (Gruppe 3 &amp; 4)<br \/>13-15 Uhr (Gruppe 1 &amp; 2)<\/p><p>Raum PB-A 122<br \/>Beginn: 09. Oktober 2024<\/p><p>BA 05.1 Gestaltung I Architekturdarstellung, Zeichnen, Typographie<\/p><p>Dozenten:<br \/>Univ.-Prof Tobias Becker<br \/>Chris Rotman (Lehrbeauftragter)<\/p>\t\t\t\t\t\t\t\t<\/div>\n\t\t\t\t<\/div>\n\t\t\t\t\t<\/div>\n\t\t<\/div>\n\t\t\t\t\t<\/div>\n\t\t<\/section>\n\t\t\t\t<section class=\"elementor-section elementor-top-section elementor-element elementor-element-6258b406 elementor-section-boxed elementor-section-height-default elementor-section-height-default\" data-id=\"6258b406\" data-element_type=\"section\" data-e-type=\"section\">\n\t\t\t\t\t\t<div class=\"elementor-container elementor-column-gap-default\">\n\t\t\t\t\t<div class=\"elementor-column elementor-col-100 elementor-top-column elementor-element elementor-element-71fad03b\" data-id=\"71fad03b\" data-element_type=\"column\" data-e-type=\"column\">\n\t\t\t<div class=\"elementor-widget-wrap elementor-element-populated\">\n\t\t\t\t\t\t<div class=\"elementor-element elementor-element-596af90c elementor-widget elementor-widget-spacer\" data-id=\"596af90c\" data-element_type=\"widget\" data-e-type=\"widget\" data-widget_type=\"spacer.default\">\n\t\t\t\t<div class=\"elementor-widget-container\">\n\t\t\t\t\t\t\t<div class=\"elementor-spacer\">\n\t\t\t<div class=\"elementor-spacer-inner\"><\/div>\n\t\t<\/div>\n\t\t\t\t\t\t<\/div>\n\t\t\t\t<\/div>\n\t\t\t\t\t<\/div>\n\t\t<\/div>\n\t\t\t\t\t<\/div>\n\t\t<\/section>\n\t\t\t\t<section class=\"elementor-section elementor-top-section elementor-element elementor-element-426c7004 elementor-section-boxed elementor-section-height-default elementor-section-height-default\" data-id=\"426c7004\" data-element_type=\"section\" data-e-type=\"section\">\n\t\t\t\t\t\t<div class=\"elementor-container elementor-column-gap-default\">\n\t\t\t\t\t<div class=\"elementor-column elementor-col-50 elementor-top-column elementor-element elementor-element-578c0b7d\" data-id=\"578c0b7d\" data-element_type=\"column\" data-e-type=\"column\">\n\t\t\t<div class=\"elementor-widget-wrap\">\n\t\t\t\t\t\t\t<\/div>\n\t\t<\/div>\n\t\t\t\t<div class=\"elementor-column elementor-col-50 elementor-top-column elementor-element elementor-element-7fddce0\" data-id=\"7fddce0\" data-element_type=\"column\" data-e-type=\"column\">\n\t\t\t<div class=\"elementor-widget-wrap elementor-element-populated\">\n\t\t\t\t\t\t<div class=\"elementor-element elementor-element-10be4282 elementor-widget elementor-widget-heading\" data-id=\"10be4282\" data-element_type=\"widget\" data-e-type=\"widget\" data-widget_type=\"heading.default\">\n\t\t\t\t<div class=\"elementor-widget-container\">\n\t\t\t\t\t<h2 class=\"elementor-heading-title elementor-size-default\">Bachelor<br>\nWintersemester 2024<\/h2>\t\t\t\t<\/div>\n\t\t\t\t<\/div>\n\t\t\t\t\t<\/div>\n\t\t<\/div>\n\t\t\t\t\t<\/div>\n\t\t<\/section>\n\t\t\t\t<section class=\"elementor-section elementor-top-section elementor-element elementor-element-6f519e0 elementor-section-boxed elementor-section-height-default elementor-section-height-default\" data-id=\"6f519e0\" data-element_type=\"section\" data-e-type=\"section\">\n\t\t\t\t\t\t<div class=\"elementor-container elementor-column-gap-default\">\n\t\t\t\t\t<div class=\"elementor-column elementor-col-50 elementor-top-column elementor-element elementor-element-4ee9e017\" data-id=\"4ee9e017\" data-element_type=\"column\" data-e-type=\"column\">\n\t\t\t<div class=\"elementor-widget-wrap elementor-element-populated\">\n\t\t\t\t\t\t<div class=\"elementor-element elementor-element-5f8cde52 elementor-widget elementor-widget-heading\" data-id=\"5f8cde52\" data-element_type=\"widget\" data-e-type=\"widget\" data-widget_type=\"heading.default\">\n\t\t\t\t<div class=\"elementor-widget-container\">\n\t\t\t\t\t<h2 class=\"elementor-heading-title elementor-size-default\">Plastisches Gestalten<\/h2>\t\t\t\t<\/div>\n\t\t\t\t<\/div>\n\t\t\t\t\t<\/div>\n\t\t<\/div>\n\t\t\t\t<div class=\"elementor-column elementor-col-50 elementor-top-column elementor-element elementor-element-793a4e9a\" data-id=\"793a4e9a\" data-element_type=\"column\" data-e-type=\"column\">\n\t\t\t<div class=\"elementor-widget-wrap\">\n\t\t\t\t\t\t\t<\/div>\n\t\t<\/div>\n\t\t\t\t\t<\/div>\n\t\t<\/section>\n\t\t\t\t<section class=\"elementor-section elementor-top-section elementor-element elementor-element-7a9a55cc elementor-section-boxed elementor-section-height-default elementor-section-height-default\" data-id=\"7a9a55cc\" data-element_type=\"section\" data-e-type=\"section\">\n\t\t\t\t\t\t<div class=\"elementor-container elementor-column-gap-default\">\n\t\t\t\t\t<div class=\"elementor-column elementor-col-50 elementor-top-column elementor-element elementor-element-28c6867\" data-id=\"28c6867\" data-element_type=\"column\" data-e-type=\"column\">\n\t\t\t<div class=\"elementor-widget-wrap elementor-element-populated\">\n\t\t\t\t\t\t<div class=\"elementor-element elementor-element-3b850358 elementor-widget elementor-widget-image\" data-id=\"3b850358\" data-element_type=\"widget\" data-e-type=\"widget\" data-widget_type=\"image.default\">\n\t\t\t\t<div class=\"elementor-widget-container\">\n\t\t\t\t\t\t\t\t\t\t\t\t<figure class=\"wp-caption\">\n\t\t\t\t\t\t\t\t\t\t<img decoding=\"async\" width=\"1024\" height=\"768\" src=\"https:\/\/gestaltung.architektur.uni-siegen.de\/wp-content\/uploads\/2022\/09\/Plastisches-Gestalten-1024x768.jpg\" class=\"attachment-large size-large wp-image-4512\" alt=\"\" srcset=\"https:\/\/gestaltung.architektur.uni-siegen.de\/wp-content\/uploads\/2022\/09\/Plastisches-Gestalten-1024x768.jpg 1024w, https:\/\/gestaltung.architektur.uni-siegen.de\/wp-content\/uploads\/2022\/09\/Plastisches-Gestalten-300x225.jpg 300w, https:\/\/gestaltung.architektur.uni-siegen.de\/wp-content\/uploads\/2022\/09\/Plastisches-Gestalten-768x576.jpg 768w, https:\/\/gestaltung.architektur.uni-siegen.de\/wp-content\/uploads\/2022\/09\/Plastisches-Gestalten-1536x1153.jpg 1536w, https:\/\/gestaltung.architektur.uni-siegen.de\/wp-content\/uploads\/2022\/09\/Plastisches-Gestalten-2048x1537.jpg 2048w\" sizes=\"(max-width: 1024px) 100vw, 1024px\" \/>\t\t\t\t\t\t\t\t\t\t\t<figcaption class=\"widget-image-caption wp-caption-text\">\u00a9 Tobias Becker<\/figcaption>\n\t\t\t\t\t\t\t\t\t\t<\/figure>\n\t\t\t\t\t\t\t\t\t<\/div>\n\t\t\t\t<\/div>\n\t\t\t\t\t<\/div>\n\t\t<\/div>\n\t\t\t\t<div class=\"elementor-column elementor-col-50 elementor-top-column elementor-element elementor-element-31a157de\" data-id=\"31a157de\" data-element_type=\"column\" data-e-type=\"column\">\n\t\t\t<div class=\"elementor-widget-wrap elementor-element-populated\">\n\t\t\t\t\t\t<div class=\"elementor-element elementor-element-359a2df elementor-widget elementor-widget-text-editor\" data-id=\"359a2df\" data-element_type=\"widget\" data-e-type=\"widget\" data-widget_type=\"text-editor.default\">\n\t\t\t\t<div class=\"elementor-widget-container\">\n\t\t\t\t\t\t\t\t\t<p>Das Plastische Gestalten z\u00e4hlt zu den Grundlagen der Gestaltung. Es werden ausgesuchte Strategien des Formaufbaus thematisiert und erprobt, wie etwa \u00fcber modulare Systeme, \u00fcber Abformungen und die Entwicklung freier architektonisch-organischer Skulpturen. Begleitet werden die \u00dcbungen von bildnerischen Reflexionen. Dar\u00fcber hinaus werden performative Ans\u00e4tze im Umgang mit Materialien, Dingen und Umgebungen durchgespielt.<\/p>\n<p>freitags, 10-12 Uhr \/ 12-14 Uhr<\/p>\n<p>Raum PB A 121 + weitere wechselnde Orte<br>Beginn: 11. Oktober 2024<\/p>\n<p>BA 06.2 Plastisches Gestalten<\/p>\n<p>Dozenten:<br>Univ.-Prof Tobias Becker<br> Klaus Kleine (Lehrbeauftragter)<\/p>\t\t\t\t\t\t\t\t<\/div>\n\t\t\t\t<\/div>\n\t\t\t\t\t<\/div>\n\t\t<\/div>\n\t\t\t\t\t<\/div>\n\t\t<\/section>\n\t\t\t\t<section class=\"elementor-section elementor-top-section elementor-element elementor-element-72a4efba elementor-section-boxed elementor-section-height-default elementor-section-height-default\" data-id=\"72a4efba\" data-element_type=\"section\" data-e-type=\"section\">\n\t\t\t\t\t\t<div class=\"elementor-container elementor-column-gap-default\">\n\t\t\t\t\t<div class=\"elementor-column elementor-col-100 elementor-top-column elementor-element elementor-element-2ee6194a\" data-id=\"2ee6194a\" data-element_type=\"column\" data-e-type=\"column\">\n\t\t\t<div class=\"elementor-widget-wrap elementor-element-populated\">\n\t\t\t\t\t\t<div class=\"elementor-element elementor-element-2aa94c9b elementor-widget elementor-widget-spacer\" data-id=\"2aa94c9b\" data-element_type=\"widget\" data-e-type=\"widget\" data-widget_type=\"spacer.default\">\n\t\t\t\t<div class=\"elementor-widget-container\">\n\t\t\t\t\t\t\t<div class=\"elementor-spacer\">\n\t\t\t<div class=\"elementor-spacer-inner\"><\/div>\n\t\t<\/div>\n\t\t\t\t\t\t<\/div>\n\t\t\t\t<\/div>\n\t\t\t\t\t<\/div>\n\t\t<\/div>\n\t\t\t\t\t<\/div>\n\t\t<\/section>\n\t\t\t\t<section class=\"elementor-section elementor-top-section elementor-element elementor-element-b909ce2 elementor-section-boxed elementor-section-height-default elementor-section-height-default\" data-id=\"b909ce2\" data-element_type=\"section\" data-e-type=\"section\">\n\t\t\t\t\t\t<div class=\"elementor-container elementor-column-gap-default\">\n\t\t\t\t\t<div class=\"elementor-column elementor-col-100 elementor-top-column elementor-element elementor-element-72697060\" data-id=\"72697060\" data-element_type=\"column\" data-e-type=\"column\">\n\t\t\t<div class=\"elementor-widget-wrap\">\n\t\t\t\t\t\t\t<\/div>\n\t\t<\/div>\n\t\t\t\t\t<\/div>\n\t\t<\/section>\n\t\t\t\t<\/div>\n\t\t","protected":false},"excerpt":{"rendered":"<p>Bachelor Wintersemester 2024 Grundlagen der Gestaltung I &#8211; Vorlesung \u00a9 Tobias Becker In der Vorlesung werden Fragen zur Wahrnehmung sowie grundlegende gestalterische Momente wie Komposition, Perspektive, Licht und Schatten, Farbe etc. behandelt. Zudem wird in verschiedene Kulturen der zeichnerischen Architekturdarstellung eingef\u00fchrt. Die Vorlesung vermittelt die theoretischen Hintergr\u00fcnde f\u00fcr die unmittelbar daran angeschlossenen praktischen \u00dcbungen. mittwochs [&hellip;]<\/p>\n","protected":false},"author":3,"featured_media":0,"parent":0,"menu_order":0,"comment_status":"closed","ping_status":"closed","template":"","meta":{"footnotes":""},"class_list":["post-10649","page","type-page","status-publish","hentry","entry"],"_links":{"self":[{"href":"https:\/\/gestaltung.architektur.uni-siegen.de\/index.php\/wp-json\/wp\/v2\/pages\/10649","targetHints":{"allow":["GET"]}}],"collection":[{"href":"https:\/\/gestaltung.architektur.uni-siegen.de\/index.php\/wp-json\/wp\/v2\/pages"}],"about":[{"href":"https:\/\/gestaltung.architektur.uni-siegen.de\/index.php\/wp-json\/wp\/v2\/types\/page"}],"author":[{"embeddable":true,"href":"https:\/\/gestaltung.architektur.uni-siegen.de\/index.php\/wp-json\/wp\/v2\/users\/3"}],"replies":[{"embeddable":true,"href":"https:\/\/gestaltung.architektur.uni-siegen.de\/index.php\/wp-json\/wp\/v2\/comments?post=10649"}],"version-history":[{"count":0,"href":"https:\/\/gestaltung.architektur.uni-siegen.de\/index.php\/wp-json\/wp\/v2\/pages\/10649\/revisions"}],"wp:attachment":[{"href":"https:\/\/gestaltung.architektur.uni-siegen.de\/index.php\/wp-json\/wp\/v2\/media?parent=10649"}],"curies":[{"name":"wp","href":"https:\/\/api.w.org\/{rel}","templated":true}]}}