{"id":10848,"date":"2025-03-30T21:36:51","date_gmt":"2025-03-30T19:36:51","guid":{"rendered":"https:\/\/gestaltung.architektur.uni-siegen.de\/?page_id=10848"},"modified":"2026-01-30T09:11:15","modified_gmt":"2026-01-30T08:11:15","slug":"archiv_ba_ss_25-2","status":"publish","type":"page","link":"https:\/\/gestaltung.architektur.uni-siegen.de\/index.php\/archiv_ba_ss_25-2\/","title":{"rendered":"ARCHIV_MA_SS_25"},"content":{"rendered":"\t\t<div data-elementor-type=\"wp-page\" data-elementor-id=\"10848\" class=\"elementor elementor-10848\">\n\t\t\t\t\t\t<section class=\"elementor-section elementor-top-section elementor-element elementor-element-11b18a1 elementor-section-boxed elementor-section-height-default elementor-section-height-default\" data-id=\"11b18a1\" data-element_type=\"section\" data-e-type=\"section\">\n\t\t\t\t\t\t<div class=\"elementor-container elementor-column-gap-default\">\n\t\t\t\t\t<div class=\"elementor-column elementor-col-50 elementor-top-column elementor-element elementor-element-2507da47\" data-id=\"2507da47\" data-element_type=\"column\" data-e-type=\"column\">\n\t\t\t<div class=\"elementor-widget-wrap\">\n\t\t\t\t\t\t\t<\/div>\n\t\t<\/div>\n\t\t\t\t<div class=\"elementor-column elementor-col-50 elementor-top-column elementor-element elementor-element-74cc707a\" data-id=\"74cc707a\" data-element_type=\"column\" data-e-type=\"column\">\n\t\t\t<div class=\"elementor-widget-wrap elementor-element-populated\">\n\t\t\t\t\t\t<div class=\"elementor-element elementor-element-7eb6e3e1 elementor-widget elementor-widget-heading\" data-id=\"7eb6e3e1\" data-element_type=\"widget\" data-e-type=\"widget\" data-widget_type=\"heading.default\">\n\t\t\t\t<div class=\"elementor-widget-container\">\n\t\t\t\t\t<h2 class=\"elementor-heading-title elementor-size-default\">Master <br>Sommersemester 2025<\/h2>\t\t\t\t<\/div>\n\t\t\t\t<\/div>\n\t\t\t\t\t<\/div>\n\t\t<\/div>\n\t\t\t\t\t<\/div>\n\t\t<\/section>\n\t\t\t\t<section class=\"elementor-section elementor-top-section elementor-element elementor-element-196b834 elementor-section-boxed elementor-section-height-default elementor-section-height-default\" data-id=\"196b834\" data-element_type=\"section\" data-e-type=\"section\">\n\t\t\t\t\t\t<div class=\"elementor-container elementor-column-gap-default\">\n\t\t\t\t\t<div class=\"elementor-column elementor-col-50 elementor-top-column elementor-element elementor-element-a8588b4\" data-id=\"a8588b4\" data-element_type=\"column\" data-e-type=\"column\">\n\t\t\t<div class=\"elementor-widget-wrap elementor-element-populated\">\n\t\t\t\t\t\t<div class=\"elementor-element elementor-element-7bf6158 elementor-widget elementor-widget-heading\" data-id=\"7bf6158\" data-element_type=\"widget\" data-e-type=\"widget\" data-widget_type=\"heading.default\">\n\t\t\t\t<div class=\"elementor-widget-container\">\n\t\t\t\t\t<h2 class=\"elementor-heading-title elementor-size-default\">Malerei. Bildr\u00e4ume zwischen Abstraktion und Einf\u00fchlung<\/h2>\t\t\t\t<\/div>\n\t\t\t\t<\/div>\n\t\t\t\t\t<\/div>\n\t\t<\/div>\n\t\t\t\t<div class=\"elementor-column elementor-col-50 elementor-top-column elementor-element elementor-element-3560c22\" data-id=\"3560c22\" data-element_type=\"column\" data-e-type=\"column\">\n\t\t\t<div class=\"elementor-widget-wrap\">\n\t\t\t\t\t\t\t<\/div>\n\t\t<\/div>\n\t\t\t\t\t<\/div>\n\t\t<\/section>\n\t\t\t\t<section class=\"elementor-section elementor-top-section elementor-element elementor-element-d3ba3ce elementor-section-boxed elementor-section-height-default elementor-section-height-default\" data-id=\"d3ba3ce\" data-element_type=\"section\" data-e-type=\"section\">\n\t\t\t\t\t\t<div class=\"elementor-container elementor-column-gap-default\">\n\t\t\t\t\t<div class=\"elementor-column elementor-col-50 elementor-top-column elementor-element elementor-element-9b50861\" data-id=\"9b50861\" data-element_type=\"column\" data-e-type=\"column\">\n\t\t\t<div class=\"elementor-widget-wrap elementor-element-populated\">\n\t\t\t\t\t\t<div class=\"elementor-element elementor-element-b344404 elementor-widget elementor-widget-image\" data-id=\"b344404\" data-element_type=\"widget\" data-e-type=\"widget\" data-widget_type=\"image.default\">\n\t\t\t\t<div class=\"elementor-widget-container\">\n\t\t\t\t\t\t\t\t\t\t\t\t<figure class=\"wp-caption\">\n\t\t\t\t\t\t\t\t\t\t<img fetchpriority=\"high\" decoding=\"async\" width=\"400\" height=\"288\" src=\"https:\/\/gestaltung.architektur.uni-siegen.de\/wp-content\/uploads\/2025\/03\/Faltung_01.jpg\" class=\"attachment-large size-large wp-image-10857\" alt=\"\" srcset=\"https:\/\/gestaltung.architektur.uni-siegen.de\/wp-content\/uploads\/2025\/03\/Faltung_01.jpg 400w, https:\/\/gestaltung.architektur.uni-siegen.de\/wp-content\/uploads\/2025\/03\/Faltung_01-300x216.jpg 300w\" sizes=\"(max-width: 400px) 100vw, 400px\" \/>\t\t\t\t\t\t\t\t\t\t\t<figcaption class=\"widget-image-caption wp-caption-text\">\u00a9 Tobias Becker<\/figcaption>\n\t\t\t\t\t\t\t\t\t\t<\/figure>\n\t\t\t\t\t\t\t\t\t<\/div>\n\t\t\t\t<\/div>\n\t\t\t\t\t<\/div>\n\t\t<\/div>\n\t\t\t\t<div class=\"elementor-column elementor-col-50 elementor-top-column elementor-element elementor-element-9f41f96\" data-id=\"9f41f96\" data-element_type=\"column\" data-e-type=\"column\">\n\t\t\t<div class=\"elementor-widget-wrap elementor-element-populated\">\n\t\t\t\t\t\t<div class=\"elementor-element elementor-element-121c7b6 elementor-widget elementor-widget-text-editor\" data-id=\"121c7b6\" data-element_type=\"widget\" data-e-type=\"widget\" data-widget_type=\"text-editor.default\">\n\t\t\t\t<div class=\"elementor-widget-container\">\n\t\t\t\t\t\t\t\t\t<p><span title=\"MA 08 \/ MA 10+11 Wahlmodul &quot;Malerei. Bildr\u00e4ume zwischen Abstraktion und Einf\u00fchlung&quot; (1. PG)\" data-customfocustooltipinitialized=\"true\" data-customtooltipinitialized=\"true\">MA 08 \/ MA 10+11 Wahlmodul<\/span><br>\nBeginn: Mittwoch, 23. April 2025, 14 Uhr<br>\nRaum PB A 121<\/p>\n<p>Termine:<br>23. April, 14-16 Uhr<br>\n30. April, 14-16 Uhr<br>\n07. Mai, 14-16 Uhr<br>\n14. Mai, 14-18 Uhr<br>\n21. Mai, 14-18 Uhr<br>\n28. Mai, 14-18 Uhr<br>\n04. Juni, 14-18 Uhr<br>\n11. Juni, 14-18 Uhr<br>\n25. Juni, 14-18 Uhr<\/p>\n<p>Dozent:<br>\nUniv.-Prof. Tobias Becker<\/p>\t\t\t\t\t\t\t\t<\/div>\n\t\t\t\t<\/div>\n\t\t\t\t\t<\/div>\n\t\t<\/div>\n\t\t\t\t\t<\/div>\n\t\t<\/section>\n\t\t\t\t<section class=\"elementor-section elementor-top-section elementor-element elementor-element-20e9a51 elementor-section-boxed elementor-section-height-default elementor-section-height-default\" data-id=\"20e9a51\" data-element_type=\"section\" data-e-type=\"section\">\n\t\t\t\t\t\t<div class=\"elementor-container elementor-column-gap-default\">\n\t\t\t\t\t<div class=\"elementor-column elementor-col-100 elementor-top-column elementor-element elementor-element-29e09ac\" data-id=\"29e09ac\" data-element_type=\"column\" data-e-type=\"column\">\n\t\t\t<div class=\"elementor-widget-wrap elementor-element-populated\">\n\t\t\t\t\t\t<div class=\"elementor-element elementor-element-7e88107 elementor-widget elementor-widget-spacer\" data-id=\"7e88107\" data-element_type=\"widget\" data-e-type=\"widget\" data-widget_type=\"spacer.default\">\n\t\t\t\t<div class=\"elementor-widget-container\">\n\t\t\t\t\t\t\t<div class=\"elementor-spacer\">\n\t\t\t<div class=\"elementor-spacer-inner\"><\/div>\n\t\t<\/div>\n\t\t\t\t\t\t<\/div>\n\t\t\t\t<\/div>\n\t\t\t\t\t<\/div>\n\t\t<\/div>\n\t\t\t\t\t<\/div>\n\t\t<\/section>\n\t\t\t\t<section class=\"elementor-section elementor-top-section elementor-element elementor-element-c59b6a0 elementor-section-boxed elementor-section-height-default elementor-section-height-default\" data-id=\"c59b6a0\" data-element_type=\"section\" data-e-type=\"section\">\n\t\t\t\t\t\t<div class=\"elementor-container elementor-column-gap-default\">\n\t\t\t\t\t<div class=\"elementor-column elementor-col-50 elementor-top-column elementor-element elementor-element-ad7e2b1\" data-id=\"ad7e2b1\" data-element_type=\"column\" data-e-type=\"column\">\n\t\t\t<div class=\"elementor-widget-wrap\">\n\t\t\t\t\t\t\t<\/div>\n\t\t<\/div>\n\t\t\t\t<div class=\"elementor-column elementor-col-50 elementor-top-column elementor-element elementor-element-dbd2ec6\" data-id=\"dbd2ec6\" data-element_type=\"column\" data-e-type=\"column\">\n\t\t\t<div class=\"elementor-widget-wrap elementor-element-populated\">\n\t\t\t\t\t\t<div class=\"elementor-element elementor-element-965fb54 elementor-widget elementor-widget-heading\" data-id=\"965fb54\" data-element_type=\"widget\" data-e-type=\"widget\" data-widget_type=\"heading.default\">\n\t\t\t\t<div class=\"elementor-widget-container\">\n\t\t\t\t\t<h2 class=\"elementor-heading-title elementor-size-default\">Master <br>Sommersemester 2025<\/h2>\t\t\t\t<\/div>\n\t\t\t\t<\/div>\n\t\t\t\t\t<\/div>\n\t\t<\/div>\n\t\t\t\t\t<\/div>\n\t\t<\/section>\n\t\t\t\t<section class=\"elementor-section elementor-top-section elementor-element elementor-element-dfa8142 elementor-section-boxed elementor-section-height-default elementor-section-height-default\" data-id=\"dfa8142\" data-element_type=\"section\" data-e-type=\"section\">\n\t\t\t\t\t\t<div class=\"elementor-container elementor-column-gap-default\">\n\t\t\t\t\t<div class=\"elementor-column elementor-col-50 elementor-top-column elementor-element elementor-element-74cc98c\" data-id=\"74cc98c\" data-element_type=\"column\" data-e-type=\"column\">\n\t\t\t<div class=\"elementor-widget-wrap elementor-element-populated\">\n\t\t\t\t\t\t<div class=\"elementor-element elementor-element-c830c38 elementor-widget elementor-widget-heading\" data-id=\"c830c38\" data-element_type=\"widget\" data-e-type=\"widget\" data-widget_type=\"heading.default\">\n\t\t\t\t<div class=\"elementor-widget-container\">\n\t\t\t\t\t<h2 class=\"elementor-heading-title elementor-size-default\">Arbeiten in der offenen Landschaft<br>Exkursion nach Belgien<\/h2>\t\t\t\t<\/div>\n\t\t\t\t<\/div>\n\t\t\t\t\t<\/div>\n\t\t<\/div>\n\t\t\t\t<div class=\"elementor-column elementor-col-50 elementor-top-column elementor-element elementor-element-0d07390\" data-id=\"0d07390\" data-element_type=\"column\" data-e-type=\"column\">\n\t\t\t<div class=\"elementor-widget-wrap\">\n\t\t\t\t\t\t\t<\/div>\n\t\t<\/div>\n\t\t\t\t\t<\/div>\n\t\t<\/section>\n\t\t\t\t<section class=\"elementor-section elementor-top-section elementor-element elementor-element-de294f2 elementor-section-boxed elementor-section-height-default elementor-section-height-default\" data-id=\"de294f2\" data-element_type=\"section\" data-e-type=\"section\">\n\t\t\t\t\t\t<div class=\"elementor-container elementor-column-gap-default\">\n\t\t\t\t\t<div class=\"elementor-column elementor-col-50 elementor-top-column elementor-element elementor-element-0007273\" data-id=\"0007273\" data-element_type=\"column\" data-e-type=\"column\">\n\t\t\t<div class=\"elementor-widget-wrap elementor-element-populated\">\n\t\t\t\t\t\t<div class=\"elementor-element elementor-element-d385f84 elementor-widget elementor-widget-image\" data-id=\"d385f84\" data-element_type=\"widget\" data-e-type=\"widget\" data-widget_type=\"image.default\">\n\t\t\t\t<div class=\"elementor-widget-container\">\n\t\t\t\t\t\t\t\t\t\t\t\t<figure class=\"wp-caption\">\n\t\t\t\t\t\t\t\t\t\t<img decoding=\"async\" width=\"850\" height=\"534\" src=\"https:\/\/gestaltung.architektur.uni-siegen.de\/wp-content\/uploads\/2025\/03\/Ouffet-Belgien.jpg\" class=\"attachment-large size-large wp-image-10833\" alt=\"\" srcset=\"https:\/\/gestaltung.architektur.uni-siegen.de\/wp-content\/uploads\/2025\/03\/Ouffet-Belgien.jpg 850w, https:\/\/gestaltung.architektur.uni-siegen.de\/wp-content\/uploads\/2025\/03\/Ouffet-Belgien-300x188.jpg 300w, https:\/\/gestaltung.architektur.uni-siegen.de\/wp-content\/uploads\/2025\/03\/Ouffet-Belgien-768x482.jpg 768w\" sizes=\"(max-width: 850px) 100vw, 850px\" \/>\t\t\t\t\t\t\t\t\t\t\t<figcaption class=\"widget-image-caption wp-caption-text\">\u00a9 Tobias Becker<\/figcaption>\n\t\t\t\t\t\t\t\t\t\t<\/figure>\n\t\t\t\t\t\t\t\t\t<\/div>\n\t\t\t\t<\/div>\n\t\t\t\t\t<\/div>\n\t\t<\/div>\n\t\t\t\t<div class=\"elementor-column elementor-col-50 elementor-top-column elementor-element elementor-element-f7d7650\" data-id=\"f7d7650\" data-element_type=\"column\" data-e-type=\"column\">\n\t\t\t<div class=\"elementor-widget-wrap elementor-element-populated\">\n\t\t\t\t\t\t<div class=\"elementor-element elementor-element-7b52e79 elementor-widget elementor-widget-text-editor\" data-id=\"7b52e79\" data-element_type=\"widget\" data-e-type=\"widget\" data-widget_type=\"text-editor.default\">\n\t\t\t\t<div class=\"elementor-widget-container\">\n\t\t\t\t\t\t\t\t\t<p>Exkursion 16.-20. Juni 2025<\/p><p>An- und Abreise: privat per Auto<br \/>Kosten: ca. 200 \u20ac<br \/>Ort: Ouffet, Belgien<\/p><p>BA\/MA<\/p><p>Anmeldungen bis 20. April 2025 <br \/>Genauere Informationen <a href=\"https:\/\/web3.webhosting.zimt.uni-siegen.de\/gestaltung\/index.php\/exkursion_belgien\/\">HIER<\/a>.<\/p><p>Dozent*innen: <br \/>Univ.-Prof. Tobias Becker<br \/>Wiss. Mitarbeiter Bastian Hoffmann<br \/>Wiss. Hilfskraft Nils Raupach<br \/>Wiss. Hilfskraft Joelle Klein<\/p>\t\t\t\t\t\t\t\t<\/div>\n\t\t\t\t<\/div>\n\t\t\t\t\t<\/div>\n\t\t<\/div>\n\t\t\t\t\t<\/div>\n\t\t<\/section>\n\t\t\t\t<section class=\"elementor-section elementor-top-section elementor-element elementor-element-795b5a5 elementor-section-boxed elementor-section-height-default elementor-section-height-default\" data-id=\"795b5a5\" data-element_type=\"section\" data-e-type=\"section\">\n\t\t\t\t\t\t<div class=\"elementor-container elementor-column-gap-default\">\n\t\t\t\t\t<div class=\"elementor-column elementor-col-50 elementor-top-column elementor-element elementor-element-aaa63cd\" data-id=\"aaa63cd\" data-element_type=\"column\" data-e-type=\"column\">\n\t\t\t<div class=\"elementor-widget-wrap\">\n\t\t\t\t\t\t\t<\/div>\n\t\t<\/div>\n\t\t\t\t<div class=\"elementor-column elementor-col-50 elementor-top-column elementor-element elementor-element-748cba4\" data-id=\"748cba4\" data-element_type=\"column\" data-e-type=\"column\">\n\t\t\t<div class=\"elementor-widget-wrap elementor-element-populated\">\n\t\t\t\t\t\t<div class=\"elementor-element elementor-element-222473d elementor-widget elementor-widget-heading\" data-id=\"222473d\" data-element_type=\"widget\" data-e-type=\"widget\" data-widget_type=\"heading.default\">\n\t\t\t\t<div class=\"elementor-widget-container\">\n\t\t\t\t\t<h2 class=\"elementor-heading-title elementor-size-default\">Master<br>Sommersemester 2025<\/h2>\t\t\t\t<\/div>\n\t\t\t\t<\/div>\n\t\t\t\t\t<\/div>\n\t\t<\/div>\n\t\t\t\t\t<\/div>\n\t\t<\/section>\n\t\t\t\t<section class=\"elementor-section elementor-top-section elementor-element elementor-element-f7a16c7 elementor-section-boxed elementor-section-height-default elementor-section-height-default\" data-id=\"f7a16c7\" data-element_type=\"section\" data-e-type=\"section\">\n\t\t\t\t\t\t<div class=\"elementor-container elementor-column-gap-default\">\n\t\t\t\t\t<div class=\"elementor-column elementor-col-50 elementor-top-column elementor-element elementor-element-fcdbe3b\" data-id=\"fcdbe3b\" data-element_type=\"column\" data-e-type=\"column\">\n\t\t\t<div class=\"elementor-widget-wrap elementor-element-populated\">\n\t\t\t\t\t\t<div class=\"elementor-element elementor-element-fb2cf5b elementor-widget elementor-widget-heading\" data-id=\"fb2cf5b\" data-element_type=\"widget\" data-e-type=\"widget\" data-widget_type=\"heading.default\">\n\t\t\t\t<div class=\"elementor-widget-container\">\n\t\t\t\t\t<h2 class=\"elementor-heading-title elementor-size-default\">Br\u00fccken &amp; Geschichten<\/h2>\t\t\t\t<\/div>\n\t\t\t\t<\/div>\n\t\t\t\t\t<\/div>\n\t\t<\/div>\n\t\t\t\t<div class=\"elementor-column elementor-col-50 elementor-top-column elementor-element elementor-element-70f3c6e\" data-id=\"70f3c6e\" data-element_type=\"column\" data-e-type=\"column\">\n\t\t\t<div class=\"elementor-widget-wrap\">\n\t\t\t\t\t\t\t<\/div>\n\t\t<\/div>\n\t\t\t\t\t<\/div>\n\t\t<\/section>\n\t\t\t\t<section class=\"elementor-section elementor-top-section elementor-element elementor-element-056dac3 elementor-section-boxed elementor-section-height-default elementor-section-height-default\" data-id=\"056dac3\" data-element_type=\"section\" data-e-type=\"section\">\n\t\t\t\t\t\t<div class=\"elementor-container elementor-column-gap-default\">\n\t\t\t\t\t<div class=\"elementor-column elementor-col-50 elementor-top-column elementor-element elementor-element-2130878\" data-id=\"2130878\" data-element_type=\"column\" data-e-type=\"column\">\n\t\t\t<div class=\"elementor-widget-wrap elementor-element-populated\">\n\t\t\t\t\t\t<div class=\"elementor-element elementor-element-1fab20f elementor-widget elementor-widget-image\" data-id=\"1fab20f\" data-element_type=\"widget\" data-e-type=\"widget\" data-widget_type=\"image.default\">\n\t\t\t\t<div class=\"elementor-widget-container\">\n\t\t\t\t\t\t\t\t\t\t\t\t<figure class=\"wp-caption\">\n\t\t\t\t\t\t\t\t\t\t<img decoding=\"async\" width=\"819\" height=\"1024\" src=\"https:\/\/gestaltung.architektur.uni-siegen.de\/wp-content\/uploads\/2025\/05\/stegreif_bruecken_01-819x1024.jpg\" class=\"attachment-large size-large wp-image-11200\" alt=\"\" srcset=\"https:\/\/gestaltung.architektur.uni-siegen.de\/wp-content\/uploads\/2025\/05\/stegreif_bruecken_01-819x1024.jpg 819w, https:\/\/gestaltung.architektur.uni-siegen.de\/wp-content\/uploads\/2025\/05\/stegreif_bruecken_01-240x300.jpg 240w, https:\/\/gestaltung.architektur.uni-siegen.de\/wp-content\/uploads\/2025\/05\/stegreif_bruecken_01-768x960.jpg 768w, https:\/\/gestaltung.architektur.uni-siegen.de\/wp-content\/uploads\/2025\/05\/stegreif_bruecken_01.jpg 1080w\" sizes=\"(max-width: 819px) 100vw, 819px\" \/>\t\t\t\t\t\t\t\t\t\t\t<figcaption class=\"widget-image-caption wp-caption-text\">\u00a9 Tobias Becker \/ Joelle Klein<\/figcaption>\n\t\t\t\t\t\t\t\t\t\t<\/figure>\n\t\t\t\t\t\t\t\t\t<\/div>\n\t\t\t\t<\/div>\n\t\t\t\t\t<\/div>\n\t\t<\/div>\n\t\t\t\t<div class=\"elementor-column elementor-col-50 elementor-top-column elementor-element elementor-element-d61658b\" data-id=\"d61658b\" data-element_type=\"column\" data-e-type=\"column\">\n\t\t\t<div class=\"elementor-widget-wrap elementor-element-populated\">\n\t\t\t\t\t\t<div class=\"elementor-element elementor-element-c433a1e elementor-widget elementor-widget-text-editor\" data-id=\"c433a1e\" data-element_type=\"widget\" data-e-type=\"widget\" data-widget_type=\"text-editor.default\">\n\t\t\t\t<div class=\"elementor-widget-container\">\n\t\t\t\t\t\t\t\t\t<p>Die Aufgabe verhandelt Reflexion und Gestaltung: Ihr \u00fcbt Euch im sensiblen Wahrnehmen, im formalen Erz\u00e4hlen, im analytischen Umgang mit gebautem Bestand und entwickelt einen eigenen gestalterischen Ausdruck.<\/p><p>Viele Br\u00fccken aus den 1960er- und 70er-Jahren sind heute nicht nur baulich sanierungsbed\u00fcrftig, sie repr\u00e4sentieren zugleich ein Weltbild, das in seiner Fortschrittsgl\u00e4ubigkeit zunehmend hinterfragt wird. Ihre Existenz wirft Fragen auf:<\/p><p>Wie gehen wir mit diesem gebauten Erbe um?<br \/>Welche Geschichten erz\u00e4hlen diese Bauwerke?<br \/>Welche neuen Geschichten k\u00f6nnten wir ihnen einschreiben?<\/p><p>Im Rahmen dieses Stegreifs sollt Ihr Euch einer der f\u00fcnf als Modelle vorliegenden regionalen Br\u00fccken als architektonisch-kulturelles Objekt n\u00e4hern &#8211; als Tr\u00e4ger von Bedeutungen, Erinnerungen und Geschichten im kulturellen Ged\u00e4chtnis der Bundesrepublik.<\/p><p>Erstellt ein maximal 5-min\u00fctiges Video, in dem Eure Erz\u00e4hlung lebendig wird.<\/p><p>Stegreif BA\/MA<\/p><p>Ausgabe: 3. Juni, 14 Uhr, PB-A 121<\/p>\t\t\t\t\t\t\t\t<\/div>\n\t\t\t\t<\/div>\n\t\t\t\t\t<\/div>\n\t\t<\/div>\n\t\t\t\t\t<\/div>\n\t\t<\/section>\n\t\t\t\t<\/div>\n\t\t","protected":false},"excerpt":{"rendered":"<p>Master Sommersemester 2025 Malerei. Bildr\u00e4ume zwischen Abstraktion und Einf\u00fchlung \u00a9 Tobias Becker MA 08 \/ MA 10+11 Wahlmodul Beginn: Mittwoch, 23. April 2025, 14 Uhr Raum PB A 121 Termine:23. April, 14-16 Uhr 30. April, 14-16 Uhr 07. Mai, 14-16 Uhr 14. Mai, 14-18 Uhr 21. Mai, 14-18 Uhr 28. Mai, 14-18 Uhr 04. Juni, [&hellip;]<\/p>\n","protected":false},"author":3,"featured_media":0,"parent":0,"menu_order":0,"comment_status":"closed","ping_status":"closed","template":"","meta":{"footnotes":""},"class_list":["post-10848","page","type-page","status-publish","hentry","entry"],"_links":{"self":[{"href":"https:\/\/gestaltung.architektur.uni-siegen.de\/index.php\/wp-json\/wp\/v2\/pages\/10848","targetHints":{"allow":["GET"]}}],"collection":[{"href":"https:\/\/gestaltung.architektur.uni-siegen.de\/index.php\/wp-json\/wp\/v2\/pages"}],"about":[{"href":"https:\/\/gestaltung.architektur.uni-siegen.de\/index.php\/wp-json\/wp\/v2\/types\/page"}],"author":[{"embeddable":true,"href":"https:\/\/gestaltung.architektur.uni-siegen.de\/index.php\/wp-json\/wp\/v2\/users\/3"}],"replies":[{"embeddable":true,"href":"https:\/\/gestaltung.architektur.uni-siegen.de\/index.php\/wp-json\/wp\/v2\/comments?post=10848"}],"version-history":[{"count":7,"href":"https:\/\/gestaltung.architektur.uni-siegen.de\/index.php\/wp-json\/wp\/v2\/pages\/10848\/revisions"}],"predecessor-version":[{"id":12333,"href":"https:\/\/gestaltung.architektur.uni-siegen.de\/index.php\/wp-json\/wp\/v2\/pages\/10848\/revisions\/12333"}],"wp:attachment":[{"href":"https:\/\/gestaltung.architektur.uni-siegen.de\/index.php\/wp-json\/wp\/v2\/media?parent=10848"}],"curies":[{"name":"wp","href":"https:\/\/api.w.org\/{rel}","templated":true}]}}