{"id":10986,"date":"2025-04-11T11:03:04","date_gmt":"2025-04-11T09:03:04","guid":{"rendered":"https:\/\/gestaltung.architektur.uni-siegen.de\/?page_id=10986"},"modified":"2025-09-17T09:51:22","modified_gmt":"2025-09-17T07:51:22","slug":"exkursion_belgien","status":"publish","type":"page","link":"https:\/\/gestaltung.architektur.uni-siegen.de\/index.php\/exkursion_belgien\/","title":{"rendered":"Exkursion_Belgien"},"content":{"rendered":"\t\t<div data-elementor-type=\"wp-page\" data-elementor-id=\"10986\" class=\"elementor elementor-10986\">\n\t\t\t\t\t\t<section class=\"elementor-section elementor-top-section elementor-element elementor-element-4c4d5f6 elementor-section-boxed elementor-section-height-default elementor-section-height-default\" data-id=\"4c4d5f6\" data-element_type=\"section\" data-e-type=\"section\">\n\t\t\t\t\t\t<div class=\"elementor-container elementor-column-gap-default\">\n\t\t\t\t\t<div class=\"elementor-column elementor-col-50 elementor-top-column elementor-element elementor-element-23282e5\" data-id=\"23282e5\" data-element_type=\"column\" data-e-type=\"column\">\n\t\t\t<div class=\"elementor-widget-wrap\">\n\t\t\t\t\t\t\t<\/div>\n\t\t<\/div>\n\t\t\t\t<div class=\"elementor-column elementor-col-50 elementor-top-column elementor-element elementor-element-31aba22\" data-id=\"31aba22\" data-element_type=\"column\" data-e-type=\"column\">\n\t\t\t<div class=\"elementor-widget-wrap elementor-element-populated\">\n\t\t\t\t\t\t<div class=\"elementor-element elementor-element-3cb5961 elementor-widget elementor-widget-heading\" data-id=\"3cb5961\" data-element_type=\"widget\" data-e-type=\"widget\" data-widget_type=\"heading.default\">\n\t\t\t\t<div class=\"elementor-widget-container\">\n\t\t\t\t\t<h2 class=\"elementor-heading-title elementor-size-default\">Landschaft<br>Exkursion nach Belgien<\/h2>\t\t\t\t<\/div>\n\t\t\t\t<\/div>\n\t\t\t\t\t<\/div>\n\t\t<\/div>\n\t\t\t\t\t<\/div>\n\t\t<\/section>\n\t\t\t\t<section class=\"elementor-section elementor-top-section elementor-element elementor-element-ce460ef elementor-section-boxed elementor-section-height-default elementor-section-height-default\" data-id=\"ce460ef\" data-element_type=\"section\" data-e-type=\"section\">\n\t\t\t\t\t\t<div class=\"elementor-container elementor-column-gap-default\">\n\t\t\t\t\t<div class=\"elementor-column elementor-col-50 elementor-top-column elementor-element elementor-element-dc2a3bc\" data-id=\"dc2a3bc\" data-element_type=\"column\" data-e-type=\"column\">\n\t\t\t<div class=\"elementor-widget-wrap elementor-element-populated\">\n\t\t\t\t\t\t<div class=\"elementor-element elementor-element-f6f2c95 elementor-widget elementor-widget-image\" data-id=\"f6f2c95\" data-element_type=\"widget\" data-e-type=\"widget\" data-widget_type=\"image.default\">\n\t\t\t\t<div class=\"elementor-widget-container\">\n\t\t\t\t\t\t\t\t\t\t\t\t<figure class=\"wp-caption\">\n\t\t\t\t\t\t\t\t\t\t<img fetchpriority=\"high\" decoding=\"async\" width=\"727\" height=\"1024\" src=\"https:\/\/gestaltung.architektur.uni-siegen.de\/wp-content\/uploads\/2025\/04\/Belgien_web-727x1024.jpg\" class=\"attachment-large size-large wp-image-11096\" alt=\"\" srcset=\"https:\/\/gestaltung.architektur.uni-siegen.de\/wp-content\/uploads\/2025\/04\/Belgien_web-727x1024.jpg 727w, https:\/\/gestaltung.architektur.uni-siegen.de\/wp-content\/uploads\/2025\/04\/Belgien_web-213x300.jpg 213w, https:\/\/gestaltung.architektur.uni-siegen.de\/wp-content\/uploads\/2025\/04\/Belgien_web-768x1082.jpg 768w, https:\/\/gestaltung.architektur.uni-siegen.de\/wp-content\/uploads\/2025\/04\/Belgien_web.jpg 850w\" sizes=\"(max-width: 727px) 100vw, 727px\" \/>\t\t\t\t\t\t\t\t\t\t\t<figcaption class=\"widget-image-caption wp-caption-text\">\u00a9 Tobias Becker \/ Grafik: MALO<\/figcaption>\n\t\t\t\t\t\t\t\t\t\t<\/figure>\n\t\t\t\t\t\t\t\t\t<\/div>\n\t\t\t\t<\/div>\n\t\t\t\t\t<\/div>\n\t\t<\/div>\n\t\t\t\t<div class=\"elementor-column elementor-col-50 elementor-top-column elementor-element elementor-element-8b17d23\" data-id=\"8b17d23\" data-element_type=\"column\" data-e-type=\"column\">\n\t\t\t<div class=\"elementor-widget-wrap elementor-element-populated\">\n\t\t\t\t\t\t<div class=\"elementor-element elementor-element-8945a88 elementor-widget elementor-widget-text-editor\" data-id=\"8945a88\" data-element_type=\"widget\" data-e-type=\"widget\" data-widget_type=\"text-editor.default\">\n\t\t\t\t<div class=\"elementor-widget-container\">\n\t\t\t\t\t\t\t\t\t<div>Die Exkursion f\u00fchrt uns nach Ouffet, ein kleines belgisches D\u00f6rfchen in der N\u00e4he von L\u00fcttich. Wir werden vor Ort k\u00fcnstlerisch arbeiten. Ein Schwerpunkt wird die Zeichnung sein, es kann aber auch mit anderen Medien gearbeitet werden. Wir werden in einem weitl\u00e4ufigen Haus untergebracht sein, das uns mit seiner unmittelbaren landschaftlichen Umgebung viel Raum und Inspiration f\u00fcr die Entwicklung freier Arbeiten erm\u00f6glicht. Absicht der Exkursion ist die konzentrierte Arbeit abseits des Unialltags. Die Exkursion wird begleitet von gesamten Lehrgebiet Gestaltung &amp; Gestaltungstheorie. <\/div>\n<div>&nbsp;<\/div>\n<p>Anmeldungen bis zum 20. April formlos per Email an Prof. Tobias Becker (becker@architektur.uni-siegen.de) Die Teilnehmer*innenzahl ist auf 15 begrenzt. Im Vorfeld der Exkursion wird es eine kurze Info-Veranstaltung geben, um Details zu besprechen.<\/p>\n<p>16.-20. Juni 2025<\/p>\n<p>An- und Abreise privat per Auto<br>Ort: Ouffet, Belgien<\/p>\n<p>Kosten: ca. 200 \u20ac (Der genaue Betrag wird bei der Info-Veranstaltung feststehen)<\/p>\n<p>Bachelor + Master&nbsp;<\/p>\n<p>Wir freuen uns auf Eure Teilnahme!<\/p>\n<p>Team <br>Gestaltung &amp; Gestaltungstheorie<\/p>\t\t\t\t\t\t\t\t<\/div>\n\t\t\t\t<\/div>\n\t\t\t\t\t<\/div>\n\t\t<\/div>\n\t\t\t\t\t<\/div>\n\t\t<\/section>\n\t\t\t\t<\/div>\n\t\t","protected":false},"excerpt":{"rendered":"<p>LandschaftExkursion nach Belgien \u00a9 Tobias Becker \/ Grafik: MALO Die Exkursion f\u00fchrt uns nach Ouffet, ein kleines belgisches D\u00f6rfchen in der N\u00e4he von L\u00fcttich. Wir werden vor Ort k\u00fcnstlerisch arbeiten. Ein Schwerpunkt wird die Zeichnung sein, es kann aber auch mit anderen Medien gearbeitet werden. Wir werden in einem weitl\u00e4ufigen Haus untergebracht sein, das uns [&hellip;]<\/p>\n","protected":false},"author":3,"featured_media":0,"parent":0,"menu_order":0,"comment_status":"closed","ping_status":"closed","template":"","meta":{"footnotes":""},"class_list":["post-10986","page","type-page","status-publish","hentry","entry"],"_links":{"self":[{"href":"https:\/\/gestaltung.architektur.uni-siegen.de\/index.php\/wp-json\/wp\/v2\/pages\/10986","targetHints":{"allow":["GET"]}}],"collection":[{"href":"https:\/\/gestaltung.architektur.uni-siegen.de\/index.php\/wp-json\/wp\/v2\/pages"}],"about":[{"href":"https:\/\/gestaltung.architektur.uni-siegen.de\/index.php\/wp-json\/wp\/v2\/types\/page"}],"author":[{"embeddable":true,"href":"https:\/\/gestaltung.architektur.uni-siegen.de\/index.php\/wp-json\/wp\/v2\/users\/3"}],"replies":[{"embeddable":true,"href":"https:\/\/gestaltung.architektur.uni-siegen.de\/index.php\/wp-json\/wp\/v2\/comments?post=10986"}],"version-history":[{"count":3,"href":"https:\/\/gestaltung.architektur.uni-siegen.de\/index.php\/wp-json\/wp\/v2\/pages\/10986\/revisions"}],"predecessor-version":[{"id":11758,"href":"https:\/\/gestaltung.architektur.uni-siegen.de\/index.php\/wp-json\/wp\/v2\/pages\/10986\/revisions\/11758"}],"wp:attachment":[{"href":"https:\/\/gestaltung.architektur.uni-siegen.de\/index.php\/wp-json\/wp\/v2\/media?parent=10986"}],"curies":[{"name":"wp","href":"https:\/\/api.w.org\/{rel}","templated":true}]}}