{"id":11067,"date":"2025-04-17T15:13:09","date_gmt":"2025-04-17T13:13:09","guid":{"rendered":"https:\/\/gestaltung.architektur.uni-siegen.de\/?page_id=11067"},"modified":"2025-08-28T16:23:47","modified_gmt":"2025-08-28T14:23:47","slug":"archiv_ss_25_ausstellung_simulation-und-wirklichkeit","status":"publish","type":"page","link":"https:\/\/gestaltung.architektur.uni-siegen.de\/index.php\/archiv_ss_25_ausstellung_simulation-und-wirklichkeit\/","title":{"rendered":"ARCHIV_SS_25_AUSSTELLUNG_SIMULATION UND WIRKLICHKEIT"},"content":{"rendered":"\t\t<div data-elementor-type=\"wp-page\" data-elementor-id=\"11067\" class=\"elementor elementor-11067\">\n\t\t\t\t\t\t<section class=\"elementor-section elementor-top-section elementor-element elementor-element-6a775d1 elementor-section-boxed elementor-section-height-default elementor-section-height-default\" data-id=\"6a775d1\" data-element_type=\"section\" data-e-type=\"section\">\n\t\t\t\t\t\t<div class=\"elementor-container elementor-column-gap-default\">\n\t\t\t\t\t<div class=\"elementor-column elementor-col-50 elementor-top-column elementor-element elementor-element-87c88d4\" data-id=\"87c88d4\" data-element_type=\"column\" data-e-type=\"column\">\n\t\t\t<div class=\"elementor-widget-wrap\">\n\t\t\t\t\t\t\t<\/div>\n\t\t<\/div>\n\t\t\t\t<div class=\"elementor-column elementor-col-50 elementor-top-column elementor-element elementor-element-ba98e9f\" data-id=\"ba98e9f\" data-element_type=\"column\" data-e-type=\"column\">\n\t\t\t<div class=\"elementor-widget-wrap elementor-element-populated\">\n\t\t\t\t\t\t<div class=\"elementor-element elementor-element-1172471 elementor-widget elementor-widget-heading\" data-id=\"1172471\" data-element_type=\"widget\" data-e-type=\"widget\" data-widget_type=\"heading.default\">\n\t\t\t\t<div class=\"elementor-widget-container\">\n\t\t\t\t\t<h2 class=\"elementor-heading-title elementor-size-default\">Herzliche Einladung!\n <\/h2>\t\t\t\t<\/div>\n\t\t\t\t<\/div>\n\t\t\t\t\t<\/div>\n\t\t<\/div>\n\t\t\t\t\t<\/div>\n\t\t<\/section>\n\t\t\t\t<section class=\"elementor-section elementor-top-section elementor-element elementor-element-49b1f99 elementor-section-boxed elementor-section-height-default elementor-section-height-default\" data-id=\"49b1f99\" data-element_type=\"section\" data-e-type=\"section\">\n\t\t\t\t\t\t<div class=\"elementor-container elementor-column-gap-default\">\n\t\t\t\t\t<div class=\"elementor-column elementor-col-50 elementor-top-column elementor-element elementor-element-4ea4864\" data-id=\"4ea4864\" data-element_type=\"column\" data-e-type=\"column\">\n\t\t\t<div class=\"elementor-widget-wrap elementor-element-populated\">\n\t\t\t\t\t\t<div class=\"elementor-element elementor-element-2a19ebf elementor-widget elementor-widget-image\" data-id=\"2a19ebf\" data-element_type=\"widget\" data-e-type=\"widget\" data-widget_type=\"image.default\">\n\t\t\t\t<div class=\"elementor-widget-container\">\n\t\t\t\t\t\t\t\t\t\t\t\t\t\t\t<img fetchpriority=\"high\" decoding=\"async\" width=\"727\" height=\"1024\" src=\"https:\/\/gestaltung.architektur.uni-siegen.de\/wp-content\/uploads\/2025\/04\/Simulation-Wirklichkeit_web-727x1024.jpg\" class=\"attachment-large size-large wp-image-11069\" alt=\"\" srcset=\"https:\/\/gestaltung.architektur.uni-siegen.de\/wp-content\/uploads\/2025\/04\/Simulation-Wirklichkeit_web-727x1024.jpg 727w, https:\/\/gestaltung.architektur.uni-siegen.de\/wp-content\/uploads\/2025\/04\/Simulation-Wirklichkeit_web-213x300.jpg 213w, https:\/\/gestaltung.architektur.uni-siegen.de\/wp-content\/uploads\/2025\/04\/Simulation-Wirklichkeit_web-768x1082.jpg 768w, https:\/\/gestaltung.architektur.uni-siegen.de\/wp-content\/uploads\/2025\/04\/Simulation-Wirklichkeit_web.jpg 850w\" sizes=\"(max-width: 727px) 100vw, 727px\" \/>\t\t\t\t\t\t\t\t\t\t\t\t\t\t\t<\/div>\n\t\t\t\t<\/div>\n\t\t\t\t\t<\/div>\n\t\t<\/div>\n\t\t\t\t<div class=\"elementor-column elementor-col-50 elementor-top-column elementor-element elementor-element-22e358b\" data-id=\"22e358b\" data-element_type=\"column\" data-e-type=\"column\">\n\t\t\t<div class=\"elementor-widget-wrap elementor-element-populated\">\n\t\t\t\t\t\t<div class=\"elementor-element elementor-element-0640745 elementor-widget elementor-widget-text-editor\" data-id=\"0640745\" data-element_type=\"widget\" data-e-type=\"widget\" data-widget_type=\"text-editor.default\">\n\t\t\t\t<div class=\"elementor-widget-container\">\n\t\t\t\t\t\t\t\t\t<p>Ausstellung &#8222;Simulation und Wirklichkeit&#8220;<\/p>\n<p>In zwei aufeinander folgenden Ausstellungen werden die Arbeiten der Teilnehmer*innen des Masterseminars &#8222;Entwurf und Gestaltung&#8220; des letzten Wintersemesters zum Thema Simulation und Wirklichkeit pr\u00e4sentiert.<\/p>\n<p>Die medial hochkomplexen Umgebungen unserer Zeit verpflichten uns zu einer Befragung ebendieser medialen Kontexte; zum einen hinsichtlich des Verst\u00e4ndnisses von &#8222;Raum&#8220; in der architektonischen Praxis, zum anderen &#8211; grunds\u00e4tzlicher &#8211; bezogen auf die eigenen Lebenswirklichkeiten, die auf vielen Ebenen von Momenten der Simulation durchzogen sind. Mit R\u00fcckgriff auf Baudrillards Begriff der Hyperrealit\u00e4t lauteten Einstiegsfragen in die k\u00fcnstlerische wie forschende Auseinandersetzung mit dem Thema etwa: Was in unserer allt\u00e4glichen Wirklichkeit ist real und was ist simuliert? Oder: Wie &#8222;echt&#8220; oder &#8222;unecht&#8220; ist das Material, das uns umgibt? Wie &#8222;echt&#8220; oder &#8222;unecht&#8220; sind die R\u00e4ume, in denen wir leben? Und in der Folge: Wie konstruiert und konstituiert sich Raum, bzw. unsere Wirklichkeit vor dem Hintergrund dieser Fragestellungen?<\/p>\n<p>Die Studierenden verhandelten diese Fragen auf sehr freie Art und Weise anhand selbst gew\u00e4hlter (Alltags-)Ph\u00e4nomene und untersuchten diese \u00fcberwiegend \u00fcber das Medium des analogen Modells, dessen Existenz (ebenso) auf realen wie simulierten Momenten gr\u00fcndet. Die k\u00fcnstlerischen Ausarbeitungen wurden begleitet von textlichen Ausf\u00fchrungen, in denen die je spezifischen Beobachtungen in einen gr\u00f6\u00dferen kulturellen, technischen und\/oder formalen Kontext gesetzt wurden.<\/p>\n<p>Simulation &amp; Wirklichkeit <br>\nAusstellung im Glaskubus*<\/p>\n<p>Teil I<br>\nDienstag, 22. April 2025, 18 Uhr<\/p>\n<p>Teil II<br>\nDienstag, 29. April 2025, 18 Uhr<\/p>\n<p>Wir freuen uns auf Ihr und Eurer Kommen!<br>\nTeam Gestaltung &amp; Gestaltungstheorie<\/p>\n<p>*Ausstellungen Teil I &amp; II mit je ca. 15 mehrheitlich in Zweierteams entwickelten Arbeiten<\/p>\n<p>Glaskubus<br>\nDepartment Architektur<br>\nUniversit\u00e4t Siegen<br>\nPaul-Bonatz-Str. 9-11<br>\n57068 Siegen<\/p>\t\t\t\t\t\t\t\t<\/div>\n\t\t\t\t<\/div>\n\t\t\t\t\t<\/div>\n\t\t<\/div>\n\t\t\t\t\t<\/div>\n\t\t<\/section>\n\t\t\t\t<\/div>\n\t\t","protected":false},"excerpt":{"rendered":"<p>Herzliche Einladung! Ausstellung &#8222;Simulation und Wirklichkeit&#8220; In zwei aufeinander folgenden Ausstellungen werden die Arbeiten der Teilnehmer*innen des Masterseminars &#8222;Entwurf und Gestaltung&#8220; des letzten Wintersemesters zum Thema Simulation und Wirklichkeit pr\u00e4sentiert. Die medial hochkomplexen Umgebungen unserer Zeit verpflichten uns zu einer Befragung ebendieser medialen Kontexte; zum einen hinsichtlich des Verst\u00e4ndnisses von &#8222;Raum&#8220; in der architektonischen Praxis, [&hellip;]<\/p>\n","protected":false},"author":3,"featured_media":0,"parent":0,"menu_order":0,"comment_status":"closed","ping_status":"closed","template":"","meta":{"footnotes":""},"class_list":["post-11067","page","type-page","status-publish","hentry","entry"],"_links":{"self":[{"href":"https:\/\/gestaltung.architektur.uni-siegen.de\/index.php\/wp-json\/wp\/v2\/pages\/11067","targetHints":{"allow":["GET"]}}],"collection":[{"href":"https:\/\/gestaltung.architektur.uni-siegen.de\/index.php\/wp-json\/wp\/v2\/pages"}],"about":[{"href":"https:\/\/gestaltung.architektur.uni-siegen.de\/index.php\/wp-json\/wp\/v2\/types\/page"}],"author":[{"embeddable":true,"href":"https:\/\/gestaltung.architektur.uni-siegen.de\/index.php\/wp-json\/wp\/v2\/users\/3"}],"replies":[{"embeddable":true,"href":"https:\/\/gestaltung.architektur.uni-siegen.de\/index.php\/wp-json\/wp\/v2\/comments?post=11067"}],"version-history":[{"count":0,"href":"https:\/\/gestaltung.architektur.uni-siegen.de\/index.php\/wp-json\/wp\/v2\/pages\/11067\/revisions"}],"wp:attachment":[{"href":"https:\/\/gestaltung.architektur.uni-siegen.de\/index.php\/wp-json\/wp\/v2\/media?parent=11067"}],"curies":[{"name":"wp","href":"https:\/\/api.w.org\/{rel}","templated":true}]}}