{"id":11179,"date":"2025-05-31T10:17:18","date_gmt":"2025-05-31T08:17:18","guid":{"rendered":"https:\/\/gestaltung.architektur.uni-siegen.de\/?page_id=11179"},"modified":"2025-08-28T14:26:20","modified_gmt":"2025-08-28T12:26:20","slug":"archiv_ss_25_stegreif_brucken","status":"publish","type":"page","link":"https:\/\/gestaltung.architektur.uni-siegen.de\/index.php\/archiv_ss_25_stegreif_brucken\/","title":{"rendered":"ARCHIV_SS_25_STEGREIF_BR\u00dcCKEN"},"content":{"rendered":"\t\t<div data-elementor-type=\"wp-page\" data-elementor-id=\"11179\" class=\"elementor elementor-11179\">\n\t\t\t\t\t\t<section class=\"elementor-section elementor-top-section elementor-element elementor-element-68a34db elementor-section-boxed elementor-section-height-default elementor-section-height-default\" data-id=\"68a34db\" data-element_type=\"section\" data-e-type=\"section\">\n\t\t\t\t\t\t<div class=\"elementor-container elementor-column-gap-default\">\n\t\t\t\t\t<div class=\"elementor-column elementor-col-50 elementor-top-column elementor-element elementor-element-7d622e8\" data-id=\"7d622e8\" data-element_type=\"column\" data-e-type=\"column\">\n\t\t\t<div class=\"elementor-widget-wrap elementor-element-populated\">\n\t\t\t\t\t\t<div class=\"elementor-element elementor-element-327781b elementor-widget elementor-widget-image\" data-id=\"327781b\" data-element_type=\"widget\" data-e-type=\"widget\" data-widget_type=\"image.default\">\n\t\t\t\t<div class=\"elementor-widget-container\">\n\t\t\t\t\t\t\t\t\t\t\t\t\t\t\t<img fetchpriority=\"high\" decoding=\"async\" width=\"819\" height=\"1024\" src=\"https:\/\/gestaltung.architektur.uni-siegen.de\/wp-content\/uploads\/2025\/05\/stegreif_bruecken-819x1024.jpg\" class=\"attachment-large size-large wp-image-11185\" alt=\"\" srcset=\"https:\/\/gestaltung.architektur.uni-siegen.de\/wp-content\/uploads\/2025\/05\/stegreif_bruecken-819x1024.jpg 819w, https:\/\/gestaltung.architektur.uni-siegen.de\/wp-content\/uploads\/2025\/05\/stegreif_bruecken-240x300.jpg 240w, https:\/\/gestaltung.architektur.uni-siegen.de\/wp-content\/uploads\/2025\/05\/stegreif_bruecken-768x960.jpg 768w, https:\/\/gestaltung.architektur.uni-siegen.de\/wp-content\/uploads\/2025\/05\/stegreif_bruecken.jpg 1080w\" sizes=\"(max-width: 819px) 100vw, 819px\" \/>\t\t\t\t\t\t\t\t\t\t\t\t\t\t\t<\/div>\n\t\t\t\t<\/div>\n\t\t\t\t\t<\/div>\n\t\t<\/div>\n\t\t\t\t<div class=\"elementor-column elementor-col-50 elementor-top-column elementor-element elementor-element-f21b10b\" data-id=\"f21b10b\" data-element_type=\"column\" data-e-type=\"column\">\n\t\t\t<div class=\"elementor-widget-wrap elementor-element-populated\">\n\t\t\t\t\t\t<div class=\"elementor-element elementor-element-915fbb7 elementor-widget elementor-widget-text-editor\" data-id=\"915fbb7\" data-element_type=\"widget\" data-e-type=\"widget\" data-widget_type=\"text-editor.default\">\n\t\t\t\t<div class=\"elementor-widget-container\">\n\t\t\t\t\t\t\t\t\t<p>Stegreif BA\/MA<\/p><p>Die Aufgabe verhandelt Reflexion und Gestaltung: Ihr \u00fcbt Euch im sensiblen Wahrnehmen, im formalen Erz\u00e4hlen, im analytischen Umgang mit gebautem Bestand und entwickelt einen eigenen gestalterischen Ausdruck.<\/p><p>Viele Br\u00fccken aus den 1960er- und 70er-Jahren sind heute nicht nur baulich sanierungsbed\u00fcrftig, sie repr\u00e4sentieren zugleich ein Weltbild, das in seiner Fortschrittsgl\u00e4ubigkeit zunehmend hinterfragt wird. Ihre Existenz wirft Fragen auf:<\/p><p>Wie gehen wir mit diesem gebauten Erbe um?<br \/>Welche Geschichten erz\u00e4hlen diese Bauwerke?<br \/>Welche neuen Geschichten k\u00f6nnten wir ihnen einschreiben?<\/p><p>Im Rahmen dieses Stegreifs sollt Ihr Euch einer der f\u00fcnf als Modelle vorliegenden regionalen Br\u00fccken als architektonisch-kulturelles Objekt n\u00e4hern &#8211; als Tr\u00e4ger von Bedeutungen, Erinnerungen und Geschichten im kulturellen Ged\u00e4chtnis der Bundesrepublik.<\/p><p>Erstellt ein maximal 5-min\u00fctiges Video, in dem Eure Erz\u00e4hlung lebendig wird.<\/p><p>Ausgabe: 3. Juni, 14 Uhr, PB-A 121<\/p>\t\t\t\t\t\t\t\t<\/div>\n\t\t\t\t<\/div>\n\t\t\t\t\t<\/div>\n\t\t<\/div>\n\t\t\t\t\t<\/div>\n\t\t<\/section>\n\t\t\t\t<\/div>\n\t\t","protected":false},"excerpt":{"rendered":"<p>Stegreif BA\/MA Die Aufgabe verhandelt Reflexion und Gestaltung: Ihr \u00fcbt Euch im sensiblen Wahrnehmen, im formalen Erz\u00e4hlen, im analytischen Umgang mit gebautem Bestand und entwickelt einen eigenen gestalterischen Ausdruck. Viele Br\u00fccken aus den 1960er- und 70er-Jahren sind heute nicht nur baulich sanierungsbed\u00fcrftig, sie repr\u00e4sentieren zugleich ein Weltbild, das in seiner Fortschrittsgl\u00e4ubigkeit zunehmend hinterfragt wird. Ihre [&hellip;]<\/p>\n","protected":false},"author":3,"featured_media":0,"parent":0,"menu_order":0,"comment_status":"closed","ping_status":"closed","template":"","meta":{"footnotes":""},"class_list":["post-11179","page","type-page","status-publish","hentry","entry"],"_links":{"self":[{"href":"https:\/\/gestaltung.architektur.uni-siegen.de\/index.php\/wp-json\/wp\/v2\/pages\/11179","targetHints":{"allow":["GET"]}}],"collection":[{"href":"https:\/\/gestaltung.architektur.uni-siegen.de\/index.php\/wp-json\/wp\/v2\/pages"}],"about":[{"href":"https:\/\/gestaltung.architektur.uni-siegen.de\/index.php\/wp-json\/wp\/v2\/types\/page"}],"author":[{"embeddable":true,"href":"https:\/\/gestaltung.architektur.uni-siegen.de\/index.php\/wp-json\/wp\/v2\/users\/3"}],"replies":[{"embeddable":true,"href":"https:\/\/gestaltung.architektur.uni-siegen.de\/index.php\/wp-json\/wp\/v2\/comments?post=11179"}],"version-history":[{"count":0,"href":"https:\/\/gestaltung.architektur.uni-siegen.de\/index.php\/wp-json\/wp\/v2\/pages\/11179\/revisions"}],"wp:attachment":[{"href":"https:\/\/gestaltung.architektur.uni-siegen.de\/index.php\/wp-json\/wp\/v2\/media?parent=11179"}],"curies":[{"name":"wp","href":"https:\/\/api.w.org\/{rel}","templated":true}]}}