{"id":11780,"date":"2025-10-07T21:44:56","date_gmt":"2025-10-07T19:44:56","guid":{"rendered":"https:\/\/gestaltung.architektur.uni-siegen.de\/?page_id=11780"},"modified":"2026-04-12T10:03:26","modified_gmt":"2026-04-12T08:03:26","slug":"master","status":"publish","type":"page","link":"https:\/\/gestaltung.architektur.uni-siegen.de\/index.php\/master\/","title":{"rendered":"Master"},"content":{"rendered":"\t\t<div data-elementor-type=\"wp-page\" data-elementor-id=\"11780\" class=\"elementor elementor-11780\">\n\t\t\t\t\t\t<section class=\"elementor-section elementor-top-section elementor-element elementor-element-11b18a1 elementor-section-boxed elementor-section-height-default elementor-section-height-default\" data-id=\"11b18a1\" data-element_type=\"section\" data-e-type=\"section\">\n\t\t\t\t\t\t<div class=\"elementor-container elementor-column-gap-default\">\n\t\t\t\t\t<div class=\"elementor-column elementor-col-50 elementor-top-column elementor-element elementor-element-2507da47\" data-id=\"2507da47\" data-element_type=\"column\" data-e-type=\"column\">\n\t\t\t<div class=\"elementor-widget-wrap\">\n\t\t\t\t\t\t\t<\/div>\n\t\t<\/div>\n\t\t\t\t<div class=\"elementor-column elementor-col-50 elementor-top-column elementor-element elementor-element-74cc707a\" data-id=\"74cc707a\" data-element_type=\"column\" data-e-type=\"column\">\n\t\t\t<div class=\"elementor-widget-wrap elementor-element-populated\">\n\t\t\t\t\t\t<div class=\"elementor-element elementor-element-7eb6e3e1 elementor-widget elementor-widget-heading\" data-id=\"7eb6e3e1\" data-element_type=\"widget\" data-e-type=\"widget\" data-widget_type=\"heading.default\">\n\t\t\t\t<div class=\"elementor-widget-container\">\n\t\t\t\t\t<h2 class=\"elementor-heading-title elementor-size-default\">Master <br>Sommersemester 2026<\/h2>\t\t\t\t<\/div>\n\t\t\t\t<\/div>\n\t\t\t\t\t<\/div>\n\t\t<\/div>\n\t\t\t\t\t<\/div>\n\t\t<\/section>\n\t\t\t\t<section class=\"elementor-section elementor-top-section elementor-element elementor-element-196b834 elementor-section-boxed elementor-section-height-default elementor-section-height-default\" data-id=\"196b834\" data-element_type=\"section\" data-e-type=\"section\">\n\t\t\t\t\t\t<div class=\"elementor-container elementor-column-gap-default\">\n\t\t\t\t\t<div class=\"elementor-column elementor-col-50 elementor-top-column elementor-element elementor-element-a8588b4\" data-id=\"a8588b4\" data-element_type=\"column\" data-e-type=\"column\">\n\t\t\t<div class=\"elementor-widget-wrap elementor-element-populated\">\n\t\t\t\t\t\t<div class=\"elementor-element elementor-element-7bf6158 elementor-widget elementor-widget-heading\" data-id=\"7bf6158\" data-element_type=\"widget\" data-e-type=\"widget\" data-widget_type=\"heading.default\">\n\t\t\t\t<div class=\"elementor-widget-container\">\n\t\t\t\t\t<h2 class=\"elementor-heading-title elementor-size-default\">Arbeiten in der offenen Landschaft \nExkursion nach Belgien<\/h2>\t\t\t\t<\/div>\n\t\t\t\t<\/div>\n\t\t\t\t\t<\/div>\n\t\t<\/div>\n\t\t\t\t<div class=\"elementor-column elementor-col-50 elementor-top-column elementor-element elementor-element-3560c22\" data-id=\"3560c22\" data-element_type=\"column\" data-e-type=\"column\">\n\t\t\t<div class=\"elementor-widget-wrap elementor-element-populated\">\n\t\t\t\t\t\t\t<\/div>\n\t\t<\/div>\n\t\t\t\t\t<\/div>\n\t\t<\/section>\n\t\t\t\t<section class=\"elementor-section elementor-top-section elementor-element elementor-element-d3ba3ce elementor-section-boxed elementor-section-height-default elementor-section-height-default\" data-id=\"d3ba3ce\" data-element_type=\"section\" data-e-type=\"section\">\n\t\t\t\t\t\t<div class=\"elementor-container elementor-column-gap-default\">\n\t\t\t\t\t<div class=\"elementor-column elementor-col-50 elementor-top-column elementor-element elementor-element-9b50861\" data-id=\"9b50861\" data-element_type=\"column\" data-e-type=\"column\">\n\t\t\t<div class=\"elementor-widget-wrap elementor-element-populated\">\n\t\t\t\t\t\t<div class=\"elementor-element elementor-element-b344404 elementor-widget elementor-widget-image\" data-id=\"b344404\" data-element_type=\"widget\" data-e-type=\"widget\" data-widget_type=\"image.default\">\n\t\t\t\t<div class=\"elementor-widget-container\">\n\t\t\t\t\t\t\t\t\t\t\t\t<figure class=\"wp-caption\">\n\t\t\t\t\t\t\t\t\t\t<img fetchpriority=\"high\" decoding=\"async\" width=\"724\" height=\"1024\" src=\"https:\/\/gestaltung.architektur.uni-siegen.de\/wp-content\/uploads\/2026\/04\/Plakat_BELGIEN____2026-724x1024.jpg\" class=\"attachment-large size-large wp-image-12863\" alt=\"\" srcset=\"https:\/\/gestaltung.architektur.uni-siegen.de\/wp-content\/uploads\/2026\/04\/Plakat_BELGIEN____2026-724x1024.jpg 724w, https:\/\/gestaltung.architektur.uni-siegen.de\/wp-content\/uploads\/2026\/04\/Plakat_BELGIEN____2026-212x300.jpg 212w, https:\/\/gestaltung.architektur.uni-siegen.de\/wp-content\/uploads\/2026\/04\/Plakat_BELGIEN____2026-768x1086.jpg 768w, https:\/\/gestaltung.architektur.uni-siegen.de\/wp-content\/uploads\/2026\/04\/Plakat_BELGIEN____2026-1086x1536.jpg 1086w, https:\/\/gestaltung.architektur.uni-siegen.de\/wp-content\/uploads\/2026\/04\/Plakat_BELGIEN____2026.jpg 1191w\" sizes=\"(max-width: 724px) 100vw, 724px\" \/>\t\t\t\t\t\t\t\t\t\t\t<figcaption class=\"widget-image-caption wp-caption-text\">\u00a9 Simona Hoff<\/figcaption>\n\t\t\t\t\t\t\t\t\t\t<\/figure>\n\t\t\t\t\t\t\t\t\t<\/div>\n\t\t\t\t<\/div>\n\t\t\t\t\t<\/div>\n\t\t<\/div>\n\t\t\t\t<div class=\"elementor-column elementor-col-50 elementor-top-column elementor-element elementor-element-9f41f96\" data-id=\"9f41f96\" data-element_type=\"column\" data-e-type=\"column\">\n\t\t\t<div class=\"elementor-widget-wrap elementor-element-populated\">\n\t\t\t\t\t\t<div class=\"elementor-element elementor-element-121c7b6 elementor-widget elementor-widget-text-editor\" data-id=\"121c7b6\" data-element_type=\"widget\" data-e-type=\"widget\" data-widget_type=\"text-editor.default\">\n\t\t\t\t<div class=\"elementor-widget-container\">\n\t\t\t\t\t\t\t\t\t<p>Die Exkursion f\u00fchrt uns nach Ouffet, ein kleines belgisches D\u00f6rfchen in der N\u00e4he von L\u00fcttich. Wir werden vor Ort k\u00fcnstlerisch arbeiten. Ein Schwerpunkt wird die Zeichnung sein, es kann aber auch mit anderen Medien gearbeitet werden. Wir werden in einem weitl\u00e4ufigen Haus untergebracht sein, das uns mit seiner unmittelbaren landschaftlichen Umgebung viel Raum und Inspiration f\u00fcr die Entwicklung freier Arbeiten erm\u00f6glicht. Absicht der Exkursion ist die konzentrierte Arbeit abseits des Unialltags.<\/p><p>Anmeldungen bis zum 24. April formlos per Email an Prof. Tobias Becker (becker@architektur.uni-siegen.de). Die Teilnehmer*innenzahl ist auf 18 begrenzt. Sollte es mehr als 18 Anmeldungen geben, entscheidet das Los. Im Vorfeld der Exkursion wird es eine kurze Info-Veranstaltung geben, um Details zu besprechen.<\/p><p>8.-12. Juni 2026<\/p><p>An- und Abreise privat per Auto<br \/>Ort: Ouffet, Belgien<\/p><p>Kosten: ca. 220 \u20ac (Der genaue Betrag wird bei der Info-Veranstaltung feststehen)<\/p><p>Bachelor\/Master<\/p><p>Univ.-Prof. Tobias Becker<br \/>Wiss. Mitarbeiterin Anne Arndt<\/p>\t\t\t\t\t\t\t\t<\/div>\n\t\t\t\t<\/div>\n\t\t\t\t\t<\/div>\n\t\t<\/div>\n\t\t\t\t\t<\/div>\n\t\t<\/section>\n\t\t\t\t<section class=\"elementor-section elementor-top-section elementor-element elementor-element-20e9a51 elementor-section-boxed elementor-section-height-default elementor-section-height-default\" data-id=\"20e9a51\" data-element_type=\"section\" data-e-type=\"section\">\n\t\t\t\t\t\t<div class=\"elementor-container elementor-column-gap-default\">\n\t\t\t\t\t<div class=\"elementor-column elementor-col-100 elementor-top-column elementor-element elementor-element-29e09ac\" data-id=\"29e09ac\" data-element_type=\"column\" data-e-type=\"column\">\n\t\t\t<div class=\"elementor-widget-wrap elementor-element-populated\">\n\t\t\t\t\t\t<div class=\"elementor-element elementor-element-7e88107 elementor-widget elementor-widget-spacer\" data-id=\"7e88107\" data-element_type=\"widget\" data-e-type=\"widget\" data-widget_type=\"spacer.default\">\n\t\t\t\t<div class=\"elementor-widget-container\">\n\t\t\t\t\t\t\t<div class=\"elementor-spacer\">\n\t\t\t<div class=\"elementor-spacer-inner\"><\/div>\n\t\t<\/div>\n\t\t\t\t\t\t<\/div>\n\t\t\t\t<\/div>\n\t\t\t\t\t<\/div>\n\t\t<\/div>\n\t\t\t\t\t<\/div>\n\t\t<\/section>\n\t\t\t\t<\/div>\n\t\t","protected":false},"excerpt":{"rendered":"<p>Master Sommersemester 2026 Arbeiten in der offenen Landschaft Exkursion nach Belgien \u00a9 Simona Hoff Die Exkursion f\u00fchrt uns nach Ouffet, ein kleines belgisches D\u00f6rfchen in der N\u00e4he von L\u00fcttich. Wir werden vor Ort k\u00fcnstlerisch arbeiten. Ein Schwerpunkt wird die Zeichnung sein, es kann aber auch mit anderen Medien gearbeitet werden. Wir werden in einem weitl\u00e4ufigen [&hellip;]<\/p>\n","protected":false},"author":9,"featured_media":0,"parent":0,"menu_order":0,"comment_status":"closed","ping_status":"closed","template":"","meta":{"footnotes":""},"class_list":["post-11780","page","type-page","status-publish","hentry","entry"],"_links":{"self":[{"href":"https:\/\/gestaltung.architektur.uni-siegen.de\/index.php\/wp-json\/wp\/v2\/pages\/11780","targetHints":{"allow":["GET"]}}],"collection":[{"href":"https:\/\/gestaltung.architektur.uni-siegen.de\/index.php\/wp-json\/wp\/v2\/pages"}],"about":[{"href":"https:\/\/gestaltung.architektur.uni-siegen.de\/index.php\/wp-json\/wp\/v2\/types\/page"}],"author":[{"embeddable":true,"href":"https:\/\/gestaltung.architektur.uni-siegen.de\/index.php\/wp-json\/wp\/v2\/users\/9"}],"replies":[{"embeddable":true,"href":"https:\/\/gestaltung.architektur.uni-siegen.de\/index.php\/wp-json\/wp\/v2\/comments?post=11780"}],"version-history":[{"count":71,"href":"https:\/\/gestaltung.architektur.uni-siegen.de\/index.php\/wp-json\/wp\/v2\/pages\/11780\/revisions"}],"predecessor-version":[{"id":12875,"href":"https:\/\/gestaltung.architektur.uni-siegen.de\/index.php\/wp-json\/wp\/v2\/pages\/11780\/revisions\/12875"}],"wp:attachment":[{"href":"https:\/\/gestaltung.architektur.uni-siegen.de\/index.php\/wp-json\/wp\/v2\/media?parent=11780"}],"curies":[{"name":"wp","href":"https:\/\/api.w.org\/{rel}","templated":true}]}}