{"id":11892,"date":"2025-09-22T22:32:14","date_gmt":"2025-09-22T20:32:14","guid":{"rendered":"https:\/\/gestaltung.architektur.uni-siegen.de\/?page_id=11892"},"modified":"2025-09-27T07:48:49","modified_gmt":"2025-09-27T05:48:49","slug":"bautag_2025_fassadenworkshop","status":"publish","type":"page","link":"https:\/\/gestaltung.architektur.uni-siegen.de\/index.php\/bautag_2025_fassadenworkshop\/","title":{"rendered":"Bautag_2025_Fassadenworkshop"},"content":{"rendered":"\t\t<div data-elementor-type=\"wp-page\" data-elementor-id=\"11892\" class=\"elementor elementor-11892\">\n\t\t\t\t\t\t<section class=\"elementor-section elementor-top-section elementor-element elementor-element-05527a7 elementor-section-boxed elementor-section-height-default elementor-section-height-default\" data-id=\"05527a7\" data-element_type=\"section\" data-e-type=\"section\">\n\t\t\t\t\t\t<div class=\"elementor-container elementor-column-gap-default\">\n\t\t\t\t\t<div class=\"elementor-column elementor-col-50 elementor-top-column elementor-element elementor-element-50322d1\" data-id=\"50322d1\" data-element_type=\"column\" data-e-type=\"column\">\n\t\t\t<div class=\"elementor-widget-wrap elementor-element-populated\">\n\t\t\t\t\t\t<div class=\"elementor-element elementor-element-222c609 elementor-widget elementor-widget-image\" data-id=\"222c609\" data-element_type=\"widget\" data-e-type=\"widget\" data-widget_type=\"image.default\">\n\t\t\t\t<div class=\"elementor-widget-container\">\n\t\t\t\t\t\t\t\t\t\t\t\t\t\t\t<img fetchpriority=\"high\" decoding=\"async\" width=\"819\" height=\"1024\" src=\"https:\/\/gestaltung.architektur.uni-siegen.de\/wp-content\/uploads\/2025\/09\/Workshop_Anku\u0308ndigung-819x1024.jpg\" class=\"attachment-large size-large wp-image-12000\" alt=\"\" srcset=\"https:\/\/gestaltung.architektur.uni-siegen.de\/wp-content\/uploads\/2025\/09\/Workshop_Anku\u0308ndigung-819x1024.jpg 819w, https:\/\/gestaltung.architektur.uni-siegen.de\/wp-content\/uploads\/2025\/09\/Workshop_Anku\u0308ndigung-240x300.jpg 240w, https:\/\/gestaltung.architektur.uni-siegen.de\/wp-content\/uploads\/2025\/09\/Workshop_Anku\u0308ndigung-768x960.jpg 768w, https:\/\/gestaltung.architektur.uni-siegen.de\/wp-content\/uploads\/2025\/09\/Workshop_Anku\u0308ndigung-1229x1536.jpg 1229w, https:\/\/gestaltung.architektur.uni-siegen.de\/wp-content\/uploads\/2025\/09\/Workshop_Anku\u0308ndigung-1638x2048.jpg 1638w, https:\/\/gestaltung.architektur.uni-siegen.de\/wp-content\/uploads\/2025\/09\/Workshop_Anku\u0308ndigung-scaled.jpg 2048w\" sizes=\"(max-width: 819px) 100vw, 819px\" \/>\t\t\t\t\t\t\t\t\t\t\t\t\t\t\t<\/div>\n\t\t\t\t<\/div>\n\t\t\t\t\t<\/div>\n\t\t<\/div>\n\t\t\t\t<div class=\"elementor-column elementor-col-50 elementor-top-column elementor-element elementor-element-cbca5c2\" data-id=\"cbca5c2\" data-element_type=\"column\" data-e-type=\"column\">\n\t\t\t<div class=\"elementor-widget-wrap elementor-element-populated\">\n\t\t\t\t\t\t<div class=\"elementor-element elementor-element-39f785c elementor-widget__width-initial elementor-widget elementor-widget-text-editor\" data-id=\"39f785c\" data-element_type=\"widget\" data-e-type=\"widget\" data-widget_type=\"text-editor.default\">\n\t\t\t\t<div class=\"elementor-widget-container\">\n\t\t\t\t\t\t\t\t\t<p><strong>Fassadenworkshop \u2013 Replay \/ Remix \/ Reinvent\u00a0<\/strong><br \/>Seminar BA + MA<\/p><p>Thema dieses Seminars ist die akkurate Erstellung von Fassaden im Modell. Wir werden Fassaden aus den 1950er bis 1980er Jahren in Siegen betrachten, sie fotografisch m\u00f6glichst genau dokumentieren und in einem kompakten Workshop von wenigen Tagen nachbilden. Der direkte und detailgetreue Nachbau im Modell tr\u00e4gt nicht nur zum tieferen Verst\u00e4ndnis bestehender Fassadengestaltung bei, er bezieht auch Stellung im aktuellen Diskurs \u00fcber den Umgang mit dem Bestand. Erst wenn der Bestand bewusst wahrgenommen und gelesen werden kann, wird man ihn auch klug umbauen k\u00f6nnen.<\/p><p>Der Fassadenworkshop ist thematisch eingebunden in den diesj\u00e4hrigen Siegener Bautag mit dem Titel: Fassaden \u2013 Replay \/ Remix \/ Reinvent. Der Bautag fragt nach einer zeitgen\u00f6ssischen Praxis im Umgang mit bestehenden Fassaden im Zuge des Umbaus unserer St\u00e4dte. Die Tagung findet am 7. November 2025 im Druckhaus \u2013 der zuk\u00fcnftigen Wirkungsst\u00e4tte der Neuen Architekturschule Siegen \u2013 statt. Die Fassadenmodelle werden im Rahmen dieser Veranstaltung prominent ausgestellt.<\/p><p>Der Workshop wird begleitet von der Malerin und Patiniererin Nadine Nordmann. Frau Nordmann arbeitet seit vielen Jahren professionell im Bereich der Erlebnisarchitektur an naturalistischen Nachbildungen von Architekturen und organischen Strukturen. Sie freut sich, Ihr Wissen mit Studierenden der Architektur zu teilen.<\/p><p>Anmeldungen \u00fcber <a href=\"https:\/\/unisono.uni-siegen.de\/qisserver\/pages\/cs\/sys\/portal\/hisinoneStartPage.faces\" target=\"_blank\" rel=\"noopener\">unisono<\/a>\u00a0(WS 2025) oder per mail &#8211; auch f\u00fcr R\u00fcckfragen &#8211; an <a href=\"mailto:Christina.Prochaska@uni-siegen.de\" target=\"_blank\" rel=\"noopener\">Christina.Prochaska@uni-siegen.de<\/a><\/p><p>Weiterf\u00fchrende Informationen zum Siegener Bautag 2025 <a href=\"https:\/\/web3.webhosting.zimt.uni-siegen.de\/gestaltung\/index.php\/bautag_2025\/\" target=\"_blank\" rel=\"noopener\">hier<\/a> oder hier <a href=\"https:\/\/www.instagram.com\/foerderverein_bauwesen\/\" target=\"_blank\" rel=\"noopener\">@foerderverein_bauwesen<\/a><\/p>\t\t\t\t\t\t\t\t<\/div>\n\t\t\t\t<\/div>\n\t\t\t\t\t<\/div>\n\t\t<\/div>\n\t\t\t\t\t<\/div>\n\t\t<\/section>\n\t\t\t\t<\/div>\n\t\t","protected":false},"excerpt":{"rendered":"<p>Fassadenworkshop \u2013 Replay \/ Remix \/ Reinvent\u00a0Seminar BA + MA Thema dieses Seminars ist die akkurate Erstellung von Fassaden im Modell. Wir werden Fassaden aus den 1950er bis 1980er Jahren in Siegen betrachten, sie fotografisch m\u00f6glichst genau dokumentieren und in einem kompakten Workshop von wenigen Tagen nachbilden. Der direkte und detailgetreue Nachbau im Modell tr\u00e4gt [&hellip;]<\/p>\n","protected":false},"author":3,"featured_media":0,"parent":0,"menu_order":0,"comment_status":"closed","ping_status":"closed","template":"","meta":{"footnotes":""},"class_list":["post-11892","page","type-page","status-publish","hentry","entry"],"_links":{"self":[{"href":"https:\/\/gestaltung.architektur.uni-siegen.de\/index.php\/wp-json\/wp\/v2\/pages\/11892","targetHints":{"allow":["GET"]}}],"collection":[{"href":"https:\/\/gestaltung.architektur.uni-siegen.de\/index.php\/wp-json\/wp\/v2\/pages"}],"about":[{"href":"https:\/\/gestaltung.architektur.uni-siegen.de\/index.php\/wp-json\/wp\/v2\/types\/page"}],"author":[{"embeddable":true,"href":"https:\/\/gestaltung.architektur.uni-siegen.de\/index.php\/wp-json\/wp\/v2\/users\/3"}],"replies":[{"embeddable":true,"href":"https:\/\/gestaltung.architektur.uni-siegen.de\/index.php\/wp-json\/wp\/v2\/comments?post=11892"}],"version-history":[{"count":55,"href":"https:\/\/gestaltung.architektur.uni-siegen.de\/index.php\/wp-json\/wp\/v2\/pages\/11892\/revisions"}],"predecessor-version":[{"id":12028,"href":"https:\/\/gestaltung.architektur.uni-siegen.de\/index.php\/wp-json\/wp\/v2\/pages\/11892\/revisions\/12028"}],"wp:attachment":[{"href":"https:\/\/gestaltung.architektur.uni-siegen.de\/index.php\/wp-json\/wp\/v2\/media?parent=11892"}],"curies":[{"name":"wp","href":"https:\/\/api.w.org\/{rel}","templated":true}]}}