{"id":256,"date":"2021-12-07T19:11:26","date_gmt":"2021-12-07T18:11:26","guid":{"rendered":"https:\/\/gestaltung.architektur.uni-siegen.de\/?page_id=256"},"modified":"2025-09-17T09:49:47","modified_gmt":"2025-09-17T07:49:47","slug":"ausrichtung","status":"publish","type":"page","link":"https:\/\/gestaltung.architektur.uni-siegen.de\/index.php\/ausrichtung\/","title":{"rendered":"Ausrichtung"},"content":{"rendered":"\t\t<div data-elementor-type=\"wp-page\" data-elementor-id=\"256\" class=\"elementor elementor-256\">\n\t\t\t\t\t\t<section class=\"elementor-section elementor-top-section elementor-element elementor-element-6789284 elementor-section-boxed elementor-section-height-default elementor-section-height-default\" data-id=\"6789284\" data-element_type=\"section\" data-e-type=\"section\">\n\t\t\t\t\t\t<div class=\"elementor-container elementor-column-gap-default\">\n\t\t\t\t\t<div class=\"elementor-column elementor-col-100 elementor-top-column elementor-element elementor-element-ef3b2f0\" data-id=\"ef3b2f0\" data-element_type=\"column\" data-e-type=\"column\">\n\t\t\t<div class=\"elementor-widget-wrap elementor-element-populated\">\n\t\t\t\t\t\t<div class=\"elementor-element elementor-element-f1e632b elementor-widget elementor-widget-heading\" data-id=\"f1e632b\" data-element_type=\"widget\" data-e-type=\"widget\" data-widget_type=\"heading.default\">\n\t\t\t\t<div class=\"elementor-widget-container\">\n\t\t\t\t\t<h2 class=\"elementor-heading-title elementor-size-default\">Ausrichtung<\/h2>\t\t\t\t<\/div>\n\t\t\t\t<\/div>\n\t\t\t\t\t<\/div>\n\t\t<\/div>\n\t\t\t\t\t<\/div>\n\t\t<\/section>\n\t\t\t\t<section class=\"elementor-section elementor-top-section elementor-element elementor-element-e6ec6d4 elementor-section-boxed elementor-section-height-default elementor-section-height-default\" data-id=\"e6ec6d4\" data-element_type=\"section\" data-e-type=\"section\">\n\t\t\t\t\t\t<div class=\"elementor-container elementor-column-gap-default\">\n\t\t\t\t\t<div class=\"elementor-column elementor-col-33 elementor-top-column elementor-element elementor-element-92a3e57\" data-id=\"92a3e57\" data-element_type=\"column\" data-e-type=\"column\">\n\t\t\t<div class=\"elementor-widget-wrap elementor-element-populated\">\n\t\t\t\t\t\t<div class=\"elementor-element elementor-element-09e3137 elementor-widget elementor-widget-text-editor\" data-id=\"09e3137\" data-element_type=\"widget\" data-e-type=\"widget\" data-widget_type=\"text-editor.default\">\n\t\t\t\t<div class=\"elementor-widget-container\">\n\t\t\t\t\t\t\t\t\t<p>Das Lehrgebiet Gestaltung und Gestaltungstheorie vertritt die k\u00fcnstlerische Lehre innerhalb des Departments Architektur. Im Bachelorstudiengang werden die Studierenden in einer vielseitigen Grundlehre \u00fcber drei Semester in wesentliche gestalterische Fragen im zwei- und dreidimensionalen Bereich theoretisch wie praktisch eingef\u00fchrt. In der im Pflichtmodul \u201eKontext und Theorie\u201c verankerten Veranstaltung \u201eEntwurf und Gestaltung\u201c entwickeln die Masterstudierenden entlang k\u00fcnstlerischer Strategien und Arbeitsweisen freie Projekte zu ausgesuchten raumbezogenen Fragestellungen. Studierende beider Studieng\u00e4nge k\u00f6nnen sich zudem in Form von oft experimentell und k\u00fcnstlerisch angelegten Wahlmodulen vertiefend einzelnen Medien und Themenbereichen widmen. Stegreife und interdisziplin\u00e4re Projekte erweitern das Programm. <br><\/p>\t\t\t\t\t\t\t\t<\/div>\n\t\t\t\t<\/div>\n\t\t\t\t\t<\/div>\n\t\t<\/div>\n\t\t\t\t<div class=\"elementor-column elementor-col-33 elementor-top-column elementor-element elementor-element-ddc7a96\" data-id=\"ddc7a96\" data-element_type=\"column\" data-e-type=\"column\">\n\t\t\t<div class=\"elementor-widget-wrap\">\n\t\t\t\t\t\t\t<\/div>\n\t\t<\/div>\n\t\t\t\t<div class=\"elementor-column elementor-col-33 elementor-top-column elementor-element elementor-element-0dbade7\" data-id=\"0dbade7\" data-element_type=\"column\" data-e-type=\"column\">\n\t\t\t<div class=\"elementor-widget-wrap elementor-element-populated\">\n\t\t\t\t\t\t<div class=\"elementor-element elementor-element-459311d elementor-widget elementor-widget-image\" data-id=\"459311d\" data-element_type=\"widget\" data-e-type=\"widget\" data-widget_type=\"image.default\">\n\t\t\t\t<div class=\"elementor-widget-container\">\n\t\t\t\t\t\t\t\t\t\t\t\t\t\t\t<img fetchpriority=\"high\" decoding=\"async\" width=\"1024\" height=\"768\" src=\"https:\/\/gestaltung.architektur.uni-siegen.de\/wp-content\/uploads\/2022\/04\/Simone-Innenansicht-02-1024x768.jpg\" class=\"attachment-large size-large wp-image-1550\" alt=\"\" srcset=\"https:\/\/gestaltung.architektur.uni-siegen.de\/wp-content\/uploads\/2022\/04\/Simone-Innenansicht-02-1024x768.jpg 1024w, https:\/\/gestaltung.architektur.uni-siegen.de\/wp-content\/uploads\/2022\/04\/Simone-Innenansicht-02-300x225.jpg 300w, https:\/\/gestaltung.architektur.uni-siegen.de\/wp-content\/uploads\/2022\/04\/Simone-Innenansicht-02-768x576.jpg 768w, https:\/\/gestaltung.architektur.uni-siegen.de\/wp-content\/uploads\/2022\/04\/Simone-Innenansicht-02-1536x1152.jpg 1536w, https:\/\/gestaltung.architektur.uni-siegen.de\/wp-content\/uploads\/2022\/04\/Simone-Innenansicht-02-2048x1536.jpg 2048w\" sizes=\"(max-width: 1024px) 100vw, 1024px\" \/>\t\t\t\t\t\t\t\t\t\t\t\t\t\t\t<\/div>\n\t\t\t\t<\/div>\n\t\t\t\t\t<\/div>\n\t\t<\/div>\n\t\t\t\t\t<\/div>\n\t\t<\/section>\n\t\t\t\t<section class=\"elementor-section elementor-top-section elementor-element elementor-element-b7fe2c6 elementor-section-boxed elementor-section-height-default elementor-section-height-default\" data-id=\"b7fe2c6\" data-element_type=\"section\" data-e-type=\"section\">\n\t\t\t\t\t\t<div class=\"elementor-container elementor-column-gap-default\">\n\t\t\t\t\t<div class=\"elementor-column elementor-col-100 elementor-top-column elementor-element elementor-element-5946b3b\" data-id=\"5946b3b\" data-element_type=\"column\" data-e-type=\"column\">\n\t\t\t<div class=\"elementor-widget-wrap elementor-element-populated\">\n\t\t\t\t\t\t<div class=\"elementor-element elementor-element-65ff033 elementor-widget elementor-widget-spacer\" data-id=\"65ff033\" data-element_type=\"widget\" data-e-type=\"widget\" data-widget_type=\"spacer.default\">\n\t\t\t\t<div class=\"elementor-widget-container\">\n\t\t\t\t\t\t\t<div class=\"elementor-spacer\">\n\t\t\t<div class=\"elementor-spacer-inner\"><\/div>\n\t\t<\/div>\n\t\t\t\t\t\t<\/div>\n\t\t\t\t<\/div>\n\t\t\t\t\t<\/div>\n\t\t<\/div>\n\t\t\t\t\t<\/div>\n\t\t<\/section>\n\t\t\t\t<\/div>\n\t\t","protected":false},"excerpt":{"rendered":"<p>Ausrichtung Das Lehrgebiet Gestaltung und Gestaltungstheorie vertritt die k\u00fcnstlerische Lehre innerhalb des Departments Architektur. Im Bachelorstudiengang werden die Studierenden in einer vielseitigen Grundlehre \u00fcber drei Semester in wesentliche gestalterische Fragen im zwei- und dreidimensionalen Bereich theoretisch wie praktisch eingef\u00fchrt. In der im Pflichtmodul \u201eKontext und Theorie\u201c verankerten Veranstaltung \u201eEntwurf und Gestaltung\u201c entwickeln die Masterstudierenden entlang [&hellip;]<\/p>\n","protected":false},"author":6,"featured_media":0,"parent":0,"menu_order":0,"comment_status":"closed","ping_status":"closed","template":"","meta":{"footnotes":""},"class_list":["post-256","page","type-page","status-publish","hentry","entry"],"_links":{"self":[{"href":"https:\/\/gestaltung.architektur.uni-siegen.de\/index.php\/wp-json\/wp\/v2\/pages\/256","targetHints":{"allow":["GET"]}}],"collection":[{"href":"https:\/\/gestaltung.architektur.uni-siegen.de\/index.php\/wp-json\/wp\/v2\/pages"}],"about":[{"href":"https:\/\/gestaltung.architektur.uni-siegen.de\/index.php\/wp-json\/wp\/v2\/types\/page"}],"author":[{"embeddable":true,"href":"https:\/\/gestaltung.architektur.uni-siegen.de\/index.php\/wp-json\/wp\/v2\/users\/6"}],"replies":[{"embeddable":true,"href":"https:\/\/gestaltung.architektur.uni-siegen.de\/index.php\/wp-json\/wp\/v2\/comments?post=256"}],"version-history":[{"count":3,"href":"https:\/\/gestaltung.architektur.uni-siegen.de\/index.php\/wp-json\/wp\/v2\/pages\/256\/revisions"}],"predecessor-version":[{"id":11755,"href":"https:\/\/gestaltung.architektur.uni-siegen.de\/index.php\/wp-json\/wp\/v2\/pages\/256\/revisions\/11755"}],"wp:attachment":[{"href":"https:\/\/gestaltung.architektur.uni-siegen.de\/index.php\/wp-json\/wp\/v2\/media?parent=256"}],"curies":[{"name":"wp","href":"https:\/\/api.w.org\/{rel}","templated":true}]}}