{"id":9179,"date":"2024-02-07T10:26:21","date_gmt":"2024-02-07T09:26:21","guid":{"rendered":"https:\/\/gestaltung.architektur.uni-siegen.de\/?page_id=9179"},"modified":"2025-08-28T10:55:39","modified_gmt":"2025-08-28T08:55:39","slug":"archiv_ss_24_exkursion_ex-jugoslavija","status":"publish","type":"page","link":"https:\/\/gestaltung.architektur.uni-siegen.de\/index.php\/archiv_ss_24_exkursion_ex-jugoslavija\/","title":{"rendered":"ARCHIV_SS_24_EXKURSION_EX-JUGOSLAVIJA"},"content":{"rendered":"\t\t<div data-elementor-type=\"wp-page\" data-elementor-id=\"9179\" class=\"elementor elementor-9179\">\n\t\t\t\t\t\t<section class=\"elementor-section elementor-top-section elementor-element elementor-element-1614b6b elementor-section-boxed elementor-section-height-default elementor-section-height-default\" data-id=\"1614b6b\" data-element_type=\"section\" data-e-type=\"section\">\n\t\t\t\t\t\t<div class=\"elementor-container elementor-column-gap-default\">\n\t\t\t\t\t<div class=\"elementor-column elementor-col-100 elementor-top-column elementor-element elementor-element-09d2bb9\" data-id=\"09d2bb9\" data-element_type=\"column\" data-e-type=\"column\">\n\t\t\t<div class=\"elementor-widget-wrap elementor-element-populated\">\n\t\t\t\t\t\t<div class=\"elementor-element elementor-element-927ffea elementor-widget elementor-widget-image\" data-id=\"927ffea\" data-element_type=\"widget\" data-e-type=\"widget\" data-widget_type=\"image.default\">\n\t\t\t\t<div class=\"elementor-widget-container\">\n\t\t\t\t\t\t\t\t\t\t\t\t\t\t\t<img fetchpriority=\"high\" decoding=\"async\" width=\"1024\" height=\"724\" src=\"https:\/\/gestaltung.architektur.uni-siegen.de\/wp-content\/uploads\/2024\/02\/240206_Poster_klein-1024x724.jpg\" class=\"attachment-large size-large wp-image-9181\" alt=\"\" srcset=\"https:\/\/gestaltung.architektur.uni-siegen.de\/wp-content\/uploads\/2024\/02\/240206_Poster_klein-1024x724.jpg 1024w, https:\/\/gestaltung.architektur.uni-siegen.de\/wp-content\/uploads\/2024\/02\/240206_Poster_klein-300x212.jpg 300w, https:\/\/gestaltung.architektur.uni-siegen.de\/wp-content\/uploads\/2024\/02\/240206_Poster_klein-768x543.jpg 768w, https:\/\/gestaltung.architektur.uni-siegen.de\/wp-content\/uploads\/2024\/02\/240206_Poster_klein.jpg 1191w\" sizes=\"(max-width: 1024px) 100vw, 1024px\" \/>\t\t\t\t\t\t\t\t\t\t\t\t\t\t\t<\/div>\n\t\t\t\t<\/div>\n\t\t\t\t\t<\/div>\n\t\t<\/div>\n\t\t\t\t\t<\/div>\n\t\t<\/section>\n\t\t\t\t<section class=\"elementor-section elementor-top-section elementor-element elementor-element-71dd2f8 elementor-section-boxed elementor-section-height-default elementor-section-height-default\" data-id=\"71dd2f8\" data-element_type=\"section\" data-e-type=\"section\">\n\t\t\t\t\t\t<div class=\"elementor-container elementor-column-gap-default\">\n\t\t\t\t\t<div class=\"elementor-column elementor-col-50 elementor-top-column elementor-element elementor-element-45449c0\" data-id=\"45449c0\" data-element_type=\"column\" data-e-type=\"column\">\n\t\t\t<div class=\"elementor-widget-wrap\">\n\t\t\t\t\t\t\t<\/div>\n\t\t<\/div>\n\t\t\t\t<div class=\"elementor-column elementor-col-50 elementor-top-column elementor-element elementor-element-50f023a\" data-id=\"50f023a\" data-element_type=\"column\" data-e-type=\"column\">\n\t\t\t<div class=\"elementor-widget-wrap\">\n\t\t\t\t\t\t\t<\/div>\n\t\t<\/div>\n\t\t\t\t\t<\/div>\n\t\t<\/section>\n\t\t\t\t<section class=\"elementor-section elementor-top-section elementor-element elementor-element-791359e elementor-section-boxed elementor-section-height-default elementor-section-height-default\" data-id=\"791359e\" data-element_type=\"section\" data-e-type=\"section\">\n\t\t\t\t\t\t<div class=\"elementor-container elementor-column-gap-default\">\n\t\t\t\t\t<div class=\"elementor-column elementor-col-50 elementor-top-column elementor-element elementor-element-3260719\" data-id=\"3260719\" data-element_type=\"column\" data-e-type=\"column\">\n\t\t\t<div class=\"elementor-widget-wrap elementor-element-populated\">\n\t\t\t\t\t\t<div class=\"elementor-element elementor-element-fc5bf2c elementor-widget elementor-widget-heading\" data-id=\"fc5bf2c\" data-element_type=\"widget\" data-e-type=\"widget\" data-widget_type=\"heading.default\">\n\t\t\t\t<div class=\"elementor-widget-container\">\n\t\t\t\t\t<h2 class=\"elementor-heading-title elementor-size-default\">01.04.2024 - 14.04.2024<\/h2>\t\t\t\t<\/div>\n\t\t\t\t<\/div>\n\t\t\t\t\t<\/div>\n\t\t<\/div>\n\t\t\t\t<div class=\"elementor-column elementor-col-50 elementor-top-column elementor-element elementor-element-969470e\" data-id=\"969470e\" data-element_type=\"column\" data-e-type=\"column\">\n\t\t\t<div class=\"elementor-widget-wrap elementor-element-populated\">\n\t\t\t\t\t\t<div class=\"elementor-element elementor-element-4097ba47 elementor-widget__width-initial elementor-widget elementor-widget-text-editor\" data-id=\"4097ba47\" data-element_type=\"widget\" data-e-type=\"widget\" data-widget_type=\"text-editor.default\">\n\t\t\t\t<div class=\"elementor-widget-container\">\n\t\t\t\t\t\t\t\t\t<p>Liebe Studierende,<\/p><p>die Urbanistik an der Abteilung Die Architektur (da) der Kunstuniversit\u00e4t Linz,<br \/>das Lehrgebiet Gestaltung &amp; Gestaltungstheorie und das Lehr- und Forschungsgebiet Geb\u00e4udelehre und Entwerfen (LFGE) an der Neuen Architekturschule Siegen (N AS) der Universit\u00e4t Siegen, bieten im kommenden Sommersemester eine Exkursion zu gemeinsamen Zielen in Nachfolgestaaten des ehemaligen Jugoslawiens an.<\/p><p>Auf Grund der besonderen geopolitischen Lage Jugoslawiens (Non-Aligned Movement) zwischen den beiden den Kalten Krieg bestimmenden Bl\u00f6cken, hat Jugoslawien am Ende eines im Zeitraffer vollzogenen gesellschaftlichen, industriellen und kulturellen Aufbaus sowohl in der Architektur, im angewandten Design und auch in der Kunst eigenst\u00e4ndige Modernen hervorgebracht, die auf besondere Art und Weise eine Bespiegelung der jeweiligen Spielarten in \u00d6sterreich und Deutschland erm\u00f6glichen. Die Unterbrechungen und Fortschreibungen dieser Prozesse in diesem durch Kriege zerschlagenen Land \u2013 mit Slowenien und Kroatien sind zwei Nachfolgestaaten Mitglieder der Europ\u00e4ischen Union \u2013 bieten wiederum die M\u00f6glichkeit mehr \u00fcber gegenw\u00e4rtige, r\u00e4umliche Verfasstheiten Europas in einer Region zu erfahren, durch die sich seit der Aufteilung des R\u00f6mischen Imperiums im 4. Jahrhundert in ein westliches und \u00f6stliches Reich eine vermeintlich politische wie kulturelle Scheidelinie zieht. Die Exkursion hat es sich zum Ziel gesetzt, verschiedenste r\u00e4umliche, soziale, kulturelle und politische Aspekte zu beleuchten und wird von den jeweiligen Lehr- und Forschungsgebieten mit forschenden Aufgaben, die zusammen mit den Studierenden bearbeitet werden sollen, begleitet.<\/p><p>Die Exkursion wird begleitet von Prof. Andrijana Ivanda (Linz), Prof. Tobias Becker (Siegen), Prof. Tobias H\u00f6nig (Siegen), Dr. Sigrid Prinz (Linz), Natascha Peinsipp (Linz), Nieves de la Fuente Guti\u00e9rrez (Siegen), Katrin Tacke (Siegen) und Nikola Ukic (Siegen).<\/p><p>Es sind \u00dcbernachtungen in Ljubljana (Slowenien), Zagreb (Kroatien), Belgrad (Serbien), Sarajevo (Bosnien und Herzegowina), Split (Kroatien) und Zadar (Kroatien) geplant. Es wird aber auch Ziele geben, die in Tages-Trips abseits dieser St\u00e4dte, auf und neben den Routen dieser Exkursion liegen.<\/p><p>F\u00fcr Studierende aus Siegen beginnt die Exkursion am 01.04.2024 und endet am 14.04.2024. Die Kosten betragen voraussichtlich 800,00 \u20ac. Die erste H\u00e4lfte der Reisekosten ist bis 01.03.2024, die zweite H\u00e4lfte bis 19.03.2024 zu bezahlen.<\/p><p>Die Anmeldungen sind per E-Mail an <a href=\"mailto:katrin.tacke@uni-siegen.de\">katrin.tacke@uni-siegen.de<\/a> zu richten, zudem in CC an folgende Personen:<\/p><p><a href=\"mailto:becker@architektur.uni-siegen.de\">becker@architektur.uni-siegen.de<\/a><br \/><a href=\"mailto:hoenig@architektur.uni-siegen.de\">hoenig@architektur.uni-siegen.de<\/a><br \/><a href=\"mailto:nikola.ukic@uni-siegen.de\">nikola.ukic@uni-siegen.de<\/a><\/p><p>Eventuelle R\u00fcckfragen sind an dieselben Adressen zu richten.<br \/><strong>Anmeldeschluss: 20. Februar 2024<\/strong><\/p><p>Wir freuen uns auf die Exkursion und alle teilnehmenden Studierenden!<br \/>Team Ex-Jugoslawien-kursion <\/p>\t\t\t\t\t\t\t\t<\/div>\n\t\t\t\t<\/div>\n\t\t\t\t\t<\/div>\n\t\t<\/div>\n\t\t\t\t\t<\/div>\n\t\t<\/section>\n\t\t\t\t<section class=\"elementor-section elementor-top-section elementor-element elementor-element-f46165e elementor-section-boxed elementor-section-height-default elementor-section-height-default\" data-id=\"f46165e\" data-element_type=\"section\" data-e-type=\"section\">\n\t\t\t\t\t\t<div class=\"elementor-container elementor-column-gap-default\">\n\t\t\t\t\t<div class=\"elementor-column elementor-col-50 elementor-top-column elementor-element elementor-element-c1b4116\" data-id=\"c1b4116\" data-element_type=\"column\" data-e-type=\"column\">\n\t\t\t<div class=\"elementor-widget-wrap elementor-element-populated\">\n\t\t\t\t\t\t\t<\/div>\n\t\t<\/div>\n\t\t\t\t<div class=\"elementor-column elementor-col-50 elementor-top-column elementor-element elementor-element-ad6357d\" data-id=\"ad6357d\" data-element_type=\"column\" data-e-type=\"column\">\n\t\t\t<div class=\"elementor-widget-wrap\">\n\t\t\t\t\t\t\t<\/div>\n\t\t<\/div>\n\t\t\t\t\t<\/div>\n\t\t<\/section>\n\t\t\t\t<section class=\"elementor-section elementor-top-section elementor-element elementor-element-a478400 elementor-section-boxed elementor-section-height-default elementor-section-height-default\" data-id=\"a478400\" data-element_type=\"section\" data-e-type=\"section\">\n\t\t\t\t\t\t<div class=\"elementor-container elementor-column-gap-default\">\n\t\t\t\t\t<div class=\"elementor-column elementor-col-50 elementor-top-column elementor-element elementor-element-e8c67cf\" data-id=\"e8c67cf\" data-element_type=\"column\" data-e-type=\"column\">\n\t\t\t<div class=\"elementor-widget-wrap elementor-element-populated\">\n\t\t\t\t\t\t<div class=\"elementor-element elementor-element-7e880a6 elementor-widget elementor-widget-heading\" data-id=\"7e880a6\" data-element_type=\"widget\" data-e-type=\"widget\" data-widget_type=\"heading.default\">\n\t\t\t\t<div class=\"elementor-widget-container\">\n\t\t\t\t\t<h2 class=\"elementor-heading-title elementor-size-default\">Trailer <\/h2>\t\t\t\t<\/div>\n\t\t\t\t<\/div>\n\t\t\t\t\t<\/div>\n\t\t<\/div>\n\t\t\t\t<div class=\"elementor-column elementor-col-50 elementor-top-column elementor-element elementor-element-3a1fb95\" data-id=\"3a1fb95\" data-element_type=\"column\" data-e-type=\"column\">\n\t\t\t<div class=\"elementor-widget-wrap elementor-element-populated\">\n\t\t\t\t\t\t<div class=\"elementor-element elementor-element-c2ec47e elementor-widget__width-initial elementor-widget elementor-widget-video\" data-id=\"c2ec47e\" data-element_type=\"widget\" data-e-type=\"widget\" data-settings=\"{&quot;youtube_url&quot;:&quot;https:\\\/\\\/www.youtube.com\\\/watch?v=1DNvnqRx6qg&quot;,&quot;video_type&quot;:&quot;youtube&quot;}\" data-widget_type=\"video.default\">\n\t\t\t\t<div class=\"elementor-widget-container\">\n\t\t\t\t\t\t\t<div class=\"elementor-wrapper elementor-open-inline\">\n\t\t\t<div class=\"elementor-video\"><\/div>\t\t<\/div>\n\t\t\t\t\t\t<\/div>\n\t\t\t\t<\/div>\n\t\t\t\t\t<\/div>\n\t\t<\/div>\n\t\t\t\t\t<\/div>\n\t\t<\/section>\n\t\t\t\t<section class=\"elementor-section elementor-top-section elementor-element elementor-element-fb34b82 elementor-section-boxed elementor-section-height-default elementor-section-height-default\" data-id=\"fb34b82\" data-element_type=\"section\" data-e-type=\"section\">\n\t\t\t\t\t\t<div class=\"elementor-container elementor-column-gap-default\">\n\t\t\t\t\t<div class=\"elementor-column elementor-col-100 elementor-top-column elementor-element elementor-element-8c21b82\" data-id=\"8c21b82\" data-element_type=\"column\" data-e-type=\"column\">\n\t\t\t<div class=\"elementor-widget-wrap elementor-element-populated\">\n\t\t\t\t\t\t<div class=\"elementor-element elementor-element-e0f5acd elementor-widget elementor-widget-spacer\" data-id=\"e0f5acd\" data-element_type=\"widget\" data-e-type=\"widget\" data-widget_type=\"spacer.default\">\n\t\t\t\t<div class=\"elementor-widget-container\">\n\t\t\t\t\t\t\t<div class=\"elementor-spacer\">\n\t\t\t<div class=\"elementor-spacer-inner\"><\/div>\n\t\t<\/div>\n\t\t\t\t\t\t<\/div>\n\t\t\t\t<\/div>\n\t\t\t\t\t<\/div>\n\t\t<\/div>\n\t\t\t\t\t<\/div>\n\t\t<\/section>\n\t\t\t\t<section class=\"elementor-section elementor-top-section elementor-element elementor-element-fce174d elementor-section-boxed elementor-section-height-default elementor-section-height-default\" data-id=\"fce174d\" data-element_type=\"section\" data-e-type=\"section\">\n\t\t\t\t\t\t<div class=\"elementor-container elementor-column-gap-default\">\n\t\t\t\t\t<div class=\"elementor-column elementor-col-50 elementor-top-column elementor-element elementor-element-e5d9419\" data-id=\"e5d9419\" data-element_type=\"column\" data-e-type=\"column\">\n\t\t\t<div class=\"elementor-widget-wrap elementor-element-populated\">\n\t\t\t\t\t\t<div class=\"elementor-element elementor-element-22b0063 elementor-widget elementor-widget-heading\" data-id=\"22b0063\" data-element_type=\"widget\" data-e-type=\"widget\" data-widget_type=\"heading.default\">\n\t\t\t\t<div class=\"elementor-widget-container\">\n\t\t\t\t\t<h2 class=\"elementor-heading-title elementor-size-default\">Route<\/h2>\t\t\t\t<\/div>\n\t\t\t\t<\/div>\n\t\t\t\t\t<\/div>\n\t\t<\/div>\n\t\t\t\t<div class=\"elementor-column elementor-col-50 elementor-top-column elementor-element elementor-element-980e197\" data-id=\"980e197\" data-element_type=\"column\" data-e-type=\"column\">\n\t\t\t<div class=\"elementor-widget-wrap elementor-element-populated\">\n\t\t\t\t\t\t<div class=\"elementor-element elementor-element-978b18b elementor-widget elementor-widget-image\" data-id=\"978b18b\" data-element_type=\"widget\" data-e-type=\"widget\" data-widget_type=\"image.default\">\n\t\t\t\t<div class=\"elementor-widget-container\">\n\t\t\t\t\t\t\t\t\t\t\t\t\t\t\t<img decoding=\"async\" width=\"842\" height=\"842\" src=\"https:\/\/gestaltung.architektur.uni-siegen.de\/wp-content\/uploads\/2024\/02\/240206_Karte_klein.jpg\" class=\"attachment-large size-large wp-image-9182\" alt=\"\" srcset=\"https:\/\/gestaltung.architektur.uni-siegen.de\/wp-content\/uploads\/2024\/02\/240206_Karte_klein.jpg 842w, https:\/\/gestaltung.architektur.uni-siegen.de\/wp-content\/uploads\/2024\/02\/240206_Karte_klein-300x300.jpg 300w, https:\/\/gestaltung.architektur.uni-siegen.de\/wp-content\/uploads\/2024\/02\/240206_Karte_klein-150x150.jpg 150w, https:\/\/gestaltung.architektur.uni-siegen.de\/wp-content\/uploads\/2024\/02\/240206_Karte_klein-768x768.jpg 768w, https:\/\/gestaltung.architektur.uni-siegen.de\/wp-content\/uploads\/2024\/02\/240206_Karte_klein-600x600.jpg 600w\" sizes=\"(max-width: 842px) 100vw, 842px\" \/>\t\t\t\t\t\t\t\t\t\t\t\t\t\t\t<\/div>\n\t\t\t\t<\/div>\n\t\t\t\t\t<\/div>\n\t\t<\/div>\n\t\t\t\t\t<\/div>\n\t\t<\/section>\n\t\t\t\t<\/div>\n\t\t","protected":false},"excerpt":{"rendered":"<p>01.04.2024 &#8211; 14.04.2024 Liebe Studierende, die Urbanistik an der Abteilung Die Architektur (da) der Kunstuniversit\u00e4t Linz,das Lehrgebiet Gestaltung &amp; Gestaltungstheorie und das Lehr- und Forschungsgebiet Geb\u00e4udelehre und Entwerfen (LFGE) an der Neuen Architekturschule Siegen (N AS) der Universit\u00e4t Siegen, bieten im kommenden Sommersemester eine Exkursion zu gemeinsamen Zielen in Nachfolgestaaten des ehemaligen Jugoslawiens an. Auf [&hellip;]<\/p>\n","protected":false},"author":6,"featured_media":0,"parent":0,"menu_order":0,"comment_status":"closed","ping_status":"closed","template":"","meta":{"footnotes":""},"class_list":["post-9179","page","type-page","status-publish","hentry","entry"],"_links":{"self":[{"href":"https:\/\/gestaltung.architektur.uni-siegen.de\/index.php\/wp-json\/wp\/v2\/pages\/9179","targetHints":{"allow":["GET"]}}],"collection":[{"href":"https:\/\/gestaltung.architektur.uni-siegen.de\/index.php\/wp-json\/wp\/v2\/pages"}],"about":[{"href":"https:\/\/gestaltung.architektur.uni-siegen.de\/index.php\/wp-json\/wp\/v2\/types\/page"}],"author":[{"embeddable":true,"href":"https:\/\/gestaltung.architektur.uni-siegen.de\/index.php\/wp-json\/wp\/v2\/users\/6"}],"replies":[{"embeddable":true,"href":"https:\/\/gestaltung.architektur.uni-siegen.de\/index.php\/wp-json\/wp\/v2\/comments?post=9179"}],"version-history":[{"count":0,"href":"https:\/\/gestaltung.architektur.uni-siegen.de\/index.php\/wp-json\/wp\/v2\/pages\/9179\/revisions"}],"wp:attachment":[{"href":"https:\/\/gestaltung.architektur.uni-siegen.de\/index.php\/wp-json\/wp\/v2\/media?parent=9179"}],"curies":[{"name":"wp","href":"https:\/\/api.w.org\/{rel}","templated":true}]}}