{"id":9596,"date":"2024-02-19T15:07:25","date_gmt":"2024-02-19T14:07:25","guid":{"rendered":"https:\/\/gestaltung.architektur.uni-siegen.de\/?page_id=9596"},"modified":"2025-08-28T12:01:10","modified_gmt":"2025-08-28T10:01:10","slug":"archiv_ma_ss_24","status":"publish","type":"page","link":"https:\/\/gestaltung.architektur.uni-siegen.de\/index.php\/archiv_ma_ss_24\/","title":{"rendered":"ARCHIV_MA_SS_24"},"content":{"rendered":"\t\t<div data-elementor-type=\"wp-page\" data-elementor-id=\"9596\" class=\"elementor elementor-9596\">\n\t\t\t\t\t\t<section class=\"elementor-section elementor-top-section elementor-element elementor-element-3e952717 elementor-section-boxed elementor-section-height-default elementor-section-height-default\" data-id=\"3e952717\" data-element_type=\"section\" data-e-type=\"section\">\n\t\t\t\t\t\t<div class=\"elementor-container elementor-column-gap-default\">\n\t\t\t\t\t<div class=\"elementor-column elementor-col-50 elementor-top-column elementor-element elementor-element-7b16ebcb\" data-id=\"7b16ebcb\" data-element_type=\"column\" data-e-type=\"column\">\n\t\t\t<div class=\"elementor-widget-wrap\">\n\t\t\t\t\t\t\t<\/div>\n\t\t<\/div>\n\t\t\t\t<div class=\"elementor-column elementor-col-50 elementor-top-column elementor-element elementor-element-1bd2d463\" data-id=\"1bd2d463\" data-element_type=\"column\" data-e-type=\"column\">\n\t\t\t<div class=\"elementor-widget-wrap elementor-element-populated\">\n\t\t\t\t\t\t<div class=\"elementor-element elementor-element-38dfb3db elementor-widget elementor-widget-heading\" data-id=\"38dfb3db\" data-element_type=\"widget\" data-e-type=\"widget\" data-widget_type=\"heading.default\">\n\t\t\t\t<div class=\"elementor-widget-container\">\n\t\t\t\t\t<h2 class=\"elementor-heading-title elementor-size-default\">Master <br>Sommersemester 2024<\/h2>\t\t\t\t<\/div>\n\t\t\t\t<\/div>\n\t\t\t\t\t<\/div>\n\t\t<\/div>\n\t\t\t\t\t<\/div>\n\t\t<\/section>\n\t\t\t\t<section class=\"elementor-section elementor-top-section elementor-element elementor-element-5f4c689f elementor-section-boxed elementor-section-height-default elementor-section-height-default\" data-id=\"5f4c689f\" data-element_type=\"section\" data-e-type=\"section\">\n\t\t\t\t\t\t<div class=\"elementor-container elementor-column-gap-default\">\n\t\t\t\t\t<div class=\"elementor-column elementor-col-50 elementor-top-column elementor-element elementor-element-6c6d9cd2\" data-id=\"6c6d9cd2\" data-element_type=\"column\" data-e-type=\"column\">\n\t\t\t<div class=\"elementor-widget-wrap elementor-element-populated\">\n\t\t\t\t\t\t<div class=\"elementor-element elementor-element-22a4ffb0 elementor-widget elementor-widget-heading\" data-id=\"22a4ffb0\" data-element_type=\"widget\" data-e-type=\"widget\" data-widget_type=\"heading.default\">\n\t\t\t\t<div class=\"elementor-widget-container\">\n\t\t\t\t\t<h2 class=\"elementor-heading-title elementor-size-default\">Shape of You<\/h2>\t\t\t\t<\/div>\n\t\t\t\t<\/div>\n\t\t\t\t\t<\/div>\n\t\t<\/div>\n\t\t\t\t<div class=\"elementor-column elementor-col-50 elementor-top-column elementor-element elementor-element-363bc1c6\" data-id=\"363bc1c6\" data-element_type=\"column\" data-e-type=\"column\">\n\t\t\t<div class=\"elementor-widget-wrap\">\n\t\t\t\t\t\t\t<\/div>\n\t\t<\/div>\n\t\t\t\t\t<\/div>\n\t\t<\/section>\n\t\t\t\t<section class=\"elementor-section elementor-top-section elementor-element elementor-element-7b6dcc50 elementor-section-boxed elementor-section-height-default elementor-section-height-default\" data-id=\"7b6dcc50\" data-element_type=\"section\" data-e-type=\"section\">\n\t\t\t\t\t\t<div class=\"elementor-container elementor-column-gap-default\">\n\t\t\t\t\t<div class=\"elementor-column elementor-col-50 elementor-top-column elementor-element elementor-element-64856a3c\" data-id=\"64856a3c\" data-element_type=\"column\" data-e-type=\"column\">\n\t\t\t<div class=\"elementor-widget-wrap elementor-element-populated\">\n\t\t\t\t\t\t<div class=\"elementor-element elementor-element-1faa766 elementor-widget elementor-widget-image\" data-id=\"1faa766\" data-element_type=\"widget\" data-e-type=\"widget\" data-widget_type=\"image.default\">\n\t\t\t\t<div class=\"elementor-widget-container\">\n\t\t\t\t\t\t\t\t\t\t\t\t<figure class=\"wp-caption\">\n\t\t\t\t\t\t\t\t\t\t<img fetchpriority=\"high\" decoding=\"async\" width=\"1024\" height=\"701\" src=\"https:\/\/gestaltung.architektur.uni-siegen.de\/wp-content\/uploads\/2024\/02\/Shape-of-you-final--1024x701.jpg\" class=\"attachment-large size-large wp-image-9605\" alt=\"\" srcset=\"https:\/\/gestaltung.architektur.uni-siegen.de\/wp-content\/uploads\/2024\/02\/Shape-of-you-final--1024x701.jpg 1024w, https:\/\/gestaltung.architektur.uni-siegen.de\/wp-content\/uploads\/2024\/02\/Shape-of-you-final--300x205.jpg 300w, https:\/\/gestaltung.architektur.uni-siegen.de\/wp-content\/uploads\/2024\/02\/Shape-of-you-final--768x525.jpg 768w, https:\/\/gestaltung.architektur.uni-siegen.de\/wp-content\/uploads\/2024\/02\/Shape-of-you-final-.jpg 1200w\" sizes=\"(max-width: 1024px) 100vw, 1024px\" \/>\t\t\t\t\t\t\t\t\t\t\t<figcaption class=\"widget-image-caption wp-caption-text\">\u00a9 Nikola Ukic<\/figcaption>\n\t\t\t\t\t\t\t\t\t\t<\/figure>\n\t\t\t\t\t\t\t\t\t<\/div>\n\t\t\t\t<\/div>\n\t\t\t\t\t<\/div>\n\t\t<\/div>\n\t\t\t\t<div class=\"elementor-column elementor-col-50 elementor-top-column elementor-element elementor-element-5149e289\" data-id=\"5149e289\" data-element_type=\"column\" data-e-type=\"column\">\n\t\t\t<div class=\"elementor-widget-wrap elementor-element-populated\">\n\t\t\t\t\t\t<div class=\"elementor-element elementor-element-54cb049b elementor-widget elementor-widget-text-editor\" data-id=\"54cb049b\" data-element_type=\"widget\" data-e-type=\"widget\" data-widget_type=\"text-editor.default\">\n\t\t\t\t<div class=\"elementor-widget-container\">\n\t\t\t\t\t\t\t\t\t<p>Das Seminar &#8220; Shape of You \u201c untersucht die k\u00fcnstlerischen Prozesse, die mit der Darstellung des menschlichen K\u00f6rpers in der Bildhauerei verbunden sind.<br>Von antiken Vorstellungen bis zu modernen Ausdrucksformen haben K\u00fcnstler die Vielfalt des menschlichen K\u00f6rpers als Gestaltungselement genutzt. Im Laufe der Kunstgeschichte haben sich jedoch unterschiedliche Perspektiven entwickelt, darunter abstrakte Ans\u00e4tze, Objektkunst und technologische Plastik. Dies f\u00fchrte zu erweiterten Sichtweisen des menschlichen K\u00f6rpers, die sich bis heute in der Bildhauerei manifestieren.<\/p>\n<p>Typisch f\u00fcr das k\u00f6rperliche Verhalten sind statisch-dynamische Beziehungen wie Stehen, St\u00fctzen, Anlehnen, Beugen, Aufrichten. \u00dcbertragen auf die Architektur sind dies Eigenschaften wie gebeugt, aufgerichtet, raumgreifend, einladend, abweisend, dominant, beherrschend etc. Insofern bleiben Studien, die sich mit dem menschlichen K\u00f6rper befassen, f\u00fcr die Architektur relevant. Sie erm\u00f6glicht die Analyse von Kr\u00e4ften, Spannungen und Ausdr\u00fccken, die in Haltungen und Bewegungen zum Ausdruck kommen. Diese Herangehensweise bietet nicht nur eine Beschreibung der \u00e4u\u00dferen Form, sondern auch Einblicke in den Ausdruck, die Gestik und das Wesen der Gestaltung. Bezogen auf die Architektur kann man sagen, dass die plastisch-r\u00e4umliche Gestalt eines Bauwerks nie nur dimensional zu verstehen ist, sondern immer auch Ausdruck und Gestik auf uns wirken.<\/p>\n<p>Die Komplexit\u00e4t der K\u00f6rpersprache, die im Seminar erforscht wird, er\u00f6ffnet ein breites Spektrum nonverbaler Kommunikation. Es wird untersucht, wie dreidimensionale Formen abstrahiert und modelliert werden k\u00f6nnen, wobei der menschliche K\u00f6rper als Ausgangspunkt dient. Die Formen werden in Ton, Holz, Draht, Gips und Beton modelliert und anschlie\u00dfend im Au\u00dfenbereich des Campus in Beziehung zur Architektur gesetzt.<\/p>\n<p>MA 08 Wahlmodul <\/p>\n<p>mittwochs 10-12 Uhr, PB-K 001 (Simone)<br>Beginn: 17. April 2024<\/p>\n<p>Dozent: <br>Wiss. Mitarbeiter Nikola Ukic<\/p>\t\t\t\t\t\t\t\t<\/div>\n\t\t\t\t<\/div>\n\t\t\t\t\t<\/div>\n\t\t<\/div>\n\t\t\t\t\t<\/div>\n\t\t<\/section>\n\t\t\t\t<section class=\"elementor-section elementor-top-section elementor-element elementor-element-a3875e7 elementor-section-boxed elementor-section-height-default elementor-section-height-default\" data-id=\"a3875e7\" data-element_type=\"section\" data-e-type=\"section\">\n\t\t\t\t\t\t<div class=\"elementor-container elementor-column-gap-default\">\n\t\t\t\t\t<div class=\"elementor-column elementor-col-100 elementor-top-column elementor-element elementor-element-e18b6b9\" data-id=\"e18b6b9\" data-element_type=\"column\" data-e-type=\"column\">\n\t\t\t<div class=\"elementor-widget-wrap elementor-element-populated\">\n\t\t\t\t\t\t<div class=\"elementor-element elementor-element-5c7c3d8 elementor-widget elementor-widget-spacer\" data-id=\"5c7c3d8\" data-element_type=\"widget\" data-e-type=\"widget\" data-widget_type=\"spacer.default\">\n\t\t\t\t<div class=\"elementor-widget-container\">\n\t\t\t\t\t\t\t<div class=\"elementor-spacer\">\n\t\t\t<div class=\"elementor-spacer-inner\"><\/div>\n\t\t<\/div>\n\t\t\t\t\t\t<\/div>\n\t\t\t\t<\/div>\n\t\t\t\t\t<\/div>\n\t\t<\/div>\n\t\t\t\t\t<\/div>\n\t\t<\/section>\n\t\t\t\t<section class=\"elementor-section elementor-top-section elementor-element elementor-element-e908587 elementor-section-boxed elementor-section-height-default elementor-section-height-default\" data-id=\"e908587\" data-element_type=\"section\" data-e-type=\"section\">\n\t\t\t\t\t\t<div class=\"elementor-container elementor-column-gap-default\">\n\t\t\t\t\t<div class=\"elementor-column elementor-col-50 elementor-top-column elementor-element elementor-element-5e9e6df\" data-id=\"5e9e6df\" data-element_type=\"column\" data-e-type=\"column\">\n\t\t\t<div class=\"elementor-widget-wrap\">\n\t\t\t\t\t\t\t<\/div>\n\t\t<\/div>\n\t\t\t\t<div class=\"elementor-column elementor-col-50 elementor-top-column elementor-element elementor-element-e5a47cd\" data-id=\"e5a47cd\" data-element_type=\"column\" data-e-type=\"column\">\n\t\t\t<div class=\"elementor-widget-wrap elementor-element-populated\">\n\t\t\t\t\t\t<div class=\"elementor-element elementor-element-c2cc899 elementor-widget elementor-widget-heading\" data-id=\"c2cc899\" data-element_type=\"widget\" data-e-type=\"widget\" data-widget_type=\"heading.default\">\n\t\t\t\t<div class=\"elementor-widget-container\">\n\t\t\t\t\t<h2 class=\"elementor-heading-title elementor-size-default\">Master<br>Sommersemester 2024<\/h2>\t\t\t\t<\/div>\n\t\t\t\t<\/div>\n\t\t\t\t\t<\/div>\n\t\t<\/div>\n\t\t\t\t\t<\/div>\n\t\t<\/section>\n\t\t\t\t<section class=\"elementor-section elementor-top-section elementor-element elementor-element-96f1a2c elementor-section-boxed elementor-section-height-default elementor-section-height-default\" data-id=\"96f1a2c\" data-element_type=\"section\" data-e-type=\"section\">\n\t\t\t\t\t\t<div class=\"elementor-container elementor-column-gap-default\">\n\t\t\t\t\t<div class=\"elementor-column elementor-col-50 elementor-top-column elementor-element elementor-element-46f1a5a\" data-id=\"46f1a5a\" data-element_type=\"column\" data-e-type=\"column\">\n\t\t\t<div class=\"elementor-widget-wrap elementor-element-populated\">\n\t\t\t\t\t\t<div class=\"elementor-element elementor-element-ff11d48 elementor-widget elementor-widget-heading\" data-id=\"ff11d48\" data-element_type=\"widget\" data-e-type=\"widget\" data-widget_type=\"heading.default\">\n\t\t\t\t<div class=\"elementor-widget-container\">\n\t\t\t\t\t<h2 class=\"elementor-heading-title elementor-size-default\">Exkursion Ex-Jugoslavija<\/h2>\t\t\t\t<\/div>\n\t\t\t\t<\/div>\n\t\t\t\t\t<\/div>\n\t\t<\/div>\n\t\t\t\t<div class=\"elementor-column elementor-col-50 elementor-top-column elementor-element elementor-element-1c00ac6\" data-id=\"1c00ac6\" data-element_type=\"column\" data-e-type=\"column\">\n\t\t\t<div class=\"elementor-widget-wrap\">\n\t\t\t\t\t\t\t<\/div>\n\t\t<\/div>\n\t\t\t\t\t<\/div>\n\t\t<\/section>\n\t\t\t\t<section class=\"elementor-section elementor-top-section elementor-element elementor-element-23bf03c elementor-section-boxed elementor-section-height-default elementor-section-height-default\" data-id=\"23bf03c\" data-element_type=\"section\" data-e-type=\"section\">\n\t\t\t\t\t\t<div class=\"elementor-container elementor-column-gap-default\">\n\t\t\t\t\t<div class=\"elementor-column elementor-col-50 elementor-top-column elementor-element elementor-element-65d4bc9\" data-id=\"65d4bc9\" data-element_type=\"column\" data-e-type=\"column\">\n\t\t\t<div class=\"elementor-widget-wrap elementor-element-populated\">\n\t\t\t\t\t\t<div class=\"elementor-element elementor-element-1c43dda elementor-widget elementor-widget-image\" data-id=\"1c43dda\" data-element_type=\"widget\" data-e-type=\"widget\" data-widget_type=\"image.default\">\n\t\t\t\t<div class=\"elementor-widget-container\">\n\t\t\t\t\t\t\t\t\t\t\t\t\t\t\t<img decoding=\"async\" width=\"1024\" height=\"724\" src=\"https:\/\/gestaltung.architektur.uni-siegen.de\/wp-content\/uploads\/2024\/02\/240206_Poster_klein-1024x724.jpg\" class=\"attachment-large size-large wp-image-9181\" alt=\"\" srcset=\"https:\/\/gestaltung.architektur.uni-siegen.de\/wp-content\/uploads\/2024\/02\/240206_Poster_klein-1024x724.jpg 1024w, https:\/\/gestaltung.architektur.uni-siegen.de\/wp-content\/uploads\/2024\/02\/240206_Poster_klein-300x212.jpg 300w, https:\/\/gestaltung.architektur.uni-siegen.de\/wp-content\/uploads\/2024\/02\/240206_Poster_klein-768x543.jpg 768w, https:\/\/gestaltung.architektur.uni-siegen.de\/wp-content\/uploads\/2024\/02\/240206_Poster_klein.jpg 1191w\" sizes=\"(max-width: 1024px) 100vw, 1024px\" \/>\t\t\t\t\t\t\t\t\t\t\t\t\t\t\t<\/div>\n\t\t\t\t<\/div>\n\t\t\t\t\t<\/div>\n\t\t<\/div>\n\t\t\t\t<div class=\"elementor-column elementor-col-50 elementor-top-column elementor-element elementor-element-31e1ff1\" data-id=\"31e1ff1\" data-element_type=\"column\" data-e-type=\"column\">\n\t\t\t<div class=\"elementor-widget-wrap elementor-element-populated\">\n\t\t\t\t\t\t<div class=\"elementor-element elementor-element-0d8ad0b elementor-widget elementor-widget-text-editor\" data-id=\"0d8ad0b\" data-element_type=\"widget\" data-e-type=\"widget\" data-widget_type=\"text-editor.default\">\n\t\t\t\t<div class=\"elementor-widget-container\">\n\t\t\t\t\t\t\t\t\t<p>Exkursion 01.04.2024 \u2013 14.04.2024<br \/><br \/>Die Urbanistik an der Abteilung Die Architektur (da) der Kunstuniversit\u00e4t Linz, das Lehrgebiet Gestaltung &amp; Gestaltungstheorie und das Lehr- und Forschungsgebiet Geb\u00e4udelehre und Entwerfen (LFGE) an der Neuen Architekturschule Siegen (N AS) der Universit\u00e4t Siegen, bieten im kommenden Sommersemester eine Exkursion zu gemeinsamen Zielen in Nachfolgestaaten des ehemaligen Jugoslawiens an.<br \/><br \/>Weiterf\u00fchrende Infos auf unserer <a href=\"https:\/\/web3.webhosting.zimt.uni-siegen.de\/gestaltung\/index.php\/exyu\">Projektseite<\/a><\/p>\t\t\t\t\t\t\t\t<\/div>\n\t\t\t\t<\/div>\n\t\t\t\t\t<\/div>\n\t\t<\/div>\n\t\t\t\t\t<\/div>\n\t\t<\/section>\n\t\t\t\t<section class=\"elementor-section elementor-top-section elementor-element elementor-element-9d777c0 elementor-section-boxed elementor-section-height-default elementor-section-height-default\" data-id=\"9d777c0\" data-element_type=\"section\" data-e-type=\"section\">\n\t\t\t\t\t\t<div class=\"elementor-container elementor-column-gap-default\">\n\t\t\t\t\t<div class=\"elementor-column elementor-col-100 elementor-top-column elementor-element elementor-element-a43ac64\" data-id=\"a43ac64\" data-element_type=\"column\" data-e-type=\"column\">\n\t\t\t<div class=\"elementor-widget-wrap elementor-element-populated\">\n\t\t\t\t\t\t<div class=\"elementor-element elementor-element-b2482eb elementor-widget elementor-widget-spacer\" data-id=\"b2482eb\" data-element_type=\"widget\" data-e-type=\"widget\" data-widget_type=\"spacer.default\">\n\t\t\t\t<div class=\"elementor-widget-container\">\n\t\t\t\t\t\t\t<div class=\"elementor-spacer\">\n\t\t\t<div class=\"elementor-spacer-inner\"><\/div>\n\t\t<\/div>\n\t\t\t\t\t\t<\/div>\n\t\t\t\t<\/div>\n\t\t\t\t\t<\/div>\n\t\t<\/div>\n\t\t\t\t\t<\/div>\n\t\t<\/section>\n\t\t\t\t<section class=\"elementor-section elementor-top-section elementor-element elementor-element-18d41fd elementor-section-boxed elementor-section-height-default elementor-section-height-default\" data-id=\"18d41fd\" data-element_type=\"section\" data-e-type=\"section\">\n\t\t\t\t\t\t<div class=\"elementor-container elementor-column-gap-default\">\n\t\t\t\t\t<div class=\"elementor-column elementor-col-50 elementor-top-column elementor-element elementor-element-4346685\" data-id=\"4346685\" data-element_type=\"column\" data-e-type=\"column\">\n\t\t\t<div class=\"elementor-widget-wrap\">\n\t\t\t\t\t\t\t<\/div>\n\t\t<\/div>\n\t\t\t\t<div class=\"elementor-column elementor-col-50 elementor-top-column elementor-element elementor-element-788cd01\" data-id=\"788cd01\" data-element_type=\"column\" data-e-type=\"column\">\n\t\t\t<div class=\"elementor-widget-wrap elementor-element-populated\">\n\t\t\t\t\t\t<div class=\"elementor-element elementor-element-ce4ed3d elementor-widget elementor-widget-heading\" data-id=\"ce4ed3d\" data-element_type=\"widget\" data-e-type=\"widget\" data-widget_type=\"heading.default\">\n\t\t\t\t<div class=\"elementor-widget-container\">\n\t\t\t\t\t<h2 class=\"elementor-heading-title elementor-size-default\">Master<br>Sommersemester 2024<\/h2>\t\t\t\t<\/div>\n\t\t\t\t<\/div>\n\t\t\t\t\t<\/div>\n\t\t<\/div>\n\t\t\t\t\t<\/div>\n\t\t<\/section>\n\t\t\t\t<section class=\"elementor-section elementor-top-section elementor-element elementor-element-cd8ae03 elementor-section-boxed elementor-section-height-default elementor-section-height-default\" data-id=\"cd8ae03\" data-element_type=\"section\" data-e-type=\"section\">\n\t\t\t\t\t\t<div class=\"elementor-container elementor-column-gap-default\">\n\t\t\t\t\t<div class=\"elementor-column elementor-col-50 elementor-top-column elementor-element elementor-element-ed698aa\" data-id=\"ed698aa\" data-element_type=\"column\" data-e-type=\"column\">\n\t\t\t<div class=\"elementor-widget-wrap elementor-element-populated\">\n\t\t\t\t\t\t<div class=\"elementor-element elementor-element-81917b0 elementor-widget elementor-widget-heading\" data-id=\"81917b0\" data-element_type=\"widget\" data-e-type=\"widget\" data-widget_type=\"heading.default\">\n\t\t\t\t<div class=\"elementor-widget-container\">\n\t\t\t\t\t<h2 class=\"elementor-heading-title elementor-size-default\">KUNST IN ECHT - Tagesexkursionen<\/h2>\t\t\t\t<\/div>\n\t\t\t\t<\/div>\n\t\t\t\t\t<\/div>\n\t\t<\/div>\n\t\t\t\t<div class=\"elementor-column elementor-col-50 elementor-top-column elementor-element elementor-element-c56fe47\" data-id=\"c56fe47\" data-element_type=\"column\" data-e-type=\"column\">\n\t\t\t<div class=\"elementor-widget-wrap\">\n\t\t\t\t\t\t\t<\/div>\n\t\t<\/div>\n\t\t\t\t\t<\/div>\n\t\t<\/section>\n\t\t\t\t<section class=\"elementor-section elementor-top-section elementor-element elementor-element-1041d96 elementor-section-boxed elementor-section-height-default elementor-section-height-default\" data-id=\"1041d96\" data-element_type=\"section\" data-e-type=\"section\">\n\t\t\t\t\t\t<div class=\"elementor-container elementor-column-gap-default\">\n\t\t\t\t\t<div class=\"elementor-column elementor-col-50 elementor-top-column elementor-element elementor-element-eb8fd50\" data-id=\"eb8fd50\" data-element_type=\"column\" data-e-type=\"column\">\n\t\t\t<div class=\"elementor-widget-wrap elementor-element-populated\">\n\t\t\t\t\t\t<div class=\"elementor-element elementor-element-210b8bc elementor-widget elementor-widget-image\" data-id=\"210b8bc\" data-element_type=\"widget\" data-e-type=\"widget\" data-widget_type=\"image.default\">\n\t\t\t\t<div class=\"elementor-widget-container\">\n\t\t\t\t\t\t\t\t\t\t\t\t\t\t\t<img decoding=\"async\" width=\"595\" height=\"842\" src=\"https:\/\/gestaltung.architektur.uni-siegen.de\/wp-content\/uploads\/2024\/03\/Plakat-Tagesexkursionen_SS_2024-1.jpg\" class=\"attachment-large size-large wp-image-10094\" alt=\"\" srcset=\"https:\/\/gestaltung.architektur.uni-siegen.de\/wp-content\/uploads\/2024\/03\/Plakat-Tagesexkursionen_SS_2024-1.jpg 595w, https:\/\/gestaltung.architektur.uni-siegen.de\/wp-content\/uploads\/2024\/03\/Plakat-Tagesexkursionen_SS_2024-1-212x300.jpg 212w\" sizes=\"(max-width: 595px) 100vw, 595px\" \/>\t\t\t\t\t\t\t\t\t\t\t\t\t\t\t<\/div>\n\t\t\t\t<\/div>\n\t\t\t\t\t<\/div>\n\t\t<\/div>\n\t\t\t\t<div class=\"elementor-column elementor-col-50 elementor-top-column elementor-element elementor-element-3f80941\" data-id=\"3f80941\" data-element_type=\"column\" data-e-type=\"column\">\n\t\t\t<div class=\"elementor-widget-wrap elementor-element-populated\">\n\t\t\t\t\t\t<div class=\"elementor-element elementor-element-e6b531c elementor-widget elementor-widget-text-editor\" data-id=\"e6b531c\" data-element_type=\"widget\" data-e-type=\"widget\" data-widget_type=\"text-editor.default\">\n\t\t\t\t<div class=\"elementor-widget-container\">\n\t\t\t\t\t\t\t\t\t<div data-id=\"298b2b74\" data-element_type=\"column\"><div><div data-id=\"1f866337\" data-element_type=\"widget\" data-widget_type=\"text-editor.default\"><div><p>Nordrhein-Westfalen verf\u00fcgt \u00fcber eine dichte und sehr hochkar\u00e4tige Museumslandschaft. Das Lehrgebiet Gestaltung &amp; Gestaltungstheorie nimmt diesen Umstand einmal mehr zum Anlass, \u00fcber das Sommersemester hinweg eine Reihe von Tagesexkursionen zu ausgesuchten und leicht erreichbaren Museen und Ausstellungen anzubieten. Das Angebot richtet sich an Studierende des Bachelor- wie des Masterstudienganges. Die Zielorte sowie die Anzahl der Exkursionen sind frei w\u00e4hlbar. Studierende des Bachelors k\u00f6nnen sich die Exkursionstage anrechnen lassen.<\/p><p>Die Exkursionen werden organisiert und begleitet von Nikola Ukic, wissenschaftlicher Mitarbeiter des Lehrgebiets. Er f\u00fchrt vor Ort allgemein in die Ausstellungen ein. Zudem werden ausgesuchte k\u00fcnstlerische Arbeiten im Detail diskutiert. Eine besondere Aufmerksamkeit gilt der zeitgen\u00f6ssischen wie der modernen Skulptur. Zudem bieten die Exkursionen die Gelegenheit, sehr unterschiedliche Museumsbauten kennenzulernen.<\/p><p><b>Die Teilnehmerzahl pro Exkursion ist auf max. 20 Studierende begrenzt. Anmeldungen ausschlie\u00dflich \u00fcber unisono. Anmeldeschluss jeweils eine Woche vor Exkursionsbeginn (Donnerstagabend). Sollte es mehr als 20 Interessenten geben, entscheidet das Los. \u00dcber den Ausgang des Losverfahrens wird am Freitagmorgen in der Woche vor Exkursionsbeginn informiert. <br \/><\/b><\/p><\/div><\/div><\/div><\/div><p>Mehr Informationen auf unserer <a href=\"https:\/\/web3.webhosting.zimt.uni-siegen.de\/gestaltung\/index.php\/exkursionen-sommersemester-2024\/\">Projektseite<\/a>.<\/p>\t\t\t\t\t\t\t\t<\/div>\n\t\t\t\t<\/div>\n\t\t\t\t\t<\/div>\n\t\t<\/div>\n\t\t\t\t\t<\/div>\n\t\t<\/section>\n\t\t\t\t<\/div>\n\t\t","protected":false},"excerpt":{"rendered":"<p>Master Sommersemester 2024 Shape of You \u00a9 Nikola Ukic Das Seminar &#8220; Shape of You \u201c untersucht die k\u00fcnstlerischen Prozesse, die mit der Darstellung des menschlichen K\u00f6rpers in der Bildhauerei verbunden sind.Von antiken Vorstellungen bis zu modernen Ausdrucksformen haben K\u00fcnstler die Vielfalt des menschlichen K\u00f6rpers als Gestaltungselement genutzt. Im Laufe der Kunstgeschichte haben sich jedoch [&hellip;]<\/p>\n","protected":false},"author":6,"featured_media":0,"parent":0,"menu_order":0,"comment_status":"closed","ping_status":"closed","template":"","meta":{"footnotes":""},"class_list":["post-9596","page","type-page","status-publish","hentry","entry"],"_links":{"self":[{"href":"https:\/\/gestaltung.architektur.uni-siegen.de\/index.php\/wp-json\/wp\/v2\/pages\/9596","targetHints":{"allow":["GET"]}}],"collection":[{"href":"https:\/\/gestaltung.architektur.uni-siegen.de\/index.php\/wp-json\/wp\/v2\/pages"}],"about":[{"href":"https:\/\/gestaltung.architektur.uni-siegen.de\/index.php\/wp-json\/wp\/v2\/types\/page"}],"author":[{"embeddable":true,"href":"https:\/\/gestaltung.architektur.uni-siegen.de\/index.php\/wp-json\/wp\/v2\/users\/6"}],"replies":[{"embeddable":true,"href":"https:\/\/gestaltung.architektur.uni-siegen.de\/index.php\/wp-json\/wp\/v2\/comments?post=9596"}],"version-history":[{"count":0,"href":"https:\/\/gestaltung.architektur.uni-siegen.de\/index.php\/wp-json\/wp\/v2\/pages\/9596\/revisions"}],"wp:attachment":[{"href":"https:\/\/gestaltung.architektur.uni-siegen.de\/index.php\/wp-json\/wp\/v2\/media?parent=9596"}],"curies":[{"name":"wp","href":"https:\/\/api.w.org\/{rel}","templated":true}]}}