{"id":9661,"date":"2024-03-04T16:32:29","date_gmt":"2024-03-04T15:32:29","guid":{"rendered":"https:\/\/gestaltung.architektur.uni-siegen.de\/?page_id=9661"},"modified":"2025-08-28T12:06:16","modified_gmt":"2025-08-28T10:06:16","slug":"archiv_ma_symposium_24","status":"publish","type":"page","link":"https:\/\/gestaltung.architektur.uni-siegen.de\/index.php\/archiv_ma_symposium_24\/","title":{"rendered":"ARCHIV_MA_SYMPOSIUM_24"},"content":{"rendered":"\t\t<div data-elementor-type=\"wp-page\" data-elementor-id=\"9661\" class=\"elementor elementor-9661\">\n\t\t\t\t\t\t<section class=\"elementor-section elementor-top-section elementor-element elementor-element-ac770cc elementor-section-boxed elementor-section-height-default elementor-section-height-default\" data-id=\"ac770cc\" data-element_type=\"section\" data-e-type=\"section\">\n\t\t\t\t\t\t<div class=\"elementor-container elementor-column-gap-default\">\n\t\t\t\t\t<div class=\"elementor-column elementor-col-50 elementor-top-column elementor-element elementor-element-a9aa4f2\" data-id=\"a9aa4f2\" data-element_type=\"column\" data-e-type=\"column\">\n\t\t\t<div class=\"elementor-widget-wrap\">\n\t\t\t\t\t\t\t<\/div>\n\t\t<\/div>\n\t\t\t\t<div class=\"elementor-column elementor-col-50 elementor-top-column elementor-element elementor-element-d95d67a\" data-id=\"d95d67a\" data-element_type=\"column\" data-e-type=\"column\">\n\t\t\t<div class=\"elementor-widget-wrap elementor-element-populated\">\n\t\t\t\t\t\t<div class=\"elementor-element elementor-element-d5bc014 elementor-widget elementor-widget-heading\" data-id=\"d5bc014\" data-element_type=\"widget\" data-e-type=\"widget\" data-widget_type=\"heading.default\">\n\t\t\t\t<div class=\"elementor-widget-container\">\n\t\t\t\t\t<h2 class=\"elementor-heading-title elementor-size-default\">... ohne Vorbild? Mastersymposium Architektur<br><\/h2>\t\t\t\t<\/div>\n\t\t\t\t<\/div>\n\t\t\t\t\t<\/div>\n\t\t<\/div>\n\t\t\t\t\t<\/div>\n\t\t<\/section>\n\t\t\t\t<section class=\"elementor-section elementor-top-section elementor-element elementor-element-a3fa10f elementor-section-boxed elementor-section-height-default elementor-section-height-default\" data-id=\"a3fa10f\" data-element_type=\"section\" data-e-type=\"section\">\n\t\t\t\t\t\t<div class=\"elementor-container elementor-column-gap-default\">\n\t\t\t\t\t<div class=\"elementor-column elementor-col-50 elementor-top-column elementor-element elementor-element-eca446b\" data-id=\"eca446b\" data-element_type=\"column\" data-e-type=\"column\">\n\t\t\t<div class=\"elementor-widget-wrap elementor-element-populated\">\n\t\t\t\t\t\t<div class=\"elementor-element elementor-element-cec7ffb elementor-widget elementor-widget-image\" data-id=\"cec7ffb\" data-element_type=\"widget\" data-e-type=\"widget\" data-widget_type=\"image.default\">\n\t\t\t\t<div class=\"elementor-widget-container\">\n\t\t\t\t\t\t\t\t\t\t\t\t\t\t\t<img fetchpriority=\"high\" decoding=\"async\" width=\"723\" height=\"1024\" src=\"https:\/\/gestaltung.architektur.uni-siegen.de\/wp-content\/uploads\/2024\/03\/Plakat-723x1024.png\" class=\"attachment-large size-large wp-image-9765\" alt=\"\" srcset=\"https:\/\/gestaltung.architektur.uni-siegen.de\/wp-content\/uploads\/2024\/03\/Plakat-723x1024.png 723w, https:\/\/gestaltung.architektur.uni-siegen.de\/wp-content\/uploads\/2024\/03\/Plakat-212x300.png 212w, https:\/\/gestaltung.architektur.uni-siegen.de\/wp-content\/uploads\/2024\/03\/Plakat-768x1088.png 768w, https:\/\/gestaltung.architektur.uni-siegen.de\/wp-content\/uploads\/2024\/03\/Plakat-1084x1536.png 1084w, https:\/\/gestaltung.architektur.uni-siegen.de\/wp-content\/uploads\/2024\/03\/Plakat.png 1307w\" sizes=\"(max-width: 723px) 100vw, 723px\" \/>\t\t\t\t\t\t\t\t\t\t\t\t\t\t\t<\/div>\n\t\t\t\t<\/div>\n\t\t\t\t\t<\/div>\n\t\t<\/div>\n\t\t\t\t<div class=\"elementor-column elementor-col-50 elementor-top-column elementor-element elementor-element-a78720d\" data-id=\"a78720d\" data-element_type=\"column\" data-e-type=\"column\">\n\t\t\t<div class=\"elementor-widget-wrap elementor-element-populated\">\n\t\t\t\t\t\t<div class=\"elementor-element elementor-element-348f58f elementor-widget__width-initial elementor-widget elementor-widget-text-editor\" data-id=\"348f58f\" data-element_type=\"widget\" data-e-type=\"widget\" data-widget_type=\"text-editor.default\">\n\t\t\t\t<div class=\"elementor-widget-container\">\n\t\t\t\t\t\t\t\t\t<p>Der Anspruch ist heute vielfach originell und individuell zu arbeiten, eine eigene Handschrift zu entwickeln, Ausdrucksformen zu finden, die sich aus der konkreten Bauaufgabe herleiten, und zeitgem\u00e4\u00df, aber nicht \u201emodisch\u201c zu bauen. \u2013 Haben Vorbilder hier \u00fcberhaupt (noch) einen Platz und wenn ja, um was f\u00fcr Vorbilder handelt es sich: gro\u00dfe \u201eMeister\u201c und prominente B\u00fcros, kanonische Werke der Architekturgeschichte oder bestimmte Entwurfsstrategien?<\/p>\n<p>Department Architektur<br>Fakult\u00e4t II Bildung \u00b7 Architektur \u00b7 K\u00fcnste<br>Universit\u00e4t Siegen<br>Paul-Bonatz-Str. 9-11<br>57068 Siegen<\/p>\n<p>Freitag, 3. Mai 2024<br>Raum: PB-A 119<\/p>\n<p>Programm:<\/p>\n<p>09:00 &#8211; 09:15 Uhr Begr\u00fc\u00dfung: Thorsten Erl, Prodekan f\u00fcr K\u00fcnstlerische F\u00e4cher, R\u00e4ume und Digitales der Fakult\u00e4t II<br>09:15 &#8211; 10:15 Uhr Einf\u00fchrung: Petra Lohmann &amp; Eva v. Engelberg<br>10:15 &#8211; 10:30 Uhr Kaffeepause<br>10:30 &#8211; 12:00 Uhr Vorbilder &#8211; p\u00e4dagogische Perspektiven: Andr\u00e9 Sch\u00fctte &amp; J\u00fcrgen Nielsen-Sikora<br>12:00 &#8211; 13:00 Uhr Mittagspause<br>13:00 &#8211; 14:30 Uhr Vorbilder in der Kunstpraxis: Tobias Becker &amp; Nikolaus Bienefeld<br>14:30 &#8211; 15:00 Uhr Kaffeepause<br>15:00 &#8211; 15:45 Uhr Umfrageergebnisse &#8222;&#8230; ohne Vorbild?&#8220;: Isabell Eberling &amp; Lilian Kraft<br>15:45 &#8211; 16:00 Uhr Zusammenfassung &amp; Ausklang<\/p>\n<p>Moderation: Nieves de la Fuente<\/p>\n<p>Die Teilnahme ist kostenlos. Wir bitten um Anmeldung bei Sarah Reineck (Sarah.Reineck@uni-siegen.de) bis zum 29. April 2024.<\/p>\n<p><i>Besucher*innen, die zur Aner\u00adkennung des Symposiums als Fortbildungsveranstaltung der Architektenkammer NRW eine Teilnahmebescheinigung ben\u00f6tigen, m\u00fcssen am Veranstaltungstag vor Ort an der Tageskasse eine Bearbeitungsgeb\u00fchr von 40 \u20ac entrichten. Bitte den Wunsch nach einer Teilnahmebescheinigung bei der Anmeldung angeben.<\/i><\/p>\n<p>Veranstalter*innen: <\/p>\n<p>Prof. Tobias Becker, Wiss. Mitarbeiterin Nieves de la Fuente, Gestaltung &amp; Gestaltungstheorie <br>Prof. Dr. Eva v. Engelberg, Wiss. Mitarbeiterinnen Lilian Kraft &amp; Isabell Eberling, Architekturgeschichte<br>Prof. Dr. Petra Lohmann, Architekturtheorie &amp; -philosophie<\/p>\t\t\t\t\t\t\t\t<\/div>\n\t\t\t\t<\/div>\n\t\t\t\t\t<\/div>\n\t\t<\/div>\n\t\t\t\t\t<\/div>\n\t\t<\/section>\n\t\t\t\t<\/div>\n\t\t","protected":false},"excerpt":{"rendered":"<p>&#8230; ohne Vorbild? Mastersymposium Architektur Der Anspruch ist heute vielfach originell und individuell zu arbeiten, eine eigene Handschrift zu entwickeln, Ausdrucksformen zu finden, die sich aus der konkreten Bauaufgabe herleiten, und zeitgem\u00e4\u00df, aber nicht \u201emodisch\u201c zu bauen. \u2013 Haben Vorbilder hier \u00fcberhaupt (noch) einen Platz und wenn ja, um was f\u00fcr Vorbilder handelt es sich: [&hellip;]<\/p>\n","protected":false},"author":6,"featured_media":0,"parent":0,"menu_order":0,"comment_status":"closed","ping_status":"closed","template":"","meta":{"footnotes":""},"class_list":["post-9661","page","type-page","status-publish","hentry","entry"],"_links":{"self":[{"href":"https:\/\/gestaltung.architektur.uni-siegen.de\/index.php\/wp-json\/wp\/v2\/pages\/9661","targetHints":{"allow":["GET"]}}],"collection":[{"href":"https:\/\/gestaltung.architektur.uni-siegen.de\/index.php\/wp-json\/wp\/v2\/pages"}],"about":[{"href":"https:\/\/gestaltung.architektur.uni-siegen.de\/index.php\/wp-json\/wp\/v2\/types\/page"}],"author":[{"embeddable":true,"href":"https:\/\/gestaltung.architektur.uni-siegen.de\/index.php\/wp-json\/wp\/v2\/users\/6"}],"replies":[{"embeddable":true,"href":"https:\/\/gestaltung.architektur.uni-siegen.de\/index.php\/wp-json\/wp\/v2\/comments?post=9661"}],"version-history":[{"count":0,"href":"https:\/\/gestaltung.architektur.uni-siegen.de\/index.php\/wp-json\/wp\/v2\/pages\/9661\/revisions"}],"wp:attachment":[{"href":"https:\/\/gestaltung.architektur.uni-siegen.de\/index.php\/wp-json\/wp\/v2\/media?parent=9661"}],"curies":[{"name":"wp","href":"https:\/\/api.w.org\/{rel}","templated":true}]}}